{"id":39076,"date":"2024-06-13T14:50:51","date_gmt":"2024-06-13T14:50:51","guid":{"rendered":"https:\/\/www.customywear.com\/?post_type=product&#038;p=39076"},"modified":"2026-05-07T15:29:44","modified_gmt":"2026-05-07T15:29:44","slug":"individuelles-fitnessshirt-fur-jungen-individuelles-fashion-t-shirt","status":"publish","type":"product","link":"https:\/\/www.customywear.com\/de\/custom-gym-shirt-for-boys-custom-fashion-tee\/","title":{"rendered":"Benutzerdefinierte Turnhalle T-Shirt f\u00fcr Jungen \u2013 Benutzerdefinierte Mode tee"},"content":{"rendered":"<p>Individuelles Sportshirt f\u00fcr Jungen: Unser individuelles Sportshirt f\u00fcr Jungen vereint Komfort und Stil und ist speziell auf junge Sportler zugeschnitten. Aus weichem, strapazierf\u00e4higem Stoff gefertigt, sorgt dieses Shirt f\u00fcr Bewegungsfreiheit beim aktiven Spielen. Mit lebendigen Designs und hochwertigem Druck wird jedes Shirt mit digitaler Kunst basierend auf Ihren ausgew\u00e4hlten Fotos personalisiert und ist somit eine einzigartige Erg\u00e4nzung f\u00fcr die Garderobe jedes jungen Sportbegeisterten.<\/p>","protected":false},"excerpt":{"rendered":"<p>Bauen Sie Vertrauen mit benutzerdefinierten Fitness-Shirts f\u00fcr Jungen auf. Custom Fashion T-Shirts verwandeln jedes Foto in ein mutiges, sportliches T-Shirt.<\/p>","protected":false},"featured_media":95733,"comment_status":"open","ping_status":"closed","template":"","meta":{"_acf_changed":false},"product_brand":[],"product_cat":[6189,6149,6412,6428],"product_tag":[6433,6439,6221,6330],"class_list":{"0":"post-39076","1":"product","2":"type-product","3":"status-publish","4":"has-post-thumbnail","6":"product_cat-boys-t-shirts","7":"product_cat-custom-gifts-ai-bodybuilder","8":"product_cat-photo-to-tees","9":"product_cat-translate-products","10":"product_tag-ai-artwork","11":"product_tag-ai-kids-artwork","12":"product_tag-custom-t-shirts-near-me","13":"product_tag-photo-print-t-shirt-for-boys","15":"first","16":"instock","17":"taxable","18":"shipping-taxable","19":"purchasable","20":"product-type-simple"},"acf":[],"wcpa_form_fields":null,"_links":{"self":[{"href":"https:\/\/www.customywear.com\/de\/wp-json\/wp\/v2\/product\/39076","targetHints":{"allow":["GET"]}}],"collection":[{"href":"https:\/\/www.customywear.com\/de\/wp-json\/wp\/v2\/product"}],"about":[{"href":"https:\/\/www.customywear.com\/de\/wp-json\/wp\/v2\/types\/product"}],"replies":[{"embeddable":true,"href":"https:\/\/www.customywear.com\/de\/wp-json\/wp\/v2\/comments?post=39076"}],"wp:featuredmedia":[{"embeddable":true,"href":"https:\/\/www.customywear.com\/de\/wp-json\/wp\/v2\/media\/95733"}],"wp:attachment":[{"href":"https:\/\/www.customywear.com\/de\/wp-json\/wp\/v2\/media?parent=39076"}],"wp:term":[{"taxonomy":"product_brand","embeddable":true,"href":"https:\/\/www.customywear.com\/de\/wp-json\/wp\/v2\/product_brand?post=39076"},{"taxonomy":"product_cat","embeddable":true,"href":"https:\/\/www.customywear.com\/de\/wp-json\/wp\/v2\/product_cat?post=39076"},{"taxonomy":"product_tag","embeddable":true,"href":"https:\/\/www.customywear.com\/de\/wp-json\/wp\/v2\/product_tag?post=39076"}],"curies":[{"name":"wp","href":"https:\/\/api.w.org\/{rel}","templated":true}]}}