{"id":39479,"date":"2024-06-15T12:03:02","date_gmt":"2024-06-15T12:03:02","guid":{"rendered":"https:\/\/www.customywear.com\/?post_type=product&#038;p=39479"},"modified":"2026-05-05T20:24:06","modified_gmt":"2026-05-05T20:24:06","slug":"individuelles-superhelden-t-shirt-fur-manner","status":"publish","type":"product","link":"https:\/\/www.customywear.com\/de\/custom-superhero-t-shirt-for-men\/","title":{"rendered":"Benutzerdefinierte Superhelden-T-shirt f\u00fcr Herren \u2013 shirt Benutzerdefinierte Grafik"},"content":{"rendered":"<p>Individuelles Superhelden-T-Shirt f\u00fcr Herren: Verwandeln Sie Ihre Fotos mit unserem individuellen Superhelden-T-Shirt f\u00fcr Herren in einen einzigartigen Superhelden. Dieses hochwertige T-Shirt aus 100 % weicher Baumwolle ist strapazierf\u00e4hig und bequem \u2013 perfekt f\u00fcr den Alltag. Dank hochwertigem DTG-Druck ist jedes Design lebendig und langlebig und sorgt daf\u00fcr, dass Ihr personalisierter Superheld auff\u00e4llt. Ideal f\u00fcr Superhelden-Comic-Fans oder als liebevolles Geschenk \u2013 dieses T-Shirt vereint Stil mit pers\u00f6nlichem Flair.<\/p>","protected":false},"excerpt":{"rendered":"<p>Entfesseln Sie Heldentum mit kundenspezifischen Superhelden-T-Shirts f\u00fcr M\u00e4nner. Benutzerdefinierte Grafik-Shirts Verwandeln Sie jedes Foto in ein mutiges, einzigartiges T-Shirt.<\/p>","protected":false},"featured_media":126877,"comment_status":"open","ping_status":"closed","template":"","meta":{"_acf_changed":false},"product_brand":[],"product_cat":[6195,157,6150,186,6336,6412,515,6428],"product_tag":[6433,6327,6216,6168],"class_list":{"0":"post-39479","1":"product","2":"type-product","3":"status-publish","4":"has-post-thumbnail","6":"product_cat-t-shirts-men","7":"product_cat-best-sellers","8":"product_cat-custom-gifts-ai-superhero","9":"product_cat-men","10":"product_cat-mens-superhero-t-shirts","11":"product_cat-photo-to-tees","12":"product_cat-superhero","13":"product_cat-translate-products","14":"product_tag-ai-artwork","15":"product_tag-custom-photo-t-shirt-for-men","16":"product_tag-mens-custom-t-shirts","17":"product_tag-unique-superhero-tees","19":"first","20":"instock","21":"taxable","22":"shipping-taxable","23":"purchasable","24":"product-type-simple"},"acf":[],"wcpa_form_fields":null,"_links":{"self":[{"href":"https:\/\/www.customywear.com\/de\/wp-json\/wp\/v2\/product\/39479","targetHints":{"allow":["GET"]}}],"collection":[{"href":"https:\/\/www.customywear.com\/de\/wp-json\/wp\/v2\/product"}],"about":[{"href":"https:\/\/www.customywear.com\/de\/wp-json\/wp\/v2\/types\/product"}],"replies":[{"embeddable":true,"href":"https:\/\/www.customywear.com\/de\/wp-json\/wp\/v2\/comments?post=39479"}],"wp:featuredmedia":[{"embeddable":true,"href":"https:\/\/www.customywear.com\/de\/wp-json\/wp\/v2\/media\/126877"}],"wp:attachment":[{"href":"https:\/\/www.customywear.com\/de\/wp-json\/wp\/v2\/media?parent=39479"}],"wp:term":[{"taxonomy":"product_brand","embeddable":true,"href":"https:\/\/www.customywear.com\/de\/wp-json\/wp\/v2\/product_brand?post=39479"},{"taxonomy":"product_cat","embeddable":true,"href":"https:\/\/www.customywear.com\/de\/wp-json\/wp\/v2\/product_cat?post=39479"},{"taxonomy":"product_tag","embeddable":true,"href":"https:\/\/www.customywear.com\/de\/wp-json\/wp\/v2\/product_tag?post=39479"}],"curies":[{"name":"wp","href":"https:\/\/api.w.org\/{rel}","templated":true}]}}