{"id":40255,"date":"2024-06-26T08:56:52","date_gmt":"2024-06-26T08:56:52","guid":{"rendered":"https:\/\/www.customywear.com\/?post_type=product&#038;p=40255"},"modified":"2026-05-07T15:29:44","modified_gmt":"2026-05-07T15:29:44","slug":"benutzerdefinierte-kleinkind-superhelden-t-shirt","status":"publish","type":"product","link":"https:\/\/www.customywear.com\/de\/custom-toddler-superhero-t-shirt\/","title":{"rendered":"Individuelles T-Shirt f\u00fcr Kleinkinder \u2013 Foto zum Superhelden-T-Shirt"},"content":{"rendered":"<p>Individuelles T-Shirt f\u00fcr Kleinkinder \u2013 Vom Foto zum Superhelden: Verwandeln Sie die Spielzeit mit unserem individuellen T-Shirt f\u00fcr Kleinkinder \u2013 Vom Foto zum Superhelden! Dieses hochwertige Shirt aus weicher 100 % Baumwolle bietet Komfort und Strapazierf\u00e4higkeit f\u00fcr die Kleinen. Jedes T-Shirt zeigt ein Foto, das in ein Superhelden-Design verwandelt wurde. Der Druck erfolgt im hochwertigen DTG-Druckverfahren f\u00fcr lebendige und detailreiche Kunstwerke. Ob f\u00fcr Geburtstage oder allt\u00e4gliche Abenteuer \u2013 dieses T-Shirt vom Foto zum Superhelden weckt Fantasie und Freude.<\/p>","protected":false},"excerpt":{"rendered":"<p>Beginnen Sie fr\u00fch mit einem benutzerdefinierten T-Shirt f\u00fcr Kleinkinder. Foto-zu-Superhelden-T-Shirts verwandeln jedes Foto in ein personalisiertes, verspieltes T-Shirt.<\/p>","protected":false},"featured_media":134973,"comment_status":"open","ping_status":"closed","template":"","meta":{"_acf_changed":false},"product_brand":[],"product_cat":[6209,6152,6412,6428],"product_tag":[6433,6439,6221],"class_list":{"0":"post-40255","1":"product","2":"type-product","3":"status-publish","4":"has-post-thumbnail","6":"product_cat-toddler-boy-t-shirts","7":"product_cat-custom-gifts-batman","8":"product_cat-photo-to-tees","9":"product_cat-translate-products","10":"product_tag-ai-artwork","11":"product_tag-ai-kids-artwork","12":"product_tag-custom-t-shirts-near-me","14":"first","15":"instock","16":"taxable","17":"shipping-taxable","18":"purchasable","19":"product-type-simple"},"acf":[],"wcpa_form_fields":null,"_links":{"self":[{"href":"https:\/\/www.customywear.com\/de\/wp-json\/wp\/v2\/product\/40255","targetHints":{"allow":["GET"]}}],"collection":[{"href":"https:\/\/www.customywear.com\/de\/wp-json\/wp\/v2\/product"}],"about":[{"href":"https:\/\/www.customywear.com\/de\/wp-json\/wp\/v2\/types\/product"}],"replies":[{"embeddable":true,"href":"https:\/\/www.customywear.com\/de\/wp-json\/wp\/v2\/comments?post=40255"}],"wp:featuredmedia":[{"embeddable":true,"href":"https:\/\/www.customywear.com\/de\/wp-json\/wp\/v2\/media\/134973"}],"wp:attachment":[{"href":"https:\/\/www.customywear.com\/de\/wp-json\/wp\/v2\/media?parent=40255"}],"wp:term":[{"taxonomy":"product_brand","embeddable":true,"href":"https:\/\/www.customywear.com\/de\/wp-json\/wp\/v2\/product_brand?post=40255"},{"taxonomy":"product_cat","embeddable":true,"href":"https:\/\/www.customywear.com\/de\/wp-json\/wp\/v2\/product_cat?post=40255"},{"taxonomy":"product_tag","embeddable":true,"href":"https:\/\/www.customywear.com\/de\/wp-json\/wp\/v2\/product_tag?post=40255"}],"curies":[{"name":"wp","href":"https:\/\/api.w.org\/{rel}","templated":true}]}}