{"id":40399,"date":"2024-06-26T09:03:48","date_gmt":"2024-06-26T09:03:48","guid":{"rendered":"https:\/\/www.customywear.com\/?post_type=product&#038;p=40399"},"modified":"2026-05-05T20:24:06","modified_gmt":"2026-05-05T20:24:06","slug":"der-dunkle-ritter-superhelden-t-shirt","status":"publish","type":"product","link":"https:\/\/www.customywear.com\/de\/the-dark-knight-superhero-tee\/","title":{"rendered":"Die Dark Knight T-Shirt \u2013 Personalisierte Grafik Superhelden-Tee"},"content":{"rendered":"<p>The Dark Knight T-Shirt \u2013 Personalisiertes Superhelden-T-Shirt mit Grafik: Umarme die Dunkelheit mit dem The Dark Knight T-Shirt \u2013 Personalisiertes Superhelden-T-Shirt mit Grafik! Dieses hochwertige T-Shirt aus 100 % weicher Baumwolle bietet Komfort und Strapazierf\u00e4higkeit mit einer regul\u00e4ren Passform \u2013 perfekt f\u00fcr mysteri\u00f6se Kreuzritter. Jedes Shirt zeigt eine personalisierte Grafik eines Superhelden, sorgf\u00e4ltig entworfen und im hochwertigen DTG-Druckverfahren gedruckt. Ob Sie Selbstjustiz lieben oder einfach einen einzigartigen Stil lieben \u2013 dieses personalisierte Superhelden-T-Shirt mit Grafik setzt \u00fcberall ein klares Statement.<\/p>","protected":false},"excerpt":{"rendered":"<p>Umarme die Nacht mit dem Dark Knight T-Shirt. Personalisierte grafische Superhelden-T-Shirts verwandeln jedes Foto in ein mutiges, einzigartiges T-Shirt.<\/p>","protected":false},"featured_media":134985,"comment_status":"open","ping_status":"closed","template":"","meta":{"_acf_changed":false},"product_brand":[],"product_cat":[6195,157,6152,186,6336,6412,515,6428],"product_tag":[6433,6153,6327,6154,6155,6216,6168],"class_list":{"0":"post-40399","1":"product","2":"type-product","3":"status-publish","4":"has-post-thumbnail","6":"product_cat-t-shirts-men","7":"product_cat-best-sellers","8":"product_cat-custom-gifts-batman","9":"product_cat-men","10":"product_cat-mens-superhero-t-shirts","11":"product_cat-photo-to-tees","12":"product_cat-superhero","13":"product_cat-translate-products","14":"product_tag-ai-artwork","15":"product_tag-batman","16":"product_tag-custom-photo-t-shirt-for-men","17":"product_tag-dc-comic","18":"product_tag-marvel","19":"product_tag-mens-custom-t-shirts","20":"product_tag-unique-superhero-tees","22":"first","23":"instock","24":"taxable","25":"shipping-taxable","26":"purchasable","27":"product-type-simple"},"acf":[],"wcpa_form_fields":null,"_links":{"self":[{"href":"https:\/\/www.customywear.com\/de\/wp-json\/wp\/v2\/product\/40399","targetHints":{"allow":["GET"]}}],"collection":[{"href":"https:\/\/www.customywear.com\/de\/wp-json\/wp\/v2\/product"}],"about":[{"href":"https:\/\/www.customywear.com\/de\/wp-json\/wp\/v2\/types\/product"}],"replies":[{"embeddable":true,"href":"https:\/\/www.customywear.com\/de\/wp-json\/wp\/v2\/comments?post=40399"}],"wp:featuredmedia":[{"embeddable":true,"href":"https:\/\/www.customywear.com\/de\/wp-json\/wp\/v2\/media\/134985"}],"wp:attachment":[{"href":"https:\/\/www.customywear.com\/de\/wp-json\/wp\/v2\/media?parent=40399"}],"wp:term":[{"taxonomy":"product_brand","embeddable":true,"href":"https:\/\/www.customywear.com\/de\/wp-json\/wp\/v2\/product_brand?post=40399"},{"taxonomy":"product_cat","embeddable":true,"href":"https:\/\/www.customywear.com\/de\/wp-json\/wp\/v2\/product_cat?post=40399"},{"taxonomy":"product_tag","embeddable":true,"href":"https:\/\/www.customywear.com\/de\/wp-json\/wp\/v2\/product_tag?post=40399"}],"curies":[{"name":"wp","href":"https:\/\/api.w.org\/{rel}","templated":true}]}}