{"id":41241,"date":"2024-07-24T09:26:15","date_gmt":"2024-07-24T09:26:15","guid":{"rendered":"https:\/\/www.customywear.com\/?post_type=product&#038;p=41241"},"modified":"2026-05-07T15:29:43","modified_gmt":"2026-05-07T15:29:43","slug":"madchen-spinnen-superhelden-shirt","status":"publish","type":"product","link":"https:\/\/www.customywear.com\/de\/girls-spider-superhero-shirt\/","title":{"rendered":"Individuelles T-Shirt f\u00fcr M\u00e4dchen \u2013 Custom Art Spider Superhelden-Shirt"},"content":{"rendered":"<p>Individuelles T-Shirt f\u00fcr M\u00e4dchen \u2013 Spider-Superhelden-Shirt mit individueller Kunst: St\u00e4rken Sie Ihre kleine Superheldin mit unserem individuellen T-Shirt f\u00fcr M\u00e4dchen \u2013 Spider-Superhelden-Shirt mit individueller Kunst! Dieses personalisierte T-Shirt zeigt ein Superhelden-Design, inspiriert von ihrem Foto, gedruckt auf weicher 100 % Baumwolle mit hochwertiger DTG-Technologie. Die normale Passform und der Unisex-Stil bieten Komfort f\u00fcr den Alltag. Jedes Shirt ist einzigartig gestaltet und zeigt eine lebendige, individuelle Superhelden-Grafik, die sie hervorstechen l\u00e4sst.<\/p>","protected":false},"excerpt":{"rendered":"<p>Bef\u00e4higen Sie junge M\u00e4dchen mit einem benutzerdefinierten T-Shirt f\u00fcr M\u00e4dchen. Benutzerdefinierte Kunstspinne-Superhelden verwandeln jedes Foto in ein lustiges, einzigartiges T-Shirt.<\/p>","protected":false},"featured_media":135135,"comment_status":"open","ping_status":"closed","template":"","meta":{"_acf_changed":false},"product_brand":[],"product_cat":[6193,496,6151,152,6412,515,6428],"product_tag":[6433,6439,6331,6221],"class_list":{"0":"post-41241","1":"product","2":"type-product","3":"status-publish","4":"has-post-thumbnail","6":"product_cat-girls-t-shirts","7":"product_cat-birthday","8":"product_cat-custom-gifts-spiderman","9":"product_cat-girls","10":"product_cat-photo-to-tees","11":"product_cat-superhero","12":"product_cat-translate-products","13":"product_tag-ai-artwork","14":"product_tag-ai-kids-artwork","15":"product_tag-custom-picture-t-shirt-for-girls","16":"product_tag-custom-t-shirts-near-me","18":"first","19":"instock","20":"taxable","21":"shipping-taxable","22":"purchasable","23":"product-type-simple"},"acf":[],"wcpa_form_fields":null,"_links":{"self":[{"href":"https:\/\/www.customywear.com\/de\/wp-json\/wp\/v2\/product\/41241","targetHints":{"allow":["GET"]}}],"collection":[{"href":"https:\/\/www.customywear.com\/de\/wp-json\/wp\/v2\/product"}],"about":[{"href":"https:\/\/www.customywear.com\/de\/wp-json\/wp\/v2\/types\/product"}],"replies":[{"embeddable":true,"href":"https:\/\/www.customywear.com\/de\/wp-json\/wp\/v2\/comments?post=41241"}],"wp:featuredmedia":[{"embeddable":true,"href":"https:\/\/www.customywear.com\/de\/wp-json\/wp\/v2\/media\/135135"}],"wp:attachment":[{"href":"https:\/\/www.customywear.com\/de\/wp-json\/wp\/v2\/media?parent=41241"}],"wp:term":[{"taxonomy":"product_brand","embeddable":true,"href":"https:\/\/www.customywear.com\/de\/wp-json\/wp\/v2\/product_brand?post=41241"},{"taxonomy":"product_cat","embeddable":true,"href":"https:\/\/www.customywear.com\/de\/wp-json\/wp\/v2\/product_cat?post=41241"},{"taxonomy":"product_tag","embeddable":true,"href":"https:\/\/www.customywear.com\/de\/wp-json\/wp\/v2\/product_tag?post=41241"}],"curies":[{"name":"wp","href":"https:\/\/api.w.org\/{rel}","templated":true}]}}