{"id":42490,"date":"2024-09-11T15:27:47","date_gmt":"2024-09-11T15:27:47","guid":{"rendered":"https:\/\/www.customywear.com\/?post_type=product&#038;p=42490"},"modified":"2026-05-05T20:24:06","modified_gmt":"2026-05-05T20:24:06","slug":"gitarren-t-shirt-fur-manner","status":"publish","type":"product","link":"https:\/\/www.customywear.com\/de\/guitar-t-shirt-men\/","title":{"rendered":"Gitarre T-Shirt \u2013 Custom Guitar T-shirt f\u00fcr M\u00e4nner"},"content":{"rendered":"<p>Gitarren-T-Shirt \u2013 Veredeln Sie Ihren Stil mit unserem individuellen Gitarren-T-Shirt f\u00fcr Herren. Ihre Lieblingsfotos verwandeln sich in ein einzigartiges, tragbares Kunstwerk. Hergestellt aus 100 % weicher Baumwolle bietet dieses individuelle Gitarren-T-Shirt au\u00dfergew\u00f6hnlichen Tragekomfort und Premium-Qualit\u00e4t f\u00fcr Langlebigkeit. Die regul\u00e4re Passform macht es perfekt f\u00fcr den Alltag, w\u00e4hrend das Unisex-Design jedem steht. Genie\u00dfen Sie lebendige und langlebige Designs mit hochwertigem DTG-Druck und pr\u00e4sentieren Sie Ihre personalisierte digitale Kunst bei jedem Tragen.<\/p>","protected":false},"excerpt":{"rendered":"<p>Rocke mit einem Gitarren-T-Shirt aus. Benutzerdefinierte Gitarren-T-Shirts f\u00fcr M\u00e4nner verwandeln jedes Foto in ein mutiges, einzigartiges T-Shirt.<\/p>","protected":false},"featured_media":95462,"comment_status":"open","ping_status":"closed","template":"","meta":{"_acf_changed":false},"product_brand":[],"product_cat":[6195,6123,186,6340,1582,6412,6428],"product_tag":[6433,6327,6216,6219,6220],"class_list":{"0":"post-42490","1":"product","2":"type-product","3":"status-publish","4":"has-post-thumbnail","6":"product_cat-t-shirts-men","7":"product_cat-custom-gifts-ai-guitar","8":"product_cat-men","9":"product_cat-mens-music-t-shirts","10":"product_cat-music","11":"product_cat-photo-to-tees","12":"product_cat-translate-products","13":"product_tag-ai-artwork","14":"product_tag-custom-photo-t-shirt-for-men","15":"product_tag-mens-custom-t-shirts","16":"product_tag-order-custom-shirts","17":"product_tag-t-shirt-printing-near-me","19":"first","20":"instock","21":"taxable","22":"shipping-taxable","23":"purchasable","24":"product-type-simple"},"acf":[],"wcpa_form_fields":null,"_links":{"self":[{"href":"https:\/\/www.customywear.com\/de\/wp-json\/wp\/v2\/product\/42490","targetHints":{"allow":["GET"]}}],"collection":[{"href":"https:\/\/www.customywear.com\/de\/wp-json\/wp\/v2\/product"}],"about":[{"href":"https:\/\/www.customywear.com\/de\/wp-json\/wp\/v2\/types\/product"}],"replies":[{"embeddable":true,"href":"https:\/\/www.customywear.com\/de\/wp-json\/wp\/v2\/comments?post=42490"}],"wp:featuredmedia":[{"embeddable":true,"href":"https:\/\/www.customywear.com\/de\/wp-json\/wp\/v2\/media\/95462"}],"wp:attachment":[{"href":"https:\/\/www.customywear.com\/de\/wp-json\/wp\/v2\/media?parent=42490"}],"wp:term":[{"taxonomy":"product_brand","embeddable":true,"href":"https:\/\/www.customywear.com\/de\/wp-json\/wp\/v2\/product_brand?post=42490"},{"taxonomy":"product_cat","embeddable":true,"href":"https:\/\/www.customywear.com\/de\/wp-json\/wp\/v2\/product_cat?post=42490"},{"taxonomy":"product_tag","embeddable":true,"href":"https:\/\/www.customywear.com\/de\/wp-json\/wp\/v2\/product_tag?post=42490"}],"curies":[{"name":"wp","href":"https:\/\/api.w.org\/{rel}","templated":true}]}}