{"id":42542,"date":"2024-09-11T15:29:39","date_gmt":"2024-09-11T15:29:39","guid":{"rendered":"https:\/\/www.customywear.com\/?post_type=product&#038;p=42542"},"modified":"2026-05-07T15:29:43","modified_gmt":"2026-05-07T15:29:43","slug":"kleinkind-geburtstag-gitarre-t","status":"publish","type":"product","link":"https:\/\/www.customywear.com\/de\/toddler-birthday-guitar-tee\/","title":{"rendered":"T-Shirt Bassist \u2013 Kleinkind M\u00e4dchen Geburtstag Gitarre Tee"},"content":{"rendered":"<p>T-Shirt Bassist \u2013 Mach den Geburtstag deines Kleinkindes zu etwas ganz Besonderem mit unserem Geburtstags-Gitarren-T-Shirt f\u00fcr Kleinkinder. Es pr\u00e4sentiert ein einzigartiges Design, gestaltet nach deinen Fotos. Dieses T-Shirt Bassist besteht aus 100 % weicher Baumwolle f\u00fcr h\u00f6chsten Tragekomfort und ist dank Premium-Qualit\u00e4t langlebig. Mit seiner regul\u00e4ren Passform und dem Unisex-Design ist es ideal f\u00fcr den Alltag. Genie\u00dfe lebendige, langlebige Drucke mit hochwertigem DTG-Druck und individueller Digitalkunst.<\/p>","protected":false},"excerpt":{"rendered":"<p>Feiern Sie Musik mit einem T-Shirt Bassisten. Kleinkindm\u00e4dchen-Geburtstags-Gitarren-T-Shirts Verwandeln Sie jedes Foto in ein lustiges, einzigartiges T-Shirt.<\/p>","protected":false},"featured_media":95523,"comment_status":"open","ping_status":"closed","template":"","meta":{"_acf_changed":false},"product_brand":[],"product_cat":[6207,6123,6412,6428],"product_tag":[6433,6439,6221],"class_list":{"0":"post-42542","1":"product","2":"type-product","3":"status-publish","4":"has-post-thumbnail","6":"product_cat-toddler-girl-t-shirts","7":"product_cat-custom-gifts-ai-guitar","8":"product_cat-photo-to-tees","9":"product_cat-translate-products","10":"product_tag-ai-artwork","11":"product_tag-ai-kids-artwork","12":"product_tag-custom-t-shirts-near-me","14":"first","15":"instock","16":"taxable","17":"shipping-taxable","18":"purchasable","19":"product-type-simple"},"acf":[],"wcpa_form_fields":null,"_links":{"self":[{"href":"https:\/\/www.customywear.com\/de\/wp-json\/wp\/v2\/product\/42542","targetHints":{"allow":["GET"]}}],"collection":[{"href":"https:\/\/www.customywear.com\/de\/wp-json\/wp\/v2\/product"}],"about":[{"href":"https:\/\/www.customywear.com\/de\/wp-json\/wp\/v2\/types\/product"}],"replies":[{"embeddable":true,"href":"https:\/\/www.customywear.com\/de\/wp-json\/wp\/v2\/comments?post=42542"}],"wp:featuredmedia":[{"embeddable":true,"href":"https:\/\/www.customywear.com\/de\/wp-json\/wp\/v2\/media\/95523"}],"wp:attachment":[{"href":"https:\/\/www.customywear.com\/de\/wp-json\/wp\/v2\/media?parent=42542"}],"wp:term":[{"taxonomy":"product_brand","embeddable":true,"href":"https:\/\/www.customywear.com\/de\/wp-json\/wp\/v2\/product_brand?post=42542"},{"taxonomy":"product_cat","embeddable":true,"href":"https:\/\/www.customywear.com\/de\/wp-json\/wp\/v2\/product_cat?post=42542"},{"taxonomy":"product_tag","embeddable":true,"href":"https:\/\/www.customywear.com\/de\/wp-json\/wp\/v2\/product_tag?post=42542"}],"curies":[{"name":"wp","href":"https:\/\/api.w.org\/{rel}","templated":true}]}}