{"id":128721,"date":"2025-03-27T20:32:28","date_gmt":"2025-03-27T20:32:28","guid":{"rendered":"https:\/\/www.customywear.com\/?post_type=product&#038;p=128721"},"modified":"2026-05-07T15:29:41","modified_gmt":"2026-05-07T15:29:41","slug":"camiseta-de-golf-personalizada-para-ninas","status":"publish","type":"product","link":"https:\/\/www.customywear.com\/es\/custom-girls-golf-tshirt\/","title":{"rendered":"Personalizado de las Ni\u00f1as de Golf Camiseta- Personalizada Jugador de Golf, Dise\u00f1o de la Foto"},"content":{"rendered":"<p>Mejora el estilo de tu peque\u00f1a golfista con nuestra camiseta de golf personalizada, dise\u00f1ada exclusivamente para ni\u00f1as. Cada camiseta presenta un vibrante dise\u00f1o de arte digital personalizado, que transforma las fotos de tu hija en cautivadores personajes de golfistas, con el colorido fondo de un campo de golf. Hecha 100 % de algod\u00f3n premium, esta camiseta suave y duradera garantiza comodidad y exhibe un arte \u00fanico. Ideal para cumplea\u00f1os, Navidad o cualquier ocasi\u00f3n especial, esta camiseta es el regalo perfecto para las j\u00f3venes entusiastas del deporte que buscan expresar su pasi\u00f3n por el golf.<\/p>","protected":false},"excerpt":{"rendered":"<p>Inspira a las chicas j\u00f3venes con una camiseta personalizada de golf para ni\u00f1as. Los dise\u00f1os personalizados de jugadores de golf de las fotos transforman cualquier foto en una camiseta \u00fanica.<\/p>","protected":false},"featured_media":128955,"comment_status":"open","ping_status":"closed","template":"","meta":{"_acf_changed":false},"product_brand":[],"product_cat":[6193,6319,152,6412,6428,58],"product_tag":[6433,6439,6331,6221],"class_list":{"0":"post-128721","1":"product","2":"type-product","3":"status-publish","4":"has-post-thumbnail","6":"product_cat-girls-t-shirts","7":"product_cat-custom-gifts-ai-golf","8":"product_cat-girls","9":"product_cat-photo-to-tees","10":"product_cat-translate-products","11":"product_cat-youth-kids","12":"product_tag-ai-artwork","13":"product_tag-ai-kids-artwork","14":"product_tag-custom-picture-t-shirt-for-girls","15":"product_tag-custom-t-shirts-near-me","17":"first","18":"instock","19":"taxable","20":"shipping-taxable","21":"purchasable","22":"product-type-simple"},"acf":[],"wcpa_form_fields":null,"_links":{"self":[{"href":"https:\/\/www.customywear.com\/es\/wp-json\/wp\/v2\/product\/128721","targetHints":{"allow":["GET"]}}],"collection":[{"href":"https:\/\/www.customywear.com\/es\/wp-json\/wp\/v2\/product"}],"about":[{"href":"https:\/\/www.customywear.com\/es\/wp-json\/wp\/v2\/types\/product"}],"replies":[{"embeddable":true,"href":"https:\/\/www.customywear.com\/es\/wp-json\/wp\/v2\/comments?post=128721"}],"wp:featuredmedia":[{"embeddable":true,"href":"https:\/\/www.customywear.com\/es\/wp-json\/wp\/v2\/media\/128955"}],"wp:attachment":[{"href":"https:\/\/www.customywear.com\/es\/wp-json\/wp\/v2\/media?parent=128721"}],"wp:term":[{"taxonomy":"product_brand","embeddable":true,"href":"https:\/\/www.customywear.com\/es\/wp-json\/wp\/v2\/product_brand?post=128721"},{"taxonomy":"product_cat","embeddable":true,"href":"https:\/\/www.customywear.com\/es\/wp-json\/wp\/v2\/product_cat?post=128721"},{"taxonomy":"product_tag","embeddable":true,"href":"https:\/\/www.customywear.com\/es\/wp-json\/wp\/v2\/product_tag?post=128721"}],"curies":[{"name":"wp","href":"https:\/\/api.w.org\/{rel}","templated":true}]}}