{"id":128802,"date":"2025-03-27T20:32:29","date_gmt":"2025-03-27T20:32:29","guid":{"rendered":"https:\/\/www.customywear.com\/?post_type=product&#038;p=128802"},"modified":"2026-05-05T20:23:26","modified_gmt":"2026-05-05T20:23:26","slug":"camiseta-de-golf-personalizada-para-mujer","status":"publish","type":"product","link":"https:\/\/www.customywear.com\/es\/custom-golf-tshirt-women-personalized\/","title":{"rendered":"Personalizado de Golf de T-Shirt para las Mujeres \u2013 Foto Personalizada de Arte, 100% Algod\u00f3n Camiseta de Deportes de"},"content":{"rendered":"<p>Mejora tu experiencia de golf con nuestra camiseta personalizada para mujer. Convertimos tu foto favorita en un personaje vibrante y art\u00edstico, con un colorido campo de golf como fondo. Hecha 100 % de algod\u00f3n suave, esta camiseta de primera calidad es duradera y c\u00f3moda, perfecta para los amantes del deporte. La impresi\u00f3n directa a prenda (DTG) de alta calidad garantiza que tu dise\u00f1o personalizado sea vibrante y duradero. Ya sea para un cumplea\u00f1os, Navidad o una boda, esta camiseta \u00fanica es un regalo ideal para amantes y jugadores de golf, a\u00f1adiendo un toque personal a cualquier ocasi\u00f3n.<\/p>","protected":false},"excerpt":{"rendered":"<p>Swing con estilo con una camiseta de golf personalizada para mujer. Arte fotogr\u00e1fico personalizado en camisetas deportivas 100% algod\u00f3n convierte cualquier foto en una camiseta deportiva y \u00fanica.<\/p>","protected":false},"featured_media":128882,"comment_status":"open","ping_status":"closed","template":"","meta":{"_acf_changed":false},"product_brand":[],"product_cat":[6191,6319,6412,6428,75,6352],"product_tag":[6214,6433,6328,229,6215],"class_list":{"0":"post-128802","1":"product","2":"type-product","3":"status-publish","4":"has-post-thumbnail","6":"product_cat-t-shirts-women","7":"product_cat-custom-gifts-ai-golf","8":"product_cat-photo-to-tees","9":"product_cat-translate-products","10":"product_cat-women","11":"product_cat-womens-sports-t-shirts","12":"product_tag-affordable-custom-t-shirts","13":"product_tag-ai-artwork","14":"product_tag-custom-image-t-shirt-for-women","15":"product_tag-custom-tee-shirts","16":"product_tag-screen-printing-near-me","18":"first","19":"instock","20":"taxable","21":"shipping-taxable","22":"purchasable","23":"product-type-simple"},"acf":[],"wcpa_form_fields":null,"_links":{"self":[{"href":"https:\/\/www.customywear.com\/es\/wp-json\/wp\/v2\/product\/128802","targetHints":{"allow":["GET"]}}],"collection":[{"href":"https:\/\/www.customywear.com\/es\/wp-json\/wp\/v2\/product"}],"about":[{"href":"https:\/\/www.customywear.com\/es\/wp-json\/wp\/v2\/types\/product"}],"replies":[{"embeddable":true,"href":"https:\/\/www.customywear.com\/es\/wp-json\/wp\/v2\/comments?post=128802"}],"wp:featuredmedia":[{"embeddable":true,"href":"https:\/\/www.customywear.com\/es\/wp-json\/wp\/v2\/media\/128882"}],"wp:attachment":[{"href":"https:\/\/www.customywear.com\/es\/wp-json\/wp\/v2\/media?parent=128802"}],"wp:term":[{"taxonomy":"product_brand","embeddable":true,"href":"https:\/\/www.customywear.com\/es\/wp-json\/wp\/v2\/product_brand?post=128802"},{"taxonomy":"product_cat","embeddable":true,"href":"https:\/\/www.customywear.com\/es\/wp-json\/wp\/v2\/product_cat?post=128802"},{"taxonomy":"product_tag","embeddable":true,"href":"https:\/\/www.customywear.com\/es\/wp-json\/wp\/v2\/product_tag?post=128802"}],"curies":[{"name":"wp","href":"https:\/\/api.w.org\/{rel}","templated":true}]}}