{"id":129706,"date":"2025-04-11T12:47:15","date_gmt":"2025-04-11T12:47:15","guid":{"rendered":"https:\/\/www.customywear.com\/?post_type=product&#038;p=129706"},"modified":"2026-05-05T20:24:06","modified_gmt":"2026-05-05T20:24:06","slug":"camiseta-con-foto-militar-personalizada-para-hombre","status":"publish","type":"product","link":"https:\/\/www.customywear.com\/es\/custom-military-photo-t-shirt-men\/","title":{"rendered":"Camiseta con foto militar personalizada para hombre: regalo personalizado para soldados y veteranos, camiseta con ilustraciones \u00fanicas de tem\u00e1tica militar."},"content":{"rendered":"<p>Celebra el orgullo militar con nuestra camiseta personalizada con foto militar para hombre, el regalo perfecto para soldados, veteranos y amantes de lo militar. Simplemente sube una foto y la convertiremos en una impresionante ilustraci\u00f3n de un personaje militar ambientada en un campo de batalla realista. Confeccionada en suave algod\u00f3n 100 % e impresa con t\u00e9cnicas DTG de alta calidad, esta camiseta ofrece comodidad inigualable, transpirabilidad y detalles vibrantes y duraderos. Ya sea para cumplea\u00f1os, aniversarios, graduaciones o simplemente porque s\u00ed, la lucir\u00e1n con orgullo.<\/p>","protected":false},"excerpt":{"rendered":"<p>Honre a los veteranos con una camiseta militar personalizada para hombres. Las camisetas personalizadas con tem\u00e1tica militar transforman cualquier foto en una camiseta audaz y \u00fanica.<\/p>","protected":false},"featured_media":129739,"comment_status":"open","ping_status":"closed","template":"","meta":{"_acf_changed":false},"product_brand":[],"product_cat":[6195,6324,186,6341,6412,6428],"product_tag":[6433,6327,6216],"class_list":{"0":"post-129706","1":"product","2":"type-product","3":"status-publish","4":"has-post-thumbnail","6":"product_cat-t-shirts-men","7":"product_cat-custom-gifts-ai-army","8":"product_cat-men","9":"product_cat-mens-profession-t-shirts","10":"product_cat-photo-to-tees","11":"product_cat-translate-products","12":"product_tag-ai-artwork","13":"product_tag-custom-photo-t-shirt-for-men","14":"product_tag-mens-custom-t-shirts","16":"first","17":"instock","18":"taxable","19":"shipping-taxable","20":"purchasable","21":"product-type-simple"},"acf":[],"wcpa_form_fields":null,"_links":{"self":[{"href":"https:\/\/www.customywear.com\/es\/wp-json\/wp\/v2\/product\/129706","targetHints":{"allow":["GET"]}}],"collection":[{"href":"https:\/\/www.customywear.com\/es\/wp-json\/wp\/v2\/product"}],"about":[{"href":"https:\/\/www.customywear.com\/es\/wp-json\/wp\/v2\/types\/product"}],"replies":[{"embeddable":true,"href":"https:\/\/www.customywear.com\/es\/wp-json\/wp\/v2\/comments?post=129706"}],"wp:featuredmedia":[{"embeddable":true,"href":"https:\/\/www.customywear.com\/es\/wp-json\/wp\/v2\/media\/129739"}],"wp:attachment":[{"href":"https:\/\/www.customywear.com\/es\/wp-json\/wp\/v2\/media?parent=129706"}],"wp:term":[{"taxonomy":"product_brand","embeddable":true,"href":"https:\/\/www.customywear.com\/es\/wp-json\/wp\/v2\/product_brand?post=129706"},{"taxonomy":"product_cat","embeddable":true,"href":"https:\/\/www.customywear.com\/es\/wp-json\/wp\/v2\/product_cat?post=129706"},{"taxonomy":"product_tag","embeddable":true,"href":"https:\/\/www.customywear.com\/es\/wp-json\/wp\/v2\/product_tag?post=129706"}],"curies":[{"name":"wp","href":"https:\/\/api.w.org\/{rel}","templated":true}]}}