{"id":130168,"date":"2025-04-25T11:07:09","date_gmt":"2025-04-25T11:07:09","guid":{"rendered":"https:\/\/www.customywear.com\/?post_type=product&#038;p=130168"},"modified":"2026-05-07T15:29:31","modified_gmt":"2026-05-07T15:29:31","slug":"camiseta-bebe-nina-chef-personalizada","status":"publish","type":"product","link":"https:\/\/www.customywear.com\/es\/toddler-girl-personalized-chef-tshirt\/","title":{"rendered":"Personalizada del Chef T-Camisa para Ni\u00f1o de las Ni\u00f1as \u2013 Regalo Personalizado para Peque\u00f1os Panaderos, Mini Chefs, el Futuro de la Pasteler\u00eda de Queens y la BARBACOA Estrellas"},"content":{"rendered":"<p>Deje que su ni\u00f1o ni\u00f1a culinaria de los sue\u00f1os tomar vuelo con nuestro adorable Personalizado Chef T-Shirt! Este exclusivo regalo personalizado transforma tu peque\u00f1a princesa de la foto en un encantador hotel de mini chef, con un lindo sombrero de chef y cocina placeres. Si ella est\u00e1 imaginando a s\u00ed misma como una pasteler\u00eda reina, BARBACOA maestro o ayudante de cocina, este juguet\u00f3n camiseta de los combustibles de la creatividad y la diversi\u00f3n. Fabricado de suave, transpirable 100% algod\u00f3n y con vibrante, de larga duraci\u00f3n DTG de la impresi\u00f3n, asegura la comodidad y la durabilidad a trav\u00e9s de cada aventura. Un testigo perfecto para cumplea\u00f1os, fiestas o cualquier ocasi\u00f3n especial que se hacen de ella una gran sonrisa!<\/p>","protected":false},"excerpt":{"rendered":"<p>Inspira a los peque\u00f1os chefs con una camiseta de chef personalizada para ni\u00f1as peque\u00f1as. Regalos personalizados Transforma cualquier foto en una camiseta juguetona y \u00fanica.<\/p>","protected":false},"featured_media":130380,"comment_status":"open","ping_status":"closed","template":"","meta":{"_acf_changed":false},"product_brand":[],"product_cat":[6207,6325,6412,6428],"product_tag":[6433,6439,6221],"class_list":{"0":"post-130168","1":"product","2":"type-product","3":"status-publish","4":"has-post-thumbnail","6":"product_cat-toddler-girl-t-shirts","7":"product_cat-custom-gifts-chef-artworks","8":"product_cat-photo-to-tees","9":"product_cat-translate-products","10":"product_tag-ai-artwork","11":"product_tag-ai-kids-artwork","12":"product_tag-custom-t-shirts-near-me","14":"first","15":"instock","16":"taxable","17":"shipping-taxable","18":"purchasable","19":"product-type-simple"},"acf":[],"wcpa_form_fields":null,"_links":{"self":[{"href":"https:\/\/www.customywear.com\/es\/wp-json\/wp\/v2\/product\/130168","targetHints":{"allow":["GET"]}}],"collection":[{"href":"https:\/\/www.customywear.com\/es\/wp-json\/wp\/v2\/product"}],"about":[{"href":"https:\/\/www.customywear.com\/es\/wp-json\/wp\/v2\/types\/product"}],"replies":[{"embeddable":true,"href":"https:\/\/www.customywear.com\/es\/wp-json\/wp\/v2\/comments?post=130168"}],"wp:featuredmedia":[{"embeddable":true,"href":"https:\/\/www.customywear.com\/es\/wp-json\/wp\/v2\/media\/130380"}],"wp:attachment":[{"href":"https:\/\/www.customywear.com\/es\/wp-json\/wp\/v2\/media?parent=130168"}],"wp:term":[{"taxonomy":"product_brand","embeddable":true,"href":"https:\/\/www.customywear.com\/es\/wp-json\/wp\/v2\/product_brand?post=130168"},{"taxonomy":"product_cat","embeddable":true,"href":"https:\/\/www.customywear.com\/es\/wp-json\/wp\/v2\/product_cat?post=130168"},{"taxonomy":"product_tag","embeddable":true,"href":"https:\/\/www.customywear.com\/es\/wp-json\/wp\/v2\/product_tag?post=130168"}],"curies":[{"name":"wp","href":"https:\/\/api.w.org\/{rel}","templated":true}]}}