{"id":130196,"date":"2025-04-25T11:07:10","date_gmt":"2025-04-25T11:07:10","guid":{"rendered":"https:\/\/www.customywear.com\/?post_type=product&#038;p=130196"},"modified":"2026-05-07T15:29:31","modified_gmt":"2026-05-07T15:29:31","slug":"camiseta-de-chef-personalizada-para-ninos","status":"publish","type":"product","link":"https:\/\/www.customywear.com\/es\/custom-chef-tshirt-for-boys\/","title":{"rendered":"Personalizado de Cocina Chef T-Shirt para Ni\u00f1os \u2013 Regalo Personalizado para J\u00f3venes Chefs, los Futuros Maestros de la Parrilla, Pasteler\u00eda Artistas y Estudiantes de cocina"},"content":{"rendered":"<p class=\"\" data-start=\"368\" data-end=\"963\">Inspirar a su hijo culinaria de los sue\u00f1os con nuestra Costumbre de Cocina Chef T-Shirt para los Ni\u00f1os, la atenci\u00f3n personalizada al convertir su foto en un vibrante chef obra de arte! Hecho de 100% algod\u00f3n suave, esta duradera, c\u00f3moda camiseta es perfecto para j\u00f3venes chefs, los aspirantes a maestros de la parrilla, pasteler\u00eda artistas o estudiantes de cocina. Con la prima de DTG de la impresi\u00f3n, el dise\u00f1o vivo sigue siendo vibrante lavado tras lavado. Ideal para cumplea\u00f1os, fiestas, promociones, o cualquier tipo de celebraci\u00f3n, este custom t-shirt hace un reflexivo, motivar don que permite a los ni\u00f1os usar su pasi\u00f3n con orgullo!<\/p>","protected":false},"excerpt":{"rendered":"<p>Cocine la diversi\u00f3n con una camiseta de cocina personalizada para ni\u00f1os. Regalos personalizados Convierta cualquier foto en una camiseta juguetona y \u00fanica para j\u00f3venes chefs.<\/p>","protected":false},"featured_media":130325,"comment_status":"open","ping_status":"closed","template":"","meta":{"_acf_changed":false},"product_brand":[],"product_cat":[6189,6325,6412,6428],"product_tag":[6433,6439,6221,6330],"class_list":{"0":"post-130196","1":"product","2":"type-product","3":"status-publish","4":"has-post-thumbnail","6":"product_cat-boys-t-shirts","7":"product_cat-custom-gifts-chef-artworks","8":"product_cat-photo-to-tees","9":"product_cat-translate-products","10":"product_tag-ai-artwork","11":"product_tag-ai-kids-artwork","12":"product_tag-custom-t-shirts-near-me","13":"product_tag-photo-print-t-shirt-for-boys","15":"first","16":"instock","17":"taxable","18":"shipping-taxable","19":"purchasable","20":"product-type-simple"},"acf":[],"wcpa_form_fields":null,"_links":{"self":[{"href":"https:\/\/www.customywear.com\/es\/wp-json\/wp\/v2\/product\/130196","targetHints":{"allow":["GET"]}}],"collection":[{"href":"https:\/\/www.customywear.com\/es\/wp-json\/wp\/v2\/product"}],"about":[{"href":"https:\/\/www.customywear.com\/es\/wp-json\/wp\/v2\/types\/product"}],"replies":[{"embeddable":true,"href":"https:\/\/www.customywear.com\/es\/wp-json\/wp\/v2\/comments?post=130196"}],"wp:featuredmedia":[{"embeddable":true,"href":"https:\/\/www.customywear.com\/es\/wp-json\/wp\/v2\/media\/130325"}],"wp:attachment":[{"href":"https:\/\/www.customywear.com\/es\/wp-json\/wp\/v2\/media?parent=130196"}],"wp:term":[{"taxonomy":"product_brand","embeddable":true,"href":"https:\/\/www.customywear.com\/es\/wp-json\/wp\/v2\/product_brand?post=130196"},{"taxonomy":"product_cat","embeddable":true,"href":"https:\/\/www.customywear.com\/es\/wp-json\/wp\/v2\/product_cat?post=130196"},{"taxonomy":"product_tag","embeddable":true,"href":"https:\/\/www.customywear.com\/es\/wp-json\/wp\/v2\/product_tag?post=130196"}],"curies":[{"name":"wp","href":"https:\/\/api.w.org\/{rel}","templated":true}]}}