{"id":130213,"date":"2025-04-25T11:07:10","date_gmt":"2025-04-25T11:07:10","guid":{"rendered":"https:\/\/www.customywear.com\/?post_type=product&#038;p=130213"},"modified":"2026-05-07T15:29:31","modified_gmt":"2026-05-07T15:29:31","slug":"camiseta-bebe-nino-chef-personalizada","status":"publish","type":"product","link":"https:\/\/www.customywear.com\/es\/toddler-boy-custom-chef-tshirt\/","title":{"rendered":"Personalizada del Chef T-Shirt para los peque\u00f1os Ni\u00f1os \u2013 Fotos Personalizado Regalo para los Peque\u00f1os Futuros Chefs, Maestros de la Parrilla, Pasteler\u00eda Expertos y M\u00e1s"},"content":{"rendered":"<p>Encender su hijo peque\u00f1o ni\u00f1o de la imaginaci\u00f3n con nuestro Chef Personalizado Camiseta, dise\u00f1ada para convertir tu peque\u00f1o en una las estrellas culinarias! Sube tu ni\u00f1o adorable de la foto y ver que se transforman en un chef obra maestra, con un sombrero de chef y deliciosos platos en la mano. Perfecto para cumplea\u00f1os, fiestas y ocasiones especiales, este singular y divertido de la camiseta inspira la creatividad y la l\u00fadica aventuras. Hecha de ultra-suave, 100% algod\u00f3n premium y se imprime con vibrante, durable DTG tecnolog\u00eda, que ofrece la comodidad y recuerdos duraderos. Un deber-tener regalo personalizado para cualquier peque\u00f1o aspirante a chef!<\/p>","protected":false},"excerpt":{"rendered":"<p>Inspira a los futuros chefs con una camiseta de chef personalizada para ni\u00f1os peque\u00f1os. Regalos fotogr\u00e1ficos personalizados Transforme cualquier foto en una camiseta divertida y \u00fanica.<\/p>","protected":false},"featured_media":130368,"comment_status":"open","ping_status":"closed","template":"","meta":{"_acf_changed":false},"product_brand":[],"product_cat":[6209,6325,6412,6428],"product_tag":[6433,6439,6221],"class_list":{"0":"post-130213","1":"product","2":"type-product","3":"status-publish","4":"has-post-thumbnail","6":"product_cat-toddler-boy-t-shirts","7":"product_cat-custom-gifts-chef-artworks","8":"product_cat-photo-to-tees","9":"product_cat-translate-products","10":"product_tag-ai-artwork","11":"product_tag-ai-kids-artwork","12":"product_tag-custom-t-shirts-near-me","14":"first","15":"instock","16":"taxable","17":"shipping-taxable","18":"purchasable","19":"product-type-simple"},"acf":[],"wcpa_form_fields":null,"_links":{"self":[{"href":"https:\/\/www.customywear.com\/es\/wp-json\/wp\/v2\/product\/130213","targetHints":{"allow":["GET"]}}],"collection":[{"href":"https:\/\/www.customywear.com\/es\/wp-json\/wp\/v2\/product"}],"about":[{"href":"https:\/\/www.customywear.com\/es\/wp-json\/wp\/v2\/types\/product"}],"replies":[{"embeddable":true,"href":"https:\/\/www.customywear.com\/es\/wp-json\/wp\/v2\/comments?post=130213"}],"wp:featuredmedia":[{"embeddable":true,"href":"https:\/\/www.customywear.com\/es\/wp-json\/wp\/v2\/media\/130368"}],"wp:attachment":[{"href":"https:\/\/www.customywear.com\/es\/wp-json\/wp\/v2\/media?parent=130213"}],"wp:term":[{"taxonomy":"product_brand","embeddable":true,"href":"https:\/\/www.customywear.com\/es\/wp-json\/wp\/v2\/product_brand?post=130213"},{"taxonomy":"product_cat","embeddable":true,"href":"https:\/\/www.customywear.com\/es\/wp-json\/wp\/v2\/product_cat?post=130213"},{"taxonomy":"product_tag","embeddable":true,"href":"https:\/\/www.customywear.com\/es\/wp-json\/wp\/v2\/product_tag?post=130213"}],"curies":[{"name":"wp","href":"https:\/\/api.w.org\/{rel}","templated":true}]}}