{"id":130224,"date":"2025-04-25T11:07:10","date_gmt":"2025-04-25T11:07:10","guid":{"rendered":"https:\/\/www.customywear.com\/?post_type=product&#038;p=130224"},"modified":"2026-05-05T20:23:26","modified_gmt":"2026-05-05T20:23:26","slug":"camiseta-regalo-mujer-chef-personalizada","status":"publish","type":"product","link":"https:\/\/www.customywear.com\/es\/custom-womens-chef-tshirt-gift\/","title":{"rendered":"Personalizado de la Mujer Chef Camiseta- Personalizada de Regalo para restaurantes, Chefs, BARBACOA, Maestros, Estudiantes de cocina y Cocinando los Amantes de la"},"content":{"rendered":"<p>Celebrar la pasi\u00f3n culinaria con nuestra Costumbre de las Mujeres Chef del Restaurante T-Shirt, experta personalizada a partir de tu foto en un chef obra maestra. Elaborado a partir de 100% algod\u00f3n suave para mayor comodidad y durabilidad, esta camiseta es ideal para restaurantes, chefs, pasteleros artistas, a la parrilla, maestros, estudiantes de cocina, y los amantes de la comida. Con vibrante, de larga duraci\u00f3n DTG impresi\u00f3n, es el regalo perfecto para cumplea\u00f1os, bodas, aniversarios, o promociones. Muestre su amor por la cocina con un elegante, \u00fanica pieza que convierte su cocina aventuras en arte para vestir!<\/p>","protected":false},"excerpt":{"rendered":"<p>Cook in style with a Custom Women&#8217;s Chef T-Shirt. Personalized Gifts for Culinary Lovers turn any photo into a bold, one-of-a-kind t-shirt.<\/p>","protected":false},"featured_media":130304,"comment_status":"open","ping_status":"closed","template":"","meta":{"_acf_changed":false},"product_brand":[],"product_cat":[6191,6325,6412,6428,75,6354],"product_tag":[6214,6433,6328,229,6215],"class_list":{"0":"post-130224","1":"product","2":"type-product","3":"status-publish","4":"has-post-thumbnail","6":"product_cat-t-shirts-women","7":"product_cat-custom-gifts-chef-artworks","8":"product_cat-photo-to-tees","9":"product_cat-translate-products","10":"product_cat-women","11":"product_cat-womens-profession-t-shirts","12":"product_tag-affordable-custom-t-shirts","13":"product_tag-ai-artwork","14":"product_tag-custom-image-t-shirt-for-women","15":"product_tag-custom-tee-shirts","16":"product_tag-screen-printing-near-me","18":"first","19":"instock","20":"taxable","21":"shipping-taxable","22":"purchasable","23":"product-type-simple"},"acf":[],"wcpa_form_fields":null,"_links":{"self":[{"href":"https:\/\/www.customywear.com\/es\/wp-json\/wp\/v2\/product\/130224","targetHints":{"allow":["GET"]}}],"collection":[{"href":"https:\/\/www.customywear.com\/es\/wp-json\/wp\/v2\/product"}],"about":[{"href":"https:\/\/www.customywear.com\/es\/wp-json\/wp\/v2\/types\/product"}],"replies":[{"embeddable":true,"href":"https:\/\/www.customywear.com\/es\/wp-json\/wp\/v2\/comments?post=130224"}],"wp:featuredmedia":[{"embeddable":true,"href":"https:\/\/www.customywear.com\/es\/wp-json\/wp\/v2\/media\/130304"}],"wp:attachment":[{"href":"https:\/\/www.customywear.com\/es\/wp-json\/wp\/v2\/media?parent=130224"}],"wp:term":[{"taxonomy":"product_brand","embeddable":true,"href":"https:\/\/www.customywear.com\/es\/wp-json\/wp\/v2\/product_brand?post=130224"},{"taxonomy":"product_cat","embeddable":true,"href":"https:\/\/www.customywear.com\/es\/wp-json\/wp\/v2\/product_cat?post=130224"},{"taxonomy":"product_tag","embeddable":true,"href":"https:\/\/www.customywear.com\/es\/wp-json\/wp\/v2\/product_tag?post=130224"}],"curies":[{"name":"wp","href":"https:\/\/api.w.org\/{rel}","templated":true}]}}