{"id":130253,"date":"2025-04-25T11:07:10","date_gmt":"2025-04-25T11:07:10","guid":{"rendered":"https:\/\/www.customywear.com\/?post_type=product&#038;p=130253"},"modified":"2026-05-05T20:24:06","modified_gmt":"2026-05-05T20:24:06","slug":"camiseta-chef-hombre-regalo-para-cocineros","status":"publish","type":"product","link":"https:\/\/www.customywear.com\/es\/custom-mens-chef-tshirt-gift-for-cooks\/","title":{"rendered":"Costumbre de los Hombres de Chef T-Shirt \u2013 Regalo Personalizado para los Cocineros, Maestros de la Parrilla, BARBACOA, Chefs, Estudiantes de cocina y Restaurante Profesionales"},"content":{"rendered":"<p>Celebre su amor por la cocina con esta Costumbre de los Hombres de Chef T-Shirt \u2013 un regalo personalizado perfecto para los cocineros, los maestros de la parrilla, BARBACOA amantes de la culinaria de los estudiantes y entusiastas de la comida. Hecho de 100% algod\u00f3n premium con durable impresi\u00f3n DTG, esta camisa de caracter\u00edsticas personalizadas arte digital basado en la fotograf\u00eda, convirti\u00e9ndose en el jefe de cocina de la cocina. Ideal para cumplea\u00f1os, aniversarios, promociones, o simplemente para mostrar orgullo culinario, es el \u00fanico recuerdo y una elegante pieza de arte para vestir.<\/p>","protected":false},"excerpt":{"rendered":"<p>Celebrate culinary professionals with a Custom Men&#8217;s Chef T-Shirt. Personalized Gifts for Cooks transform any photo into a unique, one-of-a-kind t-shirt.<\/p>","protected":false},"featured_media":130397,"comment_status":"open","ping_status":"closed","template":"","meta":{"_acf_changed":false},"product_brand":[],"product_cat":[6195,6325,186,6341,6412,6428],"product_tag":[6433,6327,6216],"class_list":{"0":"post-130253","1":"product","2":"type-product","3":"status-publish","4":"has-post-thumbnail","6":"product_cat-t-shirts-men","7":"product_cat-custom-gifts-chef-artworks","8":"product_cat-men","9":"product_cat-mens-profession-t-shirts","10":"product_cat-photo-to-tees","11":"product_cat-translate-products","12":"product_tag-ai-artwork","13":"product_tag-custom-photo-t-shirt-for-men","14":"product_tag-mens-custom-t-shirts","16":"first","17":"instock","18":"taxable","19":"shipping-taxable","20":"purchasable","21":"product-type-simple"},"acf":[],"wcpa_form_fields":null,"_links":{"self":[{"href":"https:\/\/www.customywear.com\/es\/wp-json\/wp\/v2\/product\/130253","targetHints":{"allow":["GET"]}}],"collection":[{"href":"https:\/\/www.customywear.com\/es\/wp-json\/wp\/v2\/product"}],"about":[{"href":"https:\/\/www.customywear.com\/es\/wp-json\/wp\/v2\/types\/product"}],"replies":[{"embeddable":true,"href":"https:\/\/www.customywear.com\/es\/wp-json\/wp\/v2\/comments?post=130253"}],"wp:featuredmedia":[{"embeddable":true,"href":"https:\/\/www.customywear.com\/es\/wp-json\/wp\/v2\/media\/130397"}],"wp:attachment":[{"href":"https:\/\/www.customywear.com\/es\/wp-json\/wp\/v2\/media?parent=130253"}],"wp:term":[{"taxonomy":"product_brand","embeddable":true,"href":"https:\/\/www.customywear.com\/es\/wp-json\/wp\/v2\/product_brand?post=130253"},{"taxonomy":"product_cat","embeddable":true,"href":"https:\/\/www.customywear.com\/es\/wp-json\/wp\/v2\/product_cat?post=130253"},{"taxonomy":"product_tag","embeddable":true,"href":"https:\/\/www.customywear.com\/es\/wp-json\/wp\/v2\/product_tag?post=130253"}],"curies":[{"name":"wp","href":"https:\/\/api.w.org\/{rel}","templated":true}]}}