{"id":136584,"date":"2025-07-29T13:09:19","date_gmt":"2025-07-29T13:09:19","guid":{"rendered":"https:\/\/www.customywear.com\/?post_type=product&#038;p=136584"},"modified":"2026-05-07T15:29:31","modified_gmt":"2026-05-07T15:29:31","slug":"camiseta-ninos-corredores-foto-personalizada","status":"publish","type":"product","link":"https:\/\/www.customywear.com\/es\/custom-runner-jogging-boys-photo-tshirt\/","title":{"rendered":"Camiseta de corredor personalizada para ni\u00f1o: camiseta personalizada con foto para correr, ideal para ni\u00f1os activos amantes de las aventuras al aire libre."},"content":{"rendered":"<p>Alimenta su pasi\u00f3n por la aventura al aire libre con nuestra camiseta personalizada de corredor para ni\u00f1o, personalizada con tu foto. Esta camiseta \u00fanica transforma a tu hijo en una vibrante obra de arte digital, captur\u00e1ndolo en una escena deportiva. Es el regalo perfecto para ni\u00f1os peque\u00f1os que aman correr, trotar o jugar al aire libre. Ideal para cumplea\u00f1os o simplemente para fomentar un estilo de vida activo, esta camiseta combina un significado personal con comodidad y durabilidad para el d\u00eda a d\u00eda, todo ello realzado por una impresi\u00f3n DTG v\u00edvida y duradera.<\/p>","protected":false},"excerpt":{"rendered":"<p>Celebre a los j\u00f3venes aventureros con una camiseta personalizada de corredor para ni\u00f1os. Las camisetas personalizadas de las fotos de jogging convierten cualquier foto en una camiseta juguetona y activa.<\/p>","protected":false},"featured_media":136701,"comment_status":"open","ping_status":"closed","template":"","meta":{"_acf_changed":false},"product_brand":[],"product_cat":[6189,6411,6412,6428],"product_tag":[6433,6439,6221,6330],"class_list":{"0":"post-136584","1":"product","2":"type-product","3":"status-publish","4":"has-post-thumbnail","6":"product_cat-boys-t-shirts","7":"product_cat-custom-gifts-ai-jogging-runner","8":"product_cat-photo-to-tees","9":"product_cat-translate-products","10":"product_tag-ai-artwork","11":"product_tag-ai-kids-artwork","12":"product_tag-custom-t-shirts-near-me","13":"product_tag-photo-print-t-shirt-for-boys","15":"first","16":"instock","17":"taxable","18":"shipping-taxable","19":"purchasable","20":"product-type-simple"},"acf":[],"wcpa_form_fields":null,"_links":{"self":[{"href":"https:\/\/www.customywear.com\/es\/wp-json\/wp\/v2\/product\/136584","targetHints":{"allow":["GET"]}}],"collection":[{"href":"https:\/\/www.customywear.com\/es\/wp-json\/wp\/v2\/product"}],"about":[{"href":"https:\/\/www.customywear.com\/es\/wp-json\/wp\/v2\/types\/product"}],"replies":[{"embeddable":true,"href":"https:\/\/www.customywear.com\/es\/wp-json\/wp\/v2\/comments?post=136584"}],"wp:featuredmedia":[{"embeddable":true,"href":"https:\/\/www.customywear.com\/es\/wp-json\/wp\/v2\/media\/136701"}],"wp:attachment":[{"href":"https:\/\/www.customywear.com\/es\/wp-json\/wp\/v2\/media?parent=136584"}],"wp:term":[{"taxonomy":"product_brand","embeddable":true,"href":"https:\/\/www.customywear.com\/es\/wp-json\/wp\/v2\/product_brand?post=136584"},{"taxonomy":"product_cat","embeddable":true,"href":"https:\/\/www.customywear.com\/es\/wp-json\/wp\/v2\/product_cat?post=136584"},{"taxonomy":"product_tag","embeddable":true,"href":"https:\/\/www.customywear.com\/es\/wp-json\/wp\/v2\/product_tag?post=136584"}],"curies":[{"name":"wp","href":"https:\/\/api.w.org\/{rel}","templated":true}]}}