{"id":20307,"date":"2023-07-28T13:32:53","date_gmt":"2023-07-28T13:32:53","guid":{"rendered":"https:\/\/www.customywear.com\/?post_type=product&#038;p=20307"},"modified":"2026-05-05T20:24:12","modified_gmt":"2026-05-05T20:24:12","slug":"camisa-arabe-personalizada-para-hombre","status":"publish","type":"product","link":"https:\/\/www.customywear.com\/es\/custom-arabian-man-shirt\/","title":{"rendered":"Camisa \u00e1rabe personalizada para hombre | Camiseta personalizada para amantes de los viajes"},"content":{"rendered":"<p>Emb\u00e1rcate en un viaje personalizado de estilo y cultura con nuestra exquisita Camisa \u00c1rabe Personalizada para Hombre, dise\u00f1ada para capturar la esencia de la tradici\u00f3n y el esp\u00edritu viajero. Nuestros h\u00e1biles artesanos utilizan el poder de Adobe Illustrator y Adobe Photoshop para transformar tu foto en un cautivador retrato vectorial que da vida al encanto de un atuendo \u00e1rabe tradicional. Esta exclusiva camiseta personalizada no solo es una declaraci\u00f3n de moda, sino tambi\u00e9n un preciado recuerdo para amantes de los viajes y aficionados a la cultura. Sum\u00e9rgete en el encanto de la herencia \u00e1rabe con un toque de estilo contempor\u00e1neo. El dise\u00f1o vectorial premium, meticulosamente elaborado por nuestro equipo, adorna nuestras camisetas unisex de manga corta y manga larga. Los intrincados detalles y los vibrantes colores cobran vida gracias a la avanzada tecnolog\u00eda de impresi\u00f3n DTG, lo que garantiza que tu camiseta personalizada desprenda una calidad y un estilo inigualables. Ya sea que est\u00e9s explorando tierras lejanas o simplemente abrazando tus ra\u00edces culturales, esta camiseta personalizada se convertir\u00e1 en una adici\u00f3n vers\u00e1til a tu guardarropa. Celebra tu pasi\u00f3n por los viajes, la cultura y la autoexpresi\u00f3n con una camiseta personalizada que encapsula el esp\u00edritu aventurero y la diversidad. Cada camiseta es un lienzo de ingenio art\u00edstico que te invita a mostrar tu identidad y tus pasiones \u00fanicas. Nuestra colecci\u00f3n trasciende fronteras y ofrece una variedad de dise\u00f1os para adultos, j\u00f3venes, ni\u00f1os y beb\u00e9s. Deja que tu ropa refleje tu individualidad, a la vez que atesoras los recuerdos que inspiraron su creaci\u00f3n.<\/p>","protected":false},"excerpt":{"rendered":"<p>Haga que cualquier foto cobre vida en una camisa de hombre \u00e1rabe personalizada. La camiseta personalizada para amantes de los viajes combina el estilo cultural y la aventura en un dise\u00f1o de camiseta \u00fanico y personalizado.<\/p>","protected":false},"featured_media":142461,"comment_status":"open","ping_status":"closed","template":"","meta":{"_acf_changed":false},"product_brand":[],"product_cat":[6195,6157,6156,179,186,6345,6412,6428],"product_tag":[6433,193,6216,209],"class_list":{"0":"post-20307","1":"product","2":"type-product","3":"status-publish","4":"has-post-thumbnail","6":"product_cat-t-shirts-men","7":"product_cat-country","8":"product_cat-culture","9":"product_cat-custom-gifts-arabic-culture","10":"product_cat-men","11":"product_cat-mens-country-culture-t-shirts","12":"product_cat-photo-to-tees","13":"product_cat-translate-products","14":"product_tag-ai-artwork","15":"product_tag-boyfriend_gift","16":"product_tag-mens-custom-t-shirts","17":"product_tag-travel_lover_gift","19":"first","20":"instock","21":"taxable","22":"shipping-taxable","23":"purchasable","24":"product-type-simple"},"acf":[],"wcpa_form_fields":null,"_links":{"self":[{"href":"https:\/\/www.customywear.com\/es\/wp-json\/wp\/v2\/product\/20307","targetHints":{"allow":["GET"]}}],"collection":[{"href":"https:\/\/www.customywear.com\/es\/wp-json\/wp\/v2\/product"}],"about":[{"href":"https:\/\/www.customywear.com\/es\/wp-json\/wp\/v2\/types\/product"}],"replies":[{"embeddable":true,"href":"https:\/\/www.customywear.com\/es\/wp-json\/wp\/v2\/comments?post=20307"}],"wp:featuredmedia":[{"embeddable":true,"href":"https:\/\/www.customywear.com\/es\/wp-json\/wp\/v2\/media\/142461"}],"wp:attachment":[{"href":"https:\/\/www.customywear.com\/es\/wp-json\/wp\/v2\/media?parent=20307"}],"wp:term":[{"taxonomy":"product_brand","embeddable":true,"href":"https:\/\/www.customywear.com\/es\/wp-json\/wp\/v2\/product_brand?post=20307"},{"taxonomy":"product_cat","embeddable":true,"href":"https:\/\/www.customywear.com\/es\/wp-json\/wp\/v2\/product_cat?post=20307"},{"taxonomy":"product_tag","embeddable":true,"href":"https:\/\/www.customywear.com\/es\/wp-json\/wp\/v2\/product_tag?post=20307"}],"curies":[{"name":"wp","href":"https:\/\/api.w.org\/{rel}","templated":true}]}}