{"id":20311,"date":"2023-07-28T13:32:57","date_gmt":"2023-07-28T13:32:57","guid":{"rendered":"https:\/\/www.customywear.com\/?post_type=product&#038;p=20311"},"modified":"2026-05-07T15:29:59","modified_gmt":"2026-05-07T15:29:59","slug":"camisa-personalizada-de-astronauta-para-nino","status":"publish","type":"product","link":"https:\/\/www.customywear.com\/es\/custom-astronaut-boy-shirt\/","title":{"rendered":"Camiseta personalizada de astronauta para ni\u00f1o | Camiseta personalizada del alunizaje para ni\u00f1o peque\u00f1o"},"content":{"rendered":"<p>Enciende la curiosidad y la exploraci\u00f3n en tu peque\u00f1o aventurero con nuestra cautivadora Camiseta Astronauta Personalizada para Ni\u00f1o, un homenaje personalizado a los sue\u00f1os que se extienden m\u00e1s all\u00e1 de las estrellas. Aprovechando el poder de la foto de tu hijo, creamos con maestr\u00eda un retrato vectorial que lo transforma en un intr\u00e9pido astronauta que aterriza con valent\u00eda en un planeta lunar distante. Este dise\u00f1o imaginativo es una fuente de inspiraci\u00f3n imperecedera, convirti\u00e9ndolo en el regalo perfecto para j\u00f3venes visionarios y so\u00f1adores c\u00f3smicos que aspiran a explorar el universo. Sum\u00e9rgete en la sinergia de la tecnolog\u00eda de vanguardia y el ingenio art\u00edstico mientras aprovechamos las capacidades de Adobe Illustrator y Adobe Photoshop para convertir la foto de tu hijo en una obra de arte excepcional. Nuestra camiseta personalizada presenta una ilustraci\u00f3n vectorial premium que captura con precisi\u00f3n el esp\u00edritu de la exploraci\u00f3n y el descubrimiento espacial. Empleando t\u00e9cnicas avanzadas de impresi\u00f3n DTG, cada detalle y tono cobran vida, garantizando que tu camiseta personalizada represente la cumbre de la artesan\u00eda y la creatividad. Dise\u00f1ada para celebrar el esp\u00edritu de curiosidad y asombro, nuestra colecci\u00f3n de camisetas unisex juveniles de manga corta y manga larga ofrece una variedad de tallas para diferentes edades. La versatilidad de nuestros dise\u00f1os garantiza que tu peque\u00f1o explorador pueda lucir con orgullo su creaci\u00f3n personalizada en cualquier ocasi\u00f3n. Celebra su imaginaci\u00f3n ilimitada y su pasi\u00f3n por el cosmos con una camiseta personalizada que honra su individualidad y alimenta sus ambiciones c\u00f3smicas.<\/p>","protected":false},"excerpt":{"rendered":"<p>Haz que tu hijo sea un explorador con una camisa de ni\u00f1o astronauta personalizada. La camiseta personalizada de aterrizaje en la luna de Young Kid convierte cualquier foto en una camiseta con tem\u00e1tica espacial y fuera de este mundo.<\/p>","protected":false},"featured_media":142503,"comment_status":"open","ping_status":"closed","template":"","meta":{"_acf_changed":false},"product_brand":[],"product_cat":[6189,248,6412,6428],"product_tag":[6433,6439,249],"class_list":{"0":"post-20311","1":"product","2":"type-product","3":"status-publish","4":"has-post-thumbnail","6":"product_cat-boys-t-shirts","7":"product_cat-custom-gifts-astronauts","8":"product_cat-photo-to-tees","9":"product_cat-translate-products","10":"product_tag-ai-artwork","11":"product_tag-ai-kids-artwork","12":"product_tag-astronaut-tees","14":"first","15":"instock","16":"taxable","17":"shipping-taxable","18":"purchasable","19":"product-type-simple"},"acf":[],"wcpa_form_fields":null,"_links":{"self":[{"href":"https:\/\/www.customywear.com\/es\/wp-json\/wp\/v2\/product\/20311","targetHints":{"allow":["GET"]}}],"collection":[{"href":"https:\/\/www.customywear.com\/es\/wp-json\/wp\/v2\/product"}],"about":[{"href":"https:\/\/www.customywear.com\/es\/wp-json\/wp\/v2\/types\/product"}],"replies":[{"embeddable":true,"href":"https:\/\/www.customywear.com\/es\/wp-json\/wp\/v2\/comments?post=20311"}],"wp:featuredmedia":[{"embeddable":true,"href":"https:\/\/www.customywear.com\/es\/wp-json\/wp\/v2\/media\/142503"}],"wp:attachment":[{"href":"https:\/\/www.customywear.com\/es\/wp-json\/wp\/v2\/media?parent=20311"}],"wp:term":[{"taxonomy":"product_brand","embeddable":true,"href":"https:\/\/www.customywear.com\/es\/wp-json\/wp\/v2\/product_brand?post=20311"},{"taxonomy":"product_cat","embeddable":true,"href":"https:\/\/www.customywear.com\/es\/wp-json\/wp\/v2\/product_cat?post=20311"},{"taxonomy":"product_tag","embeddable":true,"href":"https:\/\/www.customywear.com\/es\/wp-json\/wp\/v2\/product_tag?post=20311"}],"curies":[{"name":"wp","href":"https:\/\/api.w.org\/{rel}","templated":true}]}}