{"id":20352,"date":"2023-07-28T13:34:06","date_gmt":"2023-07-28T13:34:06","guid":{"rendered":"https:\/\/www.customywear.com\/?post_type=product&#038;p=20352"},"modified":"2026-05-05T20:24:12","modified_gmt":"2026-05-05T20:24:12","slug":"camisa-de-hombre-con-vestido-chino-personalizado","status":"publish","type":"product","link":"https:\/\/www.customywear.com\/es\/custom-chinese-dressed-men-shirt\/","title":{"rendered":"Camisa china personalizada para hombre | Camiseta con vestimenta tradicional personalizada"},"content":{"rendered":"<p>Sum\u00e9rgete en un mundo de cultura y humor con nuestra Camisa Personalizada para Hombre con Traje Chino, un homenaje a la tradici\u00f3n y la creatividad. Vive la alegr\u00eda de formar parte de la historia mientras transformamos tu foto en un cautivador retrato vectorial que te representa ataviado con un traje tradicional chino. Esta camiseta personalizada es m\u00e1s que una prenda; es una celebraci\u00f3n de la exploraci\u00f3n cultural y un regalo \u00fanico que fusiona tradici\u00f3n y humor moderno. Visual\u00edzate luciendo un traje tradicional chino, combinando a la perfecci\u00f3n la elegancia del pasado con la alegr\u00eda del presente, gracias a la maestr\u00eda art\u00edstica de Adobe Illustrator y Adobe Photoshop. Nuestros h\u00e1biles dise\u00f1adores elaboran meticulosamente cada detalle, dando como resultado una representaci\u00f3n visualmente impactante y desenfadada que captura la esencia de la fusi\u00f3n cultural. Mediante una meticulosa impresi\u00f3n DTG, esta camiseta unisex de alta calidad se convierte en un lienzo de autoexpresi\u00f3n, garantizando una conexi\u00f3n duradera entre t\u00fa y tu obra maestra personalizada. Disfruta de la personalizaci\u00f3n con tallas disponibles para adultos, j\u00f3venes, ni\u00f1os y beb\u00e9s, lo que la convierte en el regalo perfecto para quienes aprecian la tradici\u00f3n y las risas. Sum\u00e9rgete en el mundo del arte port\u00e1til y explora una gama de dise\u00f1os similares que celebran la cultura y la creatividad, todos personalizables con rostros humanos y de mascotas. Descubre tu herencia con una camiseta personalizada que captura a la perfecci\u00f3n el esp\u00edritu de la tradici\u00f3n y la expresi\u00f3n moderna.<\/p>","protected":false},"excerpt":{"rendered":"<p>Celebre la cultura con una camisa personalizada de hombres vestidos chinos. La camiseta de vestir tradicional personalizada convierte cualquier foto en una camiseta \u00fanica de inspiraci\u00f3n cultural.<\/p>","protected":false},"featured_media":142623,"comment_status":"open","ping_status":"closed","template":"","meta":{"_acf_changed":false},"product_brand":[],"product_cat":[6195,6157,6156,703,186,6345,6412,6428],"product_tag":[6433,6216,6219,6220],"class_list":{"0":"post-20352","1":"product","2":"type-product","3":"status-publish","4":"has-post-thumbnail","6":"product_cat-t-shirts-men","7":"product_cat-country","8":"product_cat-culture","9":"product_cat-custom-gifts-chinese-tradition","10":"product_cat-men","11":"product_cat-mens-country-culture-t-shirts","12":"product_cat-photo-to-tees","13":"product_cat-translate-products","14":"product_tag-ai-artwork","15":"product_tag-mens-custom-t-shirts","16":"product_tag-order-custom-shirts","17":"product_tag-t-shirt-printing-near-me","19":"first","20":"instock","21":"taxable","22":"shipping-taxable","23":"purchasable","24":"product-type-simple"},"acf":[],"wcpa_form_fields":null,"_links":{"self":[{"href":"https:\/\/www.customywear.com\/es\/wp-json\/wp\/v2\/product\/20352","targetHints":{"allow":["GET"]}}],"collection":[{"href":"https:\/\/www.customywear.com\/es\/wp-json\/wp\/v2\/product"}],"about":[{"href":"https:\/\/www.customywear.com\/es\/wp-json\/wp\/v2\/types\/product"}],"replies":[{"embeddable":true,"href":"https:\/\/www.customywear.com\/es\/wp-json\/wp\/v2\/comments?post=20352"}],"wp:featuredmedia":[{"embeddable":true,"href":"https:\/\/www.customywear.com\/es\/wp-json\/wp\/v2\/media\/142623"}],"wp:attachment":[{"href":"https:\/\/www.customywear.com\/es\/wp-json\/wp\/v2\/media?parent=20352"}],"wp:term":[{"taxonomy":"product_brand","embeddable":true,"href":"https:\/\/www.customywear.com\/es\/wp-json\/wp\/v2\/product_brand?post=20352"},{"taxonomy":"product_cat","embeddable":true,"href":"https:\/\/www.customywear.com\/es\/wp-json\/wp\/v2\/product_cat?post=20352"},{"taxonomy":"product_tag","embeddable":true,"href":"https:\/\/www.customywear.com\/es\/wp-json\/wp\/v2\/product_tag?post=20352"}],"curies":[{"name":"wp","href":"https:\/\/api.w.org\/{rel}","templated":true}]}}