{"id":20485,"date":"2023-07-28T13:36:13","date_gmt":"2023-07-28T13:36:13","guid":{"rendered":"https:\/\/www.customywear.com\/?post_type=product&#038;p=20485"},"modified":"2026-05-05T20:24:12","modified_gmt":"2026-05-05T20:24:12","slug":"camisa-cavernicola-personalizada-para-hombre","status":"publish","type":"product","link":"https:\/\/www.customywear.com\/es\/custom-caveman-shirt-for-men\/","title":{"rendered":"Transforma tu foto en una camiseta cavern\u00edcola personalizada para hombre: camiseta personalizada"},"content":{"rendered":"<p>Entra en la era de la risa y la singularidad con nuestro <em>Transforma tu foto en una camisa cavern\u00edcola personalizada para hombre<\/em>Nuestra alquimia creativa convierte tu foto en un cautivador retrato vectorial, que te transporta al rol de un cavern\u00edcola con un toque de humor. Esta camiseta personalizada no es solo una prenda de vestir: es la personificaci\u00f3n de la diversi\u00f3n y la individualidad, lo que la convierte en el regalo perfecto para ti o tus seres queridos. Despierta tu imaginaci\u00f3n mientras fusionamos tecnolog\u00eda y creatividad para dar vida a tu visi\u00f3n. Gracias a la destreza art\u00edstica de Adobe Illustrator y Adobe Photoshop, creamos dise\u00f1os intrincados que evocan el esp\u00edritu de la era de las cavernas. Utilizando la tecnolog\u00eda de impresi\u00f3n DTG de vanguardia, capturamos cada detalle del arte vectorial de alta calidad, garantizando que tu camiseta personalizada sea una obra maestra de la artesan\u00eda. Disponible para adultos, j\u00f3venes, ni\u00f1os y beb\u00e9s, este dise\u00f1o unisex conecta generaciones con su encanto. Celebra la esencia atemporal de la camarader\u00eda a trav\u00e9s de la moda. <em>Transforma tu foto en una camisa cavern\u00edcola personalizada para hombre<\/em> Te invita a descubrir tu cavern\u00edcola interior de una manera divertida y alegre. Cada pincelada del dise\u00f1o se dirige a los j\u00f3venes y a los j\u00f3venes de coraz\u00f3n, preservando la singularidad de cada personalidad. Desde la risa de los ni\u00f1os hasta las preferencias de estilo de los adultos, esta camiseta personalizada es un lienzo para la autoexpresi\u00f3n que trasciende generaciones. Sum\u00e9rgete en un viaje de creatividad y alegr\u00eda, luciendo tu historia con orgullo. Experimenta la emoci\u00f3n de la transformaci\u00f3n y la individualidad con nuestra <em>Camisa cavern\u00edcola personalizada para hombre<\/em>Esta camiseta personalizada te transporta al pasado, donde el humor se fusiona con la historia y el v\u00ednculo de la risa compartida trasciende la edad. No es solo una camiseta; es un s\u00edmbolo de autoexpresi\u00f3n que llega a todos, desde ni\u00f1os peque\u00f1os hasta adultos, record\u00e1ndonos que incluso en la era moderna, el esp\u00edritu del cavern\u00edcola sigue vivo.<\/p>","protected":false},"excerpt":{"rendered":"<p>Da vida a la historia con una camisa de hombre de las cavernas personalizada para hombres. La camiseta personalizada convierte cualquier foto en una camiseta de inspiraci\u00f3n antigua.<\/p>","protected":false},"featured_media":142595,"comment_status":"open","ping_status":"closed","template":"","meta":{"_acf_changed":false},"product_brand":[],"product_cat":[6195,6157,6156,691,186,6412,6428],"product_tag":[6433,561,6216,6219,6220],"class_list":{"0":"post-20485","1":"product","2":"type-product","3":"status-publish","4":"has-post-thumbnail","6":"product_cat-t-shirts-men","7":"product_cat-country","8":"product_cat-culture","9":"product_cat-custom-gifts-caveman","10":"product_cat-men","11":"product_cat-photo-to-tees","12":"product_cat-translate-products","13":"product_tag-ai-artwork","14":"product_tag-camping_shirt","15":"product_tag-mens-custom-t-shirts","16":"product_tag-order-custom-shirts","17":"product_tag-t-shirt-printing-near-me","19":"first","20":"instock","21":"taxable","22":"shipping-taxable","23":"purchasable","24":"product-type-simple"},"acf":[],"wcpa_form_fields":null,"_links":{"self":[{"href":"https:\/\/www.customywear.com\/es\/wp-json\/wp\/v2\/product\/20485","targetHints":{"allow":["GET"]}}],"collection":[{"href":"https:\/\/www.customywear.com\/es\/wp-json\/wp\/v2\/product"}],"about":[{"href":"https:\/\/www.customywear.com\/es\/wp-json\/wp\/v2\/types\/product"}],"replies":[{"embeddable":true,"href":"https:\/\/www.customywear.com\/es\/wp-json\/wp\/v2\/comments?post=20485"}],"wp:featuredmedia":[{"embeddable":true,"href":"https:\/\/www.customywear.com\/es\/wp-json\/wp\/v2\/media\/142595"}],"wp:attachment":[{"href":"https:\/\/www.customywear.com\/es\/wp-json\/wp\/v2\/media?parent=20485"}],"wp:term":[{"taxonomy":"product_brand","embeddable":true,"href":"https:\/\/www.customywear.com\/es\/wp-json\/wp\/v2\/product_brand?post=20485"},{"taxonomy":"product_cat","embeddable":true,"href":"https:\/\/www.customywear.com\/es\/wp-json\/wp\/v2\/product_cat?post=20485"},{"taxonomy":"product_tag","embeddable":true,"href":"https:\/\/www.customywear.com\/es\/wp-json\/wp\/v2\/product_tag?post=20485"}],"curies":[{"name":"wp","href":"https:\/\/api.w.org\/{rel}","templated":true}]}}