{"id":20496,"date":"2023-07-28T13:36:31","date_gmt":"2023-07-28T13:36:31","guid":{"rendered":"https:\/\/www.customywear.com\/?post_type=product&#038;p=20496"},"modified":"2026-05-07T15:29:56","modified_gmt":"2026-05-07T15:29:56","slug":"camisa-china-personalizada-para-nina-regalo-para-jovenes","status":"publish","type":"product","link":"https:\/\/www.customywear.com\/es\/custom-chinese-girl-shirt-youngsters-gift\/","title":{"rendered":"Camisa china personalizada para ni\u00f1a | Regalo personalizado para jovencita"},"content":{"rendered":"<p>Realza el estilo de tu hija con nuestra &#034;Camiseta China Personalizada para Ni\u00f1a&#034;, una armoniosa combinaci\u00f3n de cultura y personalizaci\u00f3n dise\u00f1ada para deleitar a las m\u00e1s peque\u00f1as. S\u00e9 testigo de la magia mientras la foto de tu peque\u00f1a se transforma meticulosamente en un cautivador retrato vectorial, que la retrata ataviada con una encantadora prenda tradicional china. Esta camiseta personalizada no es solo ropa; es un lienzo para la creatividad y un regalo conmovedor que alegra tanto a ni\u00f1os como a padres. Dise\u00f1adas con la vitalidad de la juventud en mente, nuestras camisetas de manga corta y manga larga fusionan a la perfecci\u00f3n la tradici\u00f3n y la est\u00e9tica contempor\u00e1nea. Nuestros h\u00e1biles dise\u00f1adores emplean Adobe Illustrator y Adobe Photoshop para dar vida a cada dise\u00f1o, creando im\u00e1genes intrincadas que conectan tanto con ni\u00f1os como con adultos. Con tecnolog\u00eda de impresi\u00f3n DTG de vanguardia, garantizamos la durabilidad de tu obra maestra personalizada, dise\u00f1ada para una comodidad unisex y disponible para todas las edades, desde beb\u00e9s hasta adultos. Aprovecha el poder de la moda unisex que conecta generaciones. Emb\u00e1rcate en un viaje de personalizaci\u00f3n incorporando la cara de tu hijo o hija al dise\u00f1o, e incluso la de tus queridas mascotas. Estas camisetas son m\u00e1s que prendas; son recuerdos vivos que capturan la fantas\u00eda y la inocencia de la infancia. Del\u00e9itate con la precisi\u00f3n de nuestro arte vectorial de alta calidad, que captura con maestr\u00eda el esp\u00edritu de la tradici\u00f3n y la individualidad. Realza el vestuario de tu hijo con esta camiseta china personalizada para ni\u00f1a: donde la cultura, la personalizaci\u00f3n y la exuberancia juvenil convergen para crear una obra maestra que conecta con la familia y la diversi\u00f3n.<\/p>","protected":false},"excerpt":{"rendered":"<p>Delight youngsters with a Custom Chinese Girl Shirt. The Personalized Youngster&#8217;s Gift Tee turns any photo into a fun, one-of-a-kind t-shirt.<\/p>","protected":false},"featured_media":142637,"comment_status":"open","ping_status":"closed","template":"","meta":{"_acf_changed":false},"product_brand":[],"product_cat":[6193,703,6412,6428],"product_tag":[6433,6439,65,156],"class_list":{"0":"post-20496","1":"product","2":"type-product","3":"status-publish","4":"has-post-thumbnail","6":"product_cat-girls-t-shirts","7":"product_cat-custom-gifts-chinese-tradition","8":"product_cat-photo-to-tees","9":"product_cat-translate-products","10":"product_tag-ai-artwork","11":"product_tag-ai-kids-artwork","12":"product_tag-kid","13":"product_tag-youth-girl","15":"first","16":"instock","17":"taxable","18":"shipping-taxable","19":"purchasable","20":"product-type-simple"},"acf":[],"wcpa_form_fields":null,"_links":{"self":[{"href":"https:\/\/www.customywear.com\/es\/wp-json\/wp\/v2\/product\/20496","targetHints":{"allow":["GET"]}}],"collection":[{"href":"https:\/\/www.customywear.com\/es\/wp-json\/wp\/v2\/product"}],"about":[{"href":"https:\/\/www.customywear.com\/es\/wp-json\/wp\/v2\/types\/product"}],"replies":[{"embeddable":true,"href":"https:\/\/www.customywear.com\/es\/wp-json\/wp\/v2\/comments?post=20496"}],"wp:featuredmedia":[{"embeddable":true,"href":"https:\/\/www.customywear.com\/es\/wp-json\/wp\/v2\/media\/142637"}],"wp:attachment":[{"href":"https:\/\/www.customywear.com\/es\/wp-json\/wp\/v2\/media?parent=20496"}],"wp:term":[{"taxonomy":"product_brand","embeddable":true,"href":"https:\/\/www.customywear.com\/es\/wp-json\/wp\/v2\/product_brand?post=20496"},{"taxonomy":"product_cat","embeddable":true,"href":"https:\/\/www.customywear.com\/es\/wp-json\/wp\/v2\/product_cat?post=20496"},{"taxonomy":"product_tag","embeddable":true,"href":"https:\/\/www.customywear.com\/es\/wp-json\/wp\/v2\/product_tag?post=20496"}],"curies":[{"name":"wp","href":"https:\/\/api.w.org\/{rel}","templated":true}]}}