{"id":20749,"date":"2023-07-28T13:40:36","date_gmt":"2023-07-28T13:40:36","guid":{"rendered":"https:\/\/www.customywear.com\/?post_type=product&#038;p=20749"},"modified":"2026-05-05T20:24:11","modified_gmt":"2026-05-05T20:24:11","slug":"camiseta-personalizada-con-retrato-de-baterista","status":"publish","type":"product","link":"https:\/\/www.customywear.com\/es\/custom-drummer-portrait-tee\/","title":{"rendered":"Camiseta personalizada con retrato de baterista | Camiseta personalizada de m\u00fasico"},"content":{"rendered":"<p>Mejora tu estilo y demuestra tu pasi\u00f3n por la m\u00fasica con nuestra exquisita camiseta personalizada de baterista. Dise\u00f1ada a la perfecci\u00f3n, esta camiseta unisex de manga larga y manga corta captura la esencia de la bater\u00eda a trav\u00e9s de un impresionante retrato vectorial, todo a partir de tu foto favorita. Ya seas un m\u00fasico experimentado, un profesor de m\u00fasica dedicado o simplemente alguien que ama el ritmo, esta camiseta musical personalizada es un verdadero testimonio de tu esp\u00edritu musical. Experimenta la magia del dise\u00f1o personalizado mientras transformamos tu foto en un baterista impresionante tocando la bater\u00eda. Esta camiseta musical \u00fanica es el regalo perfecto para los entusiastas de la bater\u00eda de todas las edades, desde adultos y j\u00f3venes hasta ni\u00f1os y beb\u00e9s. Abraza el ritmo y el groove con un dise\u00f1o que resuena con tu identidad musical. Sum\u00e9rgete en los detalles m\u00e1s finos, que cobran vida gracias a las h\u00e1biles manos de nuestros dise\u00f1adores que emplean herramientas l\u00edderes en la industria como Adobe Illustrator y Adobe Photoshop. \u00bfEl resultado? Una obra maestra de arte vectorial de alta calidad, tan \u00fanica como t\u00fa. Esta camiseta personalizada no es solo una prenda; es un lienzo para expresarte. Con la opci\u00f3n de personalizarla con el rostro de cualquier persona o mascota, puedes personalizarla a tu gusto. No pierdas la oportunidad de tener una obra de arte que combine a la perfecci\u00f3n con tu trayectoria musical. \u00a1Explora el mundo de las posibilidades de personalizaci\u00f3n hoy mismo!<\/p>","protected":false},"excerpt":{"rendered":"<p>Rock Out con una camiseta de retrato de baterista personalizada. La camiseta de m\u00fasico personalizada transforma cualquier foto en una camiseta \u00fanica con tem\u00e1tica musical.<\/p>","protected":false},"featured_media":142684,"comment_status":"open","ping_status":"closed","template":"","meta":{"_acf_changed":false},"product_brand":[],"product_cat":[6195,1577,186,6340,1582,6412,6428],"product_tag":[6433,1578,6216,1583,1580],"class_list":{"0":"post-20749","1":"product","2":"type-product","3":"status-publish","4":"has-post-thumbnail","6":"product_cat-t-shirts-men","7":"product_cat-custom-gifts-drummers","8":"product_cat-men","9":"product_cat-mens-music-t-shirts","10":"product_cat-music","11":"product_cat-photo-to-tees","12":"product_cat-translate-products","13":"product_tag-ai-artwork","14":"product_tag-gift_for_drummer","15":"product_tag-mens-custom-t-shirts","16":"product_tag-music","17":"product_tag-music_teacher_shirt","19":"first","20":"instock","21":"taxable","22":"shipping-taxable","23":"purchasable","24":"product-type-simple"},"acf":[],"wcpa_form_fields":null,"_links":{"self":[{"href":"https:\/\/www.customywear.com\/es\/wp-json\/wp\/v2\/product\/20749","targetHints":{"allow":["GET"]}}],"collection":[{"href":"https:\/\/www.customywear.com\/es\/wp-json\/wp\/v2\/product"}],"about":[{"href":"https:\/\/www.customywear.com\/es\/wp-json\/wp\/v2\/types\/product"}],"replies":[{"embeddable":true,"href":"https:\/\/www.customywear.com\/es\/wp-json\/wp\/v2\/comments?post=20749"}],"wp:featuredmedia":[{"embeddable":true,"href":"https:\/\/www.customywear.com\/es\/wp-json\/wp\/v2\/media\/142684"}],"wp:attachment":[{"href":"https:\/\/www.customywear.com\/es\/wp-json\/wp\/v2\/media?parent=20749"}],"wp:term":[{"taxonomy":"product_brand","embeddable":true,"href":"https:\/\/www.customywear.com\/es\/wp-json\/wp\/v2\/product_brand?post=20749"},{"taxonomy":"product_cat","embeddable":true,"href":"https:\/\/www.customywear.com\/es\/wp-json\/wp\/v2\/product_cat?post=20749"},{"taxonomy":"product_tag","embeddable":true,"href":"https:\/\/www.customywear.com\/es\/wp-json\/wp\/v2\/product_tag?post=20749"}],"curies":[{"name":"wp","href":"https:\/\/api.w.org\/{rel}","templated":true}]}}