{"id":20762,"date":"2023-07-28T13:40:45","date_gmt":"2023-07-28T13:40:45","guid":{"rendered":"https:\/\/www.customywear.com\/?post_type=product&#038;p=20762"},"modified":"2026-05-05T20:24:10","modified_gmt":"2026-05-05T20:24:10","slug":"camisa-de-sirena-personalizada-para-el","status":"publish","type":"product","link":"https:\/\/www.customywear.com\/es\/custom-mermaid-shirt-for-him\/","title":{"rendered":"Captura tu amor bajo las olas: Camisa de sirena personalizada para \u00e9l"},"content":{"rendered":"<p>Desata una ola de romance con nuestro <strong>Captura tu amor bajo las olas: Camisa de sirena personalizada para \u00e9l<\/strong>. \u200d\u2642\ufe0f Sum\u00e9rgete en un mundo de fantas\u00eda mientras te preparamos de manera experta. <strong>Transforma tus fotos en cautivadores retratos vectoriales<\/strong>Retrat\u00e1ndote a ti y a tu ser querido como sirenas danzando bajo la superficie del oc\u00e9ano. Esta camiseta personalizada es un regalo emotivo para los amantes del oc\u00e9ano, capturando la esencia de su conexi\u00f3n con detalles art\u00edsticos. Nuestros h\u00e1biles artesanos utilizan la magia de Adobe Illustrator y Adobe Photoshop, garantizando que tu visi\u00f3n se haga realidad meticulosamente. \u00bfEl resultado? <strong>arte vectorial de alta calidad<\/strong> Obra maestra, cuidadosamente impresa con tecnolog\u00eda DTG avanzada. Vibrantes y atemporales, estos colores evocan la belleza del mar. Experimenta el encanto de nuestras camisetas unisex personalizadas, dise\u00f1adas para todas las edades, desde adultos hasta ni\u00f1os peque\u00f1os. Una combinaci\u00f3n armoniosa de estilo y comodidad garantiza el ajuste perfecto para todos los miembros de tu familia, incluyendo a tus amigos peludos. Nuestra colecci\u00f3n presenta una variedad de dise\u00f1os cautivadores, cada uno elaborado con la misma dedicaci\u00f3n a la creatividad y la precisi\u00f3n. \u00bfPor qu\u00e9 elegir nuestra camiseta &#034;Captura tu Amor Bajo las Olas: Sirena Personalizada&#034; para \u00e9l? <strong>Romance personalizado:<\/strong> Transp\u00f3rtate a ti mismo y a tu pareja a un reino submarino, con vuestra historia de amor representada como compa\u00f1eras sirenas bajo las olas. <strong>El arte reinventado:<\/strong> Nuestros artesanos emplean herramientas de dise\u00f1o de primer nivel para capturar la esencia de su conexi\u00f3n, creando arte vectorial complejo y de alta calidad. <strong>Vibraci\u00f3n eterna:<\/strong> La impresi\u00f3n DTG garantiza que los colores se mantengan vivos y duraderos, reflejando el encanto eterno del oc\u00e9ano. <strong>Atractivo eterno:<\/strong> Dise\u00f1adas para todas las edades, nuestras camisetas unisex ofrecen una combinaci\u00f3n perfecta de comodidad y estilo, reflejando la magia duradera del amor. <strong>Lazos preciados:<\/strong> Desde las relaciones humanas hasta la preciada conexi\u00f3n con tus queridas mascotas, nuestros dise\u00f1os capturan lo que m\u00e1s importa. Sum\u00e9rgete en la magia del arte personalizado con nuestra camisa personalizada &#034;Captura tu Amor Bajo las Olas&#034;: Sirena para \u00c9l. Realza tu guardarropa con el encanto del mar y celebra tu conexi\u00f3n con un estilo \u00fanico. Sum\u00e9rgete en nuestra cautivadora colecci\u00f3n y deja que tu atuendo se convierta en un lienzo para tus emociones m\u00e1s profundas. Comienza tu viaje personalizado hoy mismo.<\/p>","protected":false},"excerpt":{"rendered":"<p>Captura tu amor bajo las olas con una camisa de sirena personalizada para \u00e9l. Las camisetas personalizadas convierten cualquier foto en un recuerdo \u00fanico inspirado en el oc\u00e9ano.<\/p>","protected":false},"featured_media":142990,"comment_status":"open","ping_status":"closed","template":"","meta":{"_acf_changed":false},"product_brand":[],"product_cat":[6195,1615,186,6343,6412,6428],"product_tag":[6433,1616,352,6216,1617,1618,2457],"class_list":{"0":"post-20762","1":"product","2":"type-product","3":"status-publish","4":"has-post-thumbnail","6":"product_cat-t-shirts-men","7":"product_cat-custom-gifts-mermaid","8":"product_cat-men","9":"product_cat-mens-anniversary-t-shirts","10":"product_cat-photo-to-tees","11":"product_cat-translate-products","12":"product_tag-ai-artwork","13":"product_tag-custom-arts-mermaid","14":"product_tag-honeymoon_shirt","15":"product_tag-mens-custom-t-shirts","16":"product_tag-mermaid_gifts","17":"product_tag-mermaid_shirt","18":"product_tag-ocean_shirt","20":"first","21":"instock","22":"taxable","23":"shipping-taxable","24":"purchasable","25":"product-type-simple"},"acf":[],"wcpa_form_fields":null,"_links":{"self":[{"href":"https:\/\/www.customywear.com\/es\/wp-json\/wp\/v2\/product\/20762","targetHints":{"allow":["GET"]}}],"collection":[{"href":"https:\/\/www.customywear.com\/es\/wp-json\/wp\/v2\/product"}],"about":[{"href":"https:\/\/www.customywear.com\/es\/wp-json\/wp\/v2\/types\/product"}],"replies":[{"embeddable":true,"href":"https:\/\/www.customywear.com\/es\/wp-json\/wp\/v2\/comments?post=20762"}],"wp:featuredmedia":[{"embeddable":true,"href":"https:\/\/www.customywear.com\/es\/wp-json\/wp\/v2\/media\/142990"}],"wp:attachment":[{"href":"https:\/\/www.customywear.com\/es\/wp-json\/wp\/v2\/media?parent=20762"}],"wp:term":[{"taxonomy":"product_brand","embeddable":true,"href":"https:\/\/www.customywear.com\/es\/wp-json\/wp\/v2\/product_brand?post=20762"},{"taxonomy":"product_cat","embeddable":true,"href":"https:\/\/www.customywear.com\/es\/wp-json\/wp\/v2\/product_cat?post=20762"},{"taxonomy":"product_tag","embeddable":true,"href":"https:\/\/www.customywear.com\/es\/wp-json\/wp\/v2\/product_tag?post=20762"}],"curies":[{"name":"wp","href":"https:\/\/api.w.org\/{rel}","templated":true}]}}