{"id":21415,"date":"2023-07-28T13:50:00","date_gmt":"2023-07-28T13:50:00","guid":{"rendered":"https:\/\/www.customywear.com\/?post_type=product&#038;p=21415"},"modified":"2026-05-05T20:23:29","modified_gmt":"2026-05-05T20:23:29","slug":"camiseta-de-yoga-de-playa-personalizada-para-mujer","status":"publish","type":"product","link":"https:\/\/www.customywear.com\/es\/personalized-womens-beach-yoga-shirt\/","title":{"rendered":"Camiseta de yoga de playa personalizada para mujer | Camiseta de yoga personalizada"},"content":{"rendered":"<p>Disfruta de la serenidad del yoga en la playa con nuestra Camiseta de Yoga de Playa Personalizada para Mujer, dise\u00f1ada para mujeres de todas las edades, incluyendo adultas, j\u00f3venes, ni\u00f1as y beb\u00e9s. Crearemos con tu foto una ilustraci\u00f3n encantadora que te har\u00e1 parecer que practicas yoga en una hermosa playa. Esta camiseta personalizada celebra tu pasi\u00f3n por el yoga y la naturaleza, irradiando positividad y convirti\u00e9ndose en tu mejor opci\u00f3n. Elaborada con precisi\u00f3n mediante impresi\u00f3n DTG, nuestra camiseta unisex ofrece una calidad excepcional y colores vibrantes, garantizando una comodidad inigualable. Adem\u00e1s, puedes personalizarla con el rostro de cualquier persona o mascota, convirtiendo cada dise\u00f1o en un recuerdo \u00fanico y preciado. Vive la armoniosa conexi\u00f3n entre el yoga y la naturaleza: \u00a1pide ahora tu Camiseta de Yoga de Playa Personalizada para Mujer y deja que tu paz interior brille con un toque personal!<\/p>\n<p>Rel\u00e1jate con la tranquila pr\u00e1ctica de yoga en la playa gracias a nuestra Camiseta de Yoga de Playa Personalizada para Mujer, dise\u00f1ada para mujeres de todas las edades, incluyendo adultas, j\u00f3venes, ni\u00f1as y beb\u00e9s. Crearemos con tu foto una ilustraci\u00f3n encantadora que te har\u00e1 parecer que practicas yoga en una hermosa playa. Esta camiseta personalizada celebra tu pasi\u00f3n por el yoga y la naturaleza, irradiando positividad y convirti\u00e9ndose en tu mejor opci\u00f3n. Elaborada con precisi\u00f3n mediante impresi\u00f3n DTG, nuestra camiseta unisex ofrece una calidad excepcional y colores vibrantes, garantizando una comodidad inigualable. Adem\u00e1s, puedes personalizarla con el rostro de cualquier persona o mascota, convirtiendo cada dise\u00f1o en un recuerdo \u00fanico y preciado. \u00a1Siente la armoniosa conexi\u00f3n entre el yoga y la naturaleza! \u00a1Pide ahora tu Camiseta de Yoga de Playa Personalizada para Mujer y deja que tu paz interior brille con un toque personal!<\/p>","protected":false},"excerpt":{"rendered":"<p>Stretch in style with a Personalized Women&#8217;s Beach Yoga Shirt. Custom tees turn photos into serene, yoga-inspired designs.<\/p>","protected":false},"featured_media":143219,"comment_status":"open","ping_status":"closed","template":"","meta":{"_acf_changed":false},"product_brand":[],"product_cat":[6191,6412,6428,6362,6248],"product_tag":[6433,6217,576,326,112,594],"class_list":{"0":"post-21415","1":"product","2":"type-product","3":"status-publish","4":"has-post-thumbnail","6":"product_cat-t-shirts-women","7":"product_cat-photo-to-tees","8":"product_cat-translate-products","9":"product_cat-womens-yoga-t-shirts","10":"product_cat-yoga-gifts","11":"product_tag-ai-artwork","12":"product_tag-custom-t-shirt","13":"product_tag-cute-yoga-shirts","14":"product_tag-sports","15":"product_tag-women","16":"product_tag-yoga_tee_shirt","18":"first","19":"instock","20":"taxable","21":"shipping-taxable","22":"purchasable","23":"product-type-simple"},"acf":[],"wcpa_form_fields":null,"_links":{"self":[{"href":"https:\/\/www.customywear.com\/es\/wp-json\/wp\/v2\/product\/21415","targetHints":{"allow":["GET"]}}],"collection":[{"href":"https:\/\/www.customywear.com\/es\/wp-json\/wp\/v2\/product"}],"about":[{"href":"https:\/\/www.customywear.com\/es\/wp-json\/wp\/v2\/types\/product"}],"replies":[{"embeddable":true,"href":"https:\/\/www.customywear.com\/es\/wp-json\/wp\/v2\/comments?post=21415"}],"wp:featuredmedia":[{"embeddable":true,"href":"https:\/\/www.customywear.com\/es\/wp-json\/wp\/v2\/media\/143219"}],"wp:attachment":[{"href":"https:\/\/www.customywear.com\/es\/wp-json\/wp\/v2\/media?parent=21415"}],"wp:term":[{"taxonomy":"product_brand","embeddable":true,"href":"https:\/\/www.customywear.com\/es\/wp-json\/wp\/v2\/product_brand?post=21415"},{"taxonomy":"product_cat","embeddable":true,"href":"https:\/\/www.customywear.com\/es\/wp-json\/wp\/v2\/product_cat?post=21415"},{"taxonomy":"product_tag","embeddable":true,"href":"https:\/\/www.customywear.com\/es\/wp-json\/wp\/v2\/product_tag?post=21415"}],"curies":[{"name":"wp","href":"https:\/\/api.w.org\/{rel}","templated":true}]}}