{"id":21423,"date":"2023-07-28T13:50:22","date_gmt":"2023-07-28T13:50:22","guid":{"rendered":"https:\/\/www.customywear.com\/?post_type=product&#038;p=21423"},"modified":"2026-05-05T20:24:07","modified_gmt":"2026-05-05T20:24:07","slug":"camiseta-de-luchador","status":"publish","type":"product","link":"https:\/\/www.customywear.com\/es\/wrestler-man-wrestling-shirt\/","title":{"rendered":"Camiseta de lucha libre de hombre luchador"},"content":{"rendered":"<p>Convi\u00e9rtete en una fuerza imparable de la lucha libre con nuestra camiseta personalizada. Nuestro talentoso equipo de artistas te tomar\u00e1 una foto y crear\u00e1 con maestr\u00eda una figura de luchador excepcional, haci\u00e9ndote lucir como un verdadero campe\u00f3n. Con atenci\u00f3n al detalle y precisi\u00f3n, capturamos la esencia del poder y la fuerza en cada dise\u00f1o.<\/p>\n<p>Fabricadas con materiales de alta calidad, nuestras camisetas son c\u00f3modas y duraderas, perfectas para lucir tu lado luchador en eventos o para el d\u00eda a d\u00eda. Saca a relucir tu lado guerrero y marca la diferencia con nuestra camiseta de lucha personalizada que dejar\u00e1 a todos maravillados con tu imponente presencia.<\/p>","protected":false},"excerpt":{"rendered":"<p>Lucha con estilo con una camisa de lucha libre hombre luchador. Las camisetas personalizadas convierten las fotos en dise\u00f1os atrevidos y atl\u00e9ticos.<\/p>","protected":false},"featured_media":143261,"comment_status":"open","ping_status":"closed","template":"","meta":{"_acf_changed":false},"product_brand":[],"product_cat":[6195,526,186,6339,6412,6428],"product_tag":[6433,6217,6165,546,6216],"class_list":{"0":"post-21423","1":"product","2":"type-product","3":"status-publish","4":"has-post-thumbnail","6":"product_cat-t-shirts-men","7":"product_cat-gym-shirts","8":"product_cat-men","9":"product_cat-mens-sports-t-shirts","10":"product_cat-photo-to-tees","11":"product_cat-translate-products","12":"product_tag-ai-artwork","13":"product_tag-custom-t-shirt","14":"product_tag-custom-gym-tees","15":"product_tag-gym","16":"product_tag-mens-custom-t-shirts","18":"first","19":"instock","20":"taxable","21":"shipping-taxable","22":"purchasable","23":"product-type-simple"},"acf":[],"wcpa_form_fields":null,"_links":{"self":[{"href":"https:\/\/www.customywear.com\/es\/wp-json\/wp\/v2\/product\/21423","targetHints":{"allow":["GET"]}}],"collection":[{"href":"https:\/\/www.customywear.com\/es\/wp-json\/wp\/v2\/product"}],"about":[{"href":"https:\/\/www.customywear.com\/es\/wp-json\/wp\/v2\/types\/product"}],"replies":[{"embeddable":true,"href":"https:\/\/www.customywear.com\/es\/wp-json\/wp\/v2\/comments?post=21423"}],"wp:featuredmedia":[{"embeddable":true,"href":"https:\/\/www.customywear.com\/es\/wp-json\/wp\/v2\/media\/143261"}],"wp:attachment":[{"href":"https:\/\/www.customywear.com\/es\/wp-json\/wp\/v2\/media?parent=21423"}],"wp:term":[{"taxonomy":"product_brand","embeddable":true,"href":"https:\/\/www.customywear.com\/es\/wp-json\/wp\/v2\/product_brand?post=21423"},{"taxonomy":"product_cat","embeddable":true,"href":"https:\/\/www.customywear.com\/es\/wp-json\/wp\/v2\/product_cat?post=21423"},{"taxonomy":"product_tag","embeddable":true,"href":"https:\/\/www.customywear.com\/es\/wp-json\/wp\/v2\/product_tag?post=21423"}],"curies":[{"name":"wp","href":"https:\/\/api.w.org\/{rel}","templated":true}]}}