{"id":28190,"date":"2024-01-06T13:54:12","date_gmt":"2024-01-06T13:54:12","guid":{"rendered":"https:\/\/www.customywear.com\/?post_type=product&#038;p=28190"},"modified":"2026-05-12T12:02:03","modified_gmt":"2026-05-12T12:02:03","slug":"camiseta-con-flores-de-san-valentin-para-parejas","status":"publish","type":"product","link":"https:\/\/www.customywear.com\/es\/couples-valentines-flowers-t-shirt\/","title":{"rendered":"Camiseta personalizada con foto y flores de San Valent\u00edn para pareja: s\u00edmbolo de coraz\u00f3n personalizado"},"content":{"rendered":"<p><span data-sheets-root=\"1\" data-sheets-value=\"{&quot;1&quot;:2,&quot;2&quot;:&quot;Embark on a journey through love's most cherished memories with our exceptional Valentines Flowers Custom Photo T-Shirt, thoughtfully designed for couples who believe in celebrating their unique connection. This extraordinary piece of wearable art is not just a shirt; it's a canvas for your most treasured moments. Our skilled designers harness their expertise to transform your beloved photos into a masterpiece. With options including unisex adult short sleeve and long sleeve t-shirts, youth and toddler variants, as well as customizable mugs and posters, our collection ensures there's a perfect fit for both partners.rnrnOur design team meticulously removes backgrounds, ensuring precision in color and brightness adjustments while applying subtle Photoshop effects to amplify the beauty of your photos. Each personalized item is a testament to the shared journey of love, ready to be flaunted or displayed as a symbol of your beautiful bond. Gift yourselves a unique experience as a couple with our Valentines Flowers Tee, a tangible representation of the depth of your relationship.&quot;}\" data-sheets-userformat=\"{&quot;2&quot;:4224,&quot;10&quot;:1,&quot;15&quot;:&quot;Arial&quot;}\">Emb\u00e1rcate en un viaje a trav\u00e9s de los recuerdos m\u00e1s preciados del amor con nuestra excepcional camiseta personalizada con foto &#034;Flores de San Valent\u00edn&#034;, dise\u00f1ada cuidadosamente para parejas que creen en celebrar su conexi\u00f3n \u00fanica. Esta extraordinaria pieza de arte para vestir no es solo una camiseta; es un lienzo para tus momentos m\u00e1s preciados. Nuestros h\u00e1biles dise\u00f1adores aprovechan su experiencia para transformar tus fotos favoritas en una obra maestra. Con opciones que incluyen camisetas unisex de manga corta y manga larga para adultos, versiones para ni\u00f1os y beb\u00e9s, as\u00ed como tazas y p\u00f3steres personalizables, nuestra colecci\u00f3n garantiza la combinaci\u00f3n perfecta para ambos.<\/span> Nuestro equipo de dise\u00f1o elimina meticulosamente los fondos, garantizando la precisi\u00f3n en los ajustes de color y brillo, a la vez que aplica sutiles efectos de Photoshop para realzar la belleza de sus fotos. Cada art\u00edculo personalizado es un testimonio de la historia de amor compartida, listo para lucirse o exhibirse como s\u00edmbolo de su hermoso v\u00ednculo. Reg\u00e1lense una experiencia \u00fanica en pareja con nuestra camiseta Valentines Flowers, una representaci\u00f3n tangible de la profundidad de su relaci\u00f3n. <\/p>","protected":false},"excerpt":{"rendered":"<p>Combina los corazones con la camiseta personalizada de las flores de San Valent\u00edn de la pareja. Las camisetas personalizadas transforman las fotos en dise\u00f1os compartidos con temas de amor.<\/p>","protected":false},"featured_media":96924,"comment_status":"open","ping_status":"closed","template":"","meta":{"_acf_changed":false},"product_brand":[],"product_cat":[6197,6372,6117,6412,6428,6441,251],"product_tag":[6116,6218,237],"class_list":{"0":"post-28190","1":"product","2":"type-product","3":"status-publish","4":"has-post-thumbnail","6":"product_cat-t-shirts-couple","7":"product_cat-couples-valentines-day-t-shirts","8":"product_cat-custom-gifts-flower-heart","9":"product_cat-photo-to-tees","10":"product_cat-translate-products","11":"product_cat-v2-couple","12":"product_cat-valentines-day","13":"product_tag-color-splash-flower-heart","14":"product_tag-making-your-own-t-shirts","15":"product_tag-personalized-t-shirts","16":"wcpa_has_options","18":"first","19":"instock","20":"taxable","21":"shipping-taxable","22":"purchasable","23":"product-type-simple"},"acf":[],"wcpa_form_fields":{"wcpaData":{"product":{"product_price":24.99,"price_html":"<span class=\"wmc-wc-price\" ><span class=\"woocommerce-Price-amount amount\"><bdi><span class=\"woocommerce-Price-currencySymbol\">&euro;<\/span>24,99<\/bdi><\/span><span data-wmc_price_cache=\"{&quot;USD&quot;:&quot;&lt;span class=\\&quot;woocommerce-Price-amount amount\\&quot;&gt;&lt;bdi&gt;&lt;span class=\\&quot;woocommerce-Price-currencySymbol\\&quot;&gt;&amp;#36;&lt;\\\/span&gt;29,24&lt;\\\/bdi&gt;&lt;\\\/span&gt;&quot;,&quot;EUR&quot;:&quot;&lt;span class=\\&quot;woocommerce-Price-amount amount\\&quot;&gt;&lt;bdi&gt;&lt;span class=\\&quot;woocommerce-Price-currencySymbol\\&quot;&gt;&amp;euro;&lt;\\\/span&gt;24,99&lt;\\\/bdi&gt;&lt;\\\/span&gt;&quot;,&quot;CAD&quot;:&quot;&lt;span class=\\&quot;woocommerce-Price-amount amount\\&quot;&gt;&lt;bdi&gt;&lt;span class=\\&quot;woocommerce-Price-currencySymbol\\&quot;&gt;CAD$ &lt;\\\/span&gt;40,23&lt;\\\/bdi&gt;&lt;\\\/span&gt;&quot;,&quot;GBP&quot;:&quot;&lt;span class=\\&quot;woocommerce-Price-amount amount\\&quot;&gt;&lt;bdi&gt;&lt;span class=\\&quot;woocommerce-Price-currencySymbol\\&quot;&gt;&amp;pound;&lt;\\\/span&gt;21,74&lt;\\\/bdi&gt;&lt;\\\/span&gt;&quot;,&quot;PLN&quot;:&quot;&lt;span class=\\&quot;woocommerce-Price-amount amount\\&quot;&gt;&lt;bdi&gt;&lt;span class=\\&quot;woocommerce-Price-currencySymbol\\&quot;&gt;z\\u0142 &lt;\\\/span&gt;106,21&lt;\\\/bdi&gt;&lt;\\\/span&gt;&quot;,&quot;SEK&quot;:&quot;&lt;span class=\\&quot;woocommerce-Price-amount amount\\&quot;&gt;&lt;bdi&gt;&lt;span class=\\&quot;woocommerce-Price-currencySymbol\\&quot;&gt;kr &lt;\\\/span&gt;272,14&lt;\\\/bdi&gt;&lt;\\\/span&gt;&quot;,&quot;AUD&quot;:&quot;&lt;span class=\\&quot;woocommerce-Price-amount amount\\&quot;&gt;&lt;bdi&gt;&lt;span class=\\&quot;woocommerce-Price-currencySymbol\\&quot;&gt;AUD$ &lt;\\\/span&gt;40,48&lt;\\\/bdi&gt;&lt;\\\/span&gt;&quot;,&quot;JPY&quot;:&quot;&lt;span class=\\&quot;woocommerce-Price-amount amount\\&quot;&gt;&lt;bdi&gt;&lt;span class=\\&quot;woocommerce-Price-currencySymbol\\&quot;&gt;&amp;yen;&lt;\\\/span&gt;4.624,65&lt;\\\/bdi&gt;&lt;\\\/span&gt;&quot;,&quot;CZK&quot;:&quot;&lt;span class=\\&quot;woocommerce-Price-amount amount\\&quot;&gt;&lt;bdi&gt;&lt;span class=\\&quot;woocommerce-Price-currencySymbol\\&quot;&gt;K\\u010d &lt;\\\/span&gt;607,76&lt;\\\/bdi&gt;&lt;\\\/span&gt;&quot;,&quot;NZD&quot;:&quot;&lt;span class=\\&quot;woocommerce-Price-amount amount\\&quot;&gt;&lt;bdi&gt;&lt;span class=\\&quot;woocommerce-Price-currencySymbol\\&quot;&gt;NZD$ &lt;\\\/span&gt;49,23&lt;\\\/bdi&gt;&lt;\\\/span&gt;&quot;,&quot;CHF&quot;:&quot;&lt;span class=\\&quot;woocommerce-Price-amount amount\\&quot;&gt;&lt;bdi&gt;&lt;span class=\\&quot;woocommerce-Price-currencySymbol\\&quot;&gt;CHF &lt;\\\/span&gt;22,99&lt;\\\/bdi&gt;&lt;\\\/span&gt;&quot;}\" style=\"display: none;\" class=\"wmc-price-cache-list\"><\/span><\/span>","original_product_price":24.99,"price_including_tax":24.99,"price_excluding_tax":20.825,"product_id":{"parent":28190,"variation":false},"is_variable":false,"stock_status":"instock","stock_quantity":null,"parent_sku":"cwc 10014","product_attributes":{"pa_color":{"is_variation":false,"values":["black","white","navy","red"]},"pa_age-group":{"is_variation":false,"values":["adult"]},"pa_style":{"is_variation":false,"values":["couple-t-shirt"]},"pa_gender":{"is_variation":false,"values":["unisex"]},"pa_customization":{"is_variation":false,"values":["add-your-photo","add-your-text-or-name","add-your-logo"]},"pa_material":{"is_variation":false,"values":["100-cotton"]},"pa_key-details":{"is_variation":false,"values":["unisex","regular-fit","premium-quality","digital-art"]},"pa_brand":{"is_variation":false,"values":["customywear"]},"pa_size":{"is_variation":false,"values":["xs","s","m","l","xl","2xl","3xl"]},"pa_print-type":{"is_variation":false,"values":["dtg-print-direct-to-garment"]}},"custom_fields":[],"is_taxable":true,"product_name":"Couple's Valentines Flowers Custom Photo T-Shirt - Personalized Heart Symbol"},"fields":{"sec_668d392cdb359a":{"extra":{"key":"sec_668d392cdb359a","section_id":"sec_668d392cdb359a","name":"T-shirt size and color","status":1,"cl_rule":"show","enableCl":false,"relations":[],"toggle":true,"title_tag":"h4","show_title":false,"showPrice":"default","form_id":137337,"form_rules":{"exclude_from_discount":false,"fee_label":"Taxa","disp_hide_options_price":false,"disp_show_section_price":false,"disp_show_field_price":true,"layout_option":"standard","pric_use_as_fee":false,"process_fee_as":"woo_fee"},"layout_option":"standard"},"fields":[[{"active":true,"col":6,"relations":false,"cl_rule":"show","enableCl":false,"price":"","enablePrice":false,"className":"","label_position":"default","desc_position":"default","type":"color-group","required":false,"elementId":"color_group_6231271873","label":"Color","name":"color_group_6231271873","disp_type":"circle","values":[{"label":"Black","value":"Black","selected":false,"color":"#000000","tempId":"aco_909","gt_translate_keys":["label"]},{"label":"White","value":"White","selected":false,"color":"#ffffff","tempId":"aco_910","gt_translate_keys":["label"]},{"label":"Navy","value":"Navy","selected":false,"color":"#213a92","tempId":"aco_911","gt_translate_keys":["label"]},{"label":"Red","value":"Red","selected":false,"color":"#d0021b","tempId":"aco_1102","gt_translate_keys":["label"]}],"layOut":"inline","error":false,"tooltip":"Pick your preferred T-shirt color","selection_type":"tick-border","show_selected_option":true,"adjust_width":true,"show_label_inside":false,"cart_display_type":"text","gt_translate_keys":["label","tooltip"],"price_dependency":false,"cl_dependency":false,"value":""}],[{"active":true,"col":6,"relations":false,"cl_rule":"show","enableCl":false,"price":"","enablePrice":false,"className":"","label_position":"default","desc_position":"default","type":"radio-group","required":false,"elementId":"radio-group_068d392cdb35d9","label":"Size ","name":"radio-group_068d392cdb35d9","values":[{"label":"XS","value":"XS","selected":false,"tempId":"aco_128","gt_translate_keys":["label"]},{"label":"S","value":"S","selected":false,"tempId":"aco_129","gt_translate_keys":["label"]},{"label":"M","value":"M","selected":false,"tempId":"aco_130","gt_translate_keys":["label"]},{"label":"L","value":"L","selected":false,"tempId":"aco_212","gt_translate_keys":["label"]},{"label":"XL","value":"XL","selected":false,"tempId":"aco_222","gt_translate_keys":["label"]},{"label":"2XL","value":"2XL","selected":false,"tempId":"aco_286","gt_translate_keys":["label"]},{"label":"3XL","value":"3XL","selected":false,"tempId":"aco_350","gt_translate_keys":["label"]}],"layOut":"inline","error":false,"checkUi":"button","tooltip":"Choose your T-shirt size \u2013 suitable for both men and women.","show_selected_option":true,"gt_translate_keys":["label","tooltip"],"price_dependency":false,"cl_dependency":false,"value":""}],[{"active":true,"col":6,"relations":[{"operator":false,"rules":[{"operator":"AND","rules":{"cl_field":"select_1672e1bffc57b9","cl_relation":"is_empty","cl_val":true}}]}],"cl_rule":"hide","enableCl":false,"price":"","enablePrice":false,"className":"","label_position":"default","desc_position":"default","type":"file","required":false,"elementId":"file_968d392cdb35ef","name":"file_968d392cdb35ef","label":"Upload your photo(s)","upload_type":"droppable","uploadSize":"50","file_types":["images","docs","design"],"exts_supported":["jpg","jpeg","png","gif","webp","pdf","PSD"],"error":false,"hideImageIn_email":true,"multiple_upload":true,"max_file_count":"25","tooltip":"Upload a couple's photo or separate photos; we will combine both individuals together.","cartLabel":"Photo(s)","allowedFileTypes":".jpg,.jpeg,.png,.gif,.webp,.pdf,.PSD,image\/*,.doc,.docx,.xml,.dot,.docm,.dotm,.dotx,.htm,.html,.odt,.rtf,.txt,.wps,.xps,application\/msword,application\/vnd,.psd,.eps,.ai,.indd,.raw","gt_translate_keys":["label","tooltip"],"price_dependency":false,"cl_dependency":false,"value":""}],[{"active":true,"col":6,"relations":false,"cl_rule":"show","enableCl":false,"price":"","enablePrice":false,"className":"","label_position":"default","desc_position":"default","type":"checkbox","required":false,"elementId":"checkbox_468d392cdb360a","label":"View more options","name":"checkbox_468d392cdb360a","value":"","check_value":"Yes","checkUi":"","error":false,"hideFieldIn_cart":true,"hideFieldIn_order":true,"gt_translate_keys":["label","value","check_value"],"price_dependency":false,"cl_dependency":["text_868d392cdb366a","radio-group_268d392cdb3682","radio-group_368d392cdb3697"]}],[{"active":true,"col":6,"relations":[{"operator":false,"rules":[{"operator":"AND","rules":{"cl_field":"checkbox_468d392cdb360a","cl_relation":"is","cl_val":true}}]}],"cl_rule":"show","enableCl":true,"price":"","enablePrice":false,"className":"","label_position":"default","desc_position":"default","type":"text","subtype":"text","required":false,"elementId":"text_868d392cdb366a","label":"Add text to your T-shirt design (optional)","name":"text_868d392cdb366a","value":"","error":false,"tooltip":"Your text will be added to the top or bottom of the T-shirt design.","placeholder":"eg: Emma & John: Best Couple Ever","cartLabel":"Text","gt_translate_keys":["label","placeholder","value","tooltip"],"price_dependency":false,"cl_dependency":false}],[{"active":true,"col":6,"relations":[{"operator":false,"rules":[{"operator":"AND","rules":{"cl_field":"checkbox_468d392cdb360a","cl_relation":"is","cl_val":true}}]}],"cl_rule":"show","enableCl":true,"price":"","enablePrice":false,"className":"","label_position":"default","desc_position":"default","type":"radio-group","required":true,"elementId":"radio-group_268d392cdb3682","label":"Select t-shirt print location","name":"radio-group_268d392cdb3682","values":[{"label":"Front Side","value":"Front Side","selected":true,"tempId":"aco_5504","gt_translate_keys":["label"]},{"label":"Back Side","value":"Back Side","selected":false,"tempId":"aco_5505","gt_translate_keys":["label"]}],"layOut":"inline","error":false,"checkUi":"","cartLabel":"Print location","gt_translate_keys":["label"],"price_dependency":false,"cl_dependency":false,"value":""}],[{"active":true,"col":6,"relations":[{"operator":false,"rules":[{"operator":"AND","rules":{"cl_field":"checkbox_468d392cdb360a","cl_relation":"is","cl_val":true}}]}],"cl_rule":"show","enableCl":true,"price":"","enablePrice":false,"className":"","label_position":"default","desc_position":"default","type":"radio-group","required":false,"elementId":"radio-group_368d392cdb3697","label":"Would you like to review the design before printing?","name":"radio-group_368d392cdb3697","values":[{"label":"No","value":"No","selected":true,"tempId":"aco_6274","gt_translate_keys":["label"]},{"label":"Yes","value":"Yes","selected":false,"tempId":"aco_6275","price":"","gt_translate_keys":["label"]}],"layOut":"inline","error":false,"checkUi":"","priceOptions":"different_for_all","pricingType":"fixed","use_as_fee":false,"fee_label":"Preview Image","tooltip":"If yes, we\u2019ll email you a preview of the design before printing. This may add 1-2 days to delivery time.*","cartLabel":"Preview Image","hideFieldIn_cart":true,"hideFieldIn_order":false,"gt_translate_keys":["label","tooltip"],"price_dependency":false,"cl_dependency":["content_068d392cdb36ab"],"value":""}],[{"active":true,"col":6,"relations":[{"operator":false,"rules":[{"operator":"AND","rules":{"cl_field":"radio-group_368d392cdb3697","cl_relation":"is","cl_val":"Yes"}}]}],"cl_rule":"show","enableCl":true,"price":"","enablePrice":false,"className":"","label_position":"default","desc_position":"default","type":"content","required":false,"elementId":"content_068d392cdb36ab","label":"","name":"content_068d392cdb36ab","contentType":"plain","value":"Please check your inbox, including Spam or other folders, within 1-2 business days for the preview image","error":false,"subtype":"p","hideFieldIn_cart":true,"hideFieldIn_order":true,"gt_translate_keys":["label","value"],"price_dependency":false,"cl_dependency":false}]]}},"config":{"price_override":"","enable_recaptcha":false,"bind_quantity":false,"quantity_bind_formula":false,"disp_summ_show_option_price":false,"disp_summ_show_product_price":false,"disp_summ_show_total_price":false,"disp_summ_show_fee":false,"disp_summ_show_discount":false,"summary_title":"","options_total_label":"Pre\u00e7o das op\u00e7\u00f5es","total_label":"Total","options_product_label":"Pre\u00e7o do produto","fee_label":"Taxa","discount_label":"Discount","has_price":true,"has_quantity_formula":false},"mc_unit":1,"tax_rate":1,"tax_rate_real":0,"discount":{"percentage":0,"fixed":0},"design":{"conf":{"LabelPosition":"above","DescPosition":"above","UploadField":"default","QuantityFieldStyle":"default"},"css":{"LeftLabelWidth":"120px"}},"formulas":[],"clones":false,"cartKey":false}},"_links":{"self":[{"href":"https:\/\/www.customywear.com\/es\/wp-json\/wp\/v2\/product\/28190","targetHints":{"allow":["GET"]}}],"collection":[{"href":"https:\/\/www.customywear.com\/es\/wp-json\/wp\/v2\/product"}],"about":[{"href":"https:\/\/www.customywear.com\/es\/wp-json\/wp\/v2\/types\/product"}],"replies":[{"embeddable":true,"href":"https:\/\/www.customywear.com\/es\/wp-json\/wp\/v2\/comments?post=28190"}],"wp:featuredmedia":[{"embeddable":true,"href":"https:\/\/www.customywear.com\/es\/wp-json\/wp\/v2\/media\/96924"}],"wp:attachment":[{"href":"https:\/\/www.customywear.com\/es\/wp-json\/wp\/v2\/media?parent=28190"}],"wp:term":[{"taxonomy":"product_brand","embeddable":true,"href":"https:\/\/www.customywear.com\/es\/wp-json\/wp\/v2\/product_brand?post=28190"},{"taxonomy":"product_cat","embeddable":true,"href":"https:\/\/www.customywear.com\/es\/wp-json\/wp\/v2\/product_cat?post=28190"},{"taxonomy":"product_tag","embeddable":true,"href":"https:\/\/www.customywear.com\/es\/wp-json\/wp\/v2\/product_tag?post=28190"}],"curies":[{"name":"wp","href":"https:\/\/api.w.org\/{rel}","templated":true}]}}