{"id":34423,"date":"2024-04-24T02:24:14","date_gmt":"2024-04-24T02:24:14","guid":{"rendered":"https:\/\/www.customywear.com\/?post_type=product&#038;p=34423"},"modified":"2026-05-16T11:18:21","modified_gmt":"2026-05-16T11:18:21","slug":"camiseta-surf-joven","status":"publish","type":"product","link":"https:\/\/www.customywear.com\/es\/surf-shirt-for-youth\/","title":{"rendered":"Camiseta de surf para j\u00f3venes: \u00a1cautiva con ropa de surf personalizada!"},"content":{"rendered":"<p><span data-sheets-root=\"1\" data-sheets-value=\"{&quot;1&quot;:2,&quot;2&quot;:&quot;Surf Shirt for Youth: Dive into the surf culture with our custom-designed shirts for youth! Featuring vibrant graphics of their own surfing adventures, these tees offer both style and comfort for young beach enthusiasts. Embrace their love for the ocean and keep them looking cool in the waves with our personalized surf shirt for youth.&quot;}\" data-sheets-userformat=\"{&quot;2&quot;:897,&quot;3&quot;:{&quot;1&quot;:0},&quot;10&quot;:1,&quot;11&quot;:3,&quot;12&quot;:0}\">Camiseta de Surf para J\u00f3venes: \u00a1Sum\u00e9rgete en la cultura del surf con nuestras camisetas personalizadas! Con vibrantes gr\u00e1ficos de sus propias aventuras surferas, estas camisetas ofrecen estilo y comodidad para los j\u00f3venes amantes de la playa. Demuestra su pasi\u00f3n por el oc\u00e9ano y haz que se vean geniales en las olas con nuestra camiseta de surf personalizada.<\/span><\/p>","protected":false},"excerpt":{"rendered":"<p>Haz un chapoteo con una camiseta de surf para j\u00f3venes. Las camisetas de surfwear personalizadas transforman cualquier foto en una camiseta juguetona y \u00fanica.<\/p>","protected":false},"featured_media":143158,"comment_status":"open","ping_status":"closed","template":"","meta":{"_acf_changed":false},"product_brand":[],"product_cat":[6189,1189,6412,307,6428],"product_tag":[6433,6439,6221,6330,6442],"class_list":{"0":"post-34423","1":"product","2":"type-product","3":"status-publish","4":"has-post-thumbnail","6":"product_cat-boys-t-shirts","7":"product_cat-custom-gifts-surfing","8":"product_cat-photo-to-tees","9":"product_cat-summer","10":"product_cat-translate-products","11":"product_tag-ai-artwork","12":"product_tag-ai-kids-artwork","13":"product_tag-custom-t-shirts-near-me","14":"product_tag-photo-print-t-shirt-for-boys","15":"product_tag-top-artwork","17":"first","18":"instock","19":"taxable","20":"shipping-taxable","21":"purchasable","22":"product-type-simple"},"acf":[],"wcpa_form_fields":null,"_links":{"self":[{"href":"https:\/\/www.customywear.com\/es\/wp-json\/wp\/v2\/product\/34423","targetHints":{"allow":["GET"]}}],"collection":[{"href":"https:\/\/www.customywear.com\/es\/wp-json\/wp\/v2\/product"}],"about":[{"href":"https:\/\/www.customywear.com\/es\/wp-json\/wp\/v2\/types\/product"}],"replies":[{"embeddable":true,"href":"https:\/\/www.customywear.com\/es\/wp-json\/wp\/v2\/comments?post=34423"}],"wp:featuredmedia":[{"embeddable":true,"href":"https:\/\/www.customywear.com\/es\/wp-json\/wp\/v2\/media\/143158"}],"wp:attachment":[{"href":"https:\/\/www.customywear.com\/es\/wp-json\/wp\/v2\/media?parent=34423"}],"wp:term":[{"taxonomy":"product_brand","embeddable":true,"href":"https:\/\/www.customywear.com\/es\/wp-json\/wp\/v2\/product_brand?post=34423"},{"taxonomy":"product_cat","embeddable":true,"href":"https:\/\/www.customywear.com\/es\/wp-json\/wp\/v2\/product_cat?post=34423"},{"taxonomy":"product_tag","embeddable":true,"href":"https:\/\/www.customywear.com\/es\/wp-json\/wp\/v2\/product_tag?post=34423"}],"curies":[{"name":"wp","href":"https:\/\/api.w.org\/{rel}","templated":true}]}}