{"id":34997,"date":"2024-05-01T13:32:49","date_gmt":"2024-05-01T13:32:49","guid":{"rendered":"https:\/\/www.customywear.com\/?post_type=product&#038;p=34997"},"modified":"2026-05-07T15:29:46","modified_gmt":"2026-05-07T15:29:46","slug":"camisetas-jardin-infancia-graduacion","status":"publish","type":"product","link":"https:\/\/www.customywear.com\/es\/kindergarten-graduation-t-shirts\/","title":{"rendered":"Camiseta de graduaci\u00f3n de jard\u00edn de infantes: hecha a medida"},"content":{"rendered":"<p>Para esta camiseta de graduaci\u00f3n personalizada, dibujaremos a mano tu foto digitalmente para crear un personaje \u00fanico con tu atuendo. Hechas de suave algod\u00f3n 100 %, nuestras camisetas son c\u00f3modas y delicadas con la piel. Con impresi\u00f3n DTG de alta calidad, el dise\u00f1o ser\u00e1 vibrante y duradero. Nuestro corte regular es perfecto para el d\u00eda a d\u00eda y, al ser unisex, \u00a1le queda bien a todos! Cada dise\u00f1o est\u00e1 dibujado a mano por expertos, lo que garantiza que sea personalizado y \u00fanico. \u00a1P\u00eddela hoy mismo para celebrar tus logros con estilo!<\/p>","protected":false},"excerpt":{"rendered":"<p>Celebre a los primeros estudiantes con las camisetas de graduaci\u00f3n de jard\u00edn de infantes. Las camisetas hechas a pedido convierten cualquier foto en una camisa juguetona y \u00fanica.<\/p>","protected":false},"featured_media":142823,"comment_status":"open","ping_status":"closed","template":"","meta":{"_acf_changed":false},"product_brand":[],"product_cat":[6193,2090,6412,6428],"product_tag":[6433,6439,6221],"class_list":{"0":"post-34997","1":"product","2":"type-product","3":"status-publish","4":"has-post-thumbnail","6":"product_cat-girls-t-shirts","7":"product_cat-custom-gifts-graduation","8":"product_cat-photo-to-tees","9":"product_cat-translate-products","10":"product_tag-ai-artwork","11":"product_tag-ai-kids-artwork","12":"product_tag-custom-t-shirts-near-me","14":"first","15":"instock","16":"taxable","17":"shipping-taxable","18":"purchasable","19":"product-type-simple"},"acf":[],"wcpa_form_fields":null,"_links":{"self":[{"href":"https:\/\/www.customywear.com\/es\/wp-json\/wp\/v2\/product\/34997","targetHints":{"allow":["GET"]}}],"collection":[{"href":"https:\/\/www.customywear.com\/es\/wp-json\/wp\/v2\/product"}],"about":[{"href":"https:\/\/www.customywear.com\/es\/wp-json\/wp\/v2\/types\/product"}],"replies":[{"embeddable":true,"href":"https:\/\/www.customywear.com\/es\/wp-json\/wp\/v2\/comments?post=34997"}],"wp:featuredmedia":[{"embeddable":true,"href":"https:\/\/www.customywear.com\/es\/wp-json\/wp\/v2\/media\/142823"}],"wp:attachment":[{"href":"https:\/\/www.customywear.com\/es\/wp-json\/wp\/v2\/media?parent=34997"}],"wp:term":[{"taxonomy":"product_brand","embeddable":true,"href":"https:\/\/www.customywear.com\/es\/wp-json\/wp\/v2\/product_brand?post=34997"},{"taxonomy":"product_cat","embeddable":true,"href":"https:\/\/www.customywear.com\/es\/wp-json\/wp\/v2\/product_cat?post=34997"},{"taxonomy":"product_tag","embeddable":true,"href":"https:\/\/www.customywear.com\/es\/wp-json\/wp\/v2\/product_tag?post=34997"}],"curies":[{"name":"wp","href":"https:\/\/api.w.org\/{rel}","templated":true}]}}