{"id":37901,"date":"2024-05-24T11:34:54","date_gmt":"2024-05-24T11:34:54","guid":{"rendered":"https:\/\/www.customywear.com\/?post_type=product&#038;p=37901"},"modified":"2026-05-16T11:38:06","modified_gmt":"2026-05-16T11:38:06","slug":"camisetas-de-aniversario-para-el-y-para-ella","status":"publish","type":"product","link":"https:\/\/www.customywear.com\/es\/his-and-hers-anniversary-t-shirts\/","title":{"rendered":"Camisetas de aniversario para \u00e9l y para ella: camisetas personalizadas"},"content":{"rendered":"<p>Camisetas de aniversario para \u00e9l y para ella: \u00a1Celebra tu amor eterno con nuestras encantadoras camisetas de aniversario para \u00e9l y para ella! Nuestro equipo de expertos transformar\u00e1 tu foto en personajes encantadores, mostrando a la feliz pareja con un atuendo elegante, sobre un fondo de decoraciones festivas y un ambiente alegre, que evoca las im\u00e1genes de nuestros productos. Confeccionadas con algod\u00f3n de primera calidad, nuestras camisetas ofrecen un ajuste c\u00f3modo y mantienen su dise\u00f1o vibrante lavado tras lavado. Ya sea para aniversarios importantes o para uso diario, estas camisetas son la opci\u00f3n perfecta para conmemorar su viaje juntos. Cada dise\u00f1o es elaborado meticulosamente por nuestros h\u00e1biles artistas digitales, lo que garantiza que tus camisetas de aniversario para \u00e9l y para ella sean un recuerdo preciado. \u00a1Personaliza la tuya ahora con tu propio texto para darle un toque personal!<\/p>","protected":false},"excerpt":{"rendered":"<p>Marque los aniversarios con las camisetas del aniversario de \u00e9l y ella. Las camisetas personalizadas convierten cualquier foto en camisetas \u00fanicas y a juego.<\/p>","protected":false},"featured_media":144013,"comment_status":"open","ping_status":"closed","template":"","meta":{"_acf_changed":false},"product_brand":[],"product_cat":[6197,250,6371,6147,6412,6428],"product_tag":[6440,6329,6218,237,6442],"class_list":{"0":"post-37901","1":"product","2":"type-product","3":"status-publish","4":"has-post-thumbnail","6":"product_cat-t-shirts-couple","7":"product_cat-couple","8":"product_cat-couples-wedding-t-shirts","9":"product_cat-custom-gifts-wedding-rose","10":"product_cat-photo-to-tees","11":"product_cat-translate-products","12":"product_tag-ai-artwork-couple","13":"product_tag-custom-t-shirt-from-selfie-for-couples","14":"product_tag-making-your-own-t-shirts","15":"product_tag-personalized-t-shirts","16":"product_tag-top-artwork","18":"first","19":"instock","20":"taxable","21":"shipping-taxable","22":"purchasable","23":"product-type-simple"},"acf":[],"wcpa_form_fields":null,"_links":{"self":[{"href":"https:\/\/www.customywear.com\/es\/wp-json\/wp\/v2\/product\/37901","targetHints":{"allow":["GET"]}}],"collection":[{"href":"https:\/\/www.customywear.com\/es\/wp-json\/wp\/v2\/product"}],"about":[{"href":"https:\/\/www.customywear.com\/es\/wp-json\/wp\/v2\/types\/product"}],"replies":[{"embeddable":true,"href":"https:\/\/www.customywear.com\/es\/wp-json\/wp\/v2\/comments?post=37901"}],"wp:featuredmedia":[{"embeddable":true,"href":"https:\/\/www.customywear.com\/es\/wp-json\/wp\/v2\/media\/144013"}],"wp:attachment":[{"href":"https:\/\/www.customywear.com\/es\/wp-json\/wp\/v2\/media?parent=37901"}],"wp:term":[{"taxonomy":"product_brand","embeddable":true,"href":"https:\/\/www.customywear.com\/es\/wp-json\/wp\/v2\/product_brand?post=37901"},{"taxonomy":"product_cat","embeddable":true,"href":"https:\/\/www.customywear.com\/es\/wp-json\/wp\/v2\/product_cat?post=37901"},{"taxonomy":"product_tag","embeddable":true,"href":"https:\/\/www.customywear.com\/es\/wp-json\/wp\/v2\/product_tag?post=37901"}],"curies":[{"name":"wp","href":"https:\/\/api.w.org\/{rel}","templated":true}]}}