{"id":38131,"date":"2024-05-24T12:22:25","date_gmt":"2024-05-24T12:22:25","guid":{"rendered":"https:\/\/www.customywear.com\/?post_type=product&#038;p=38131"},"modified":"2026-05-07T15:29:44","modified_gmt":"2026-05-07T15:29:44","slug":"camiseta-de-boda-para-nino-pequeno","status":"publish","type":"product","link":"https:\/\/www.customywear.com\/es\/wedding-t-shirt-for-toddler\/","title":{"rendered":"Camiseta de boda para ni\u00f1o peque\u00f1o: camiseta con estampado personalizado"},"content":{"rendered":"<p>Camiseta de boda para beb\u00e9: \u00a1Haz que tu peque\u00f1o se sienta parte de la celebraci\u00f3n con nuestra encantadora camiseta de boda para beb\u00e9! Confeccionadas en tela suave y transpirable, estas camisetas presentan dise\u00f1os encantadores, ideales para bodas, ni\u00f1as de las flores, portadores de anillos o cualquier ocasi\u00f3n especial. Aseg\u00farate de que tu peque\u00f1o est\u00e9 vestido para impresionar en su gran d\u00eda con nuestra camiseta de boda para beb\u00e9.<\/p>","protected":false},"excerpt":{"rendered":"<p>Celebre a los m\u00e1s peque\u00f1os con camisetas de boda para ni\u00f1os peque\u00f1os. Las camisas con estampado personalizado convierten cualquier foto en una camiseta divertida y \u00fanica.<\/p>","protected":false},"featured_media":143206,"comment_status":"open","ping_status":"closed","template":"","meta":{"_acf_changed":false},"product_brand":[],"product_cat":[6207,6147,6412,6428],"product_tag":[6433,6439,6221],"class_list":{"0":"post-38131","1":"product","2":"type-product","3":"status-publish","4":"has-post-thumbnail","6":"product_cat-toddler-girl-t-shirts","7":"product_cat-custom-gifts-wedding-rose","8":"product_cat-photo-to-tees","9":"product_cat-translate-products","10":"product_tag-ai-artwork","11":"product_tag-ai-kids-artwork","12":"product_tag-custom-t-shirts-near-me","14":"first","15":"instock","16":"taxable","17":"shipping-taxable","18":"purchasable","19":"product-type-simple"},"acf":[],"wcpa_form_fields":null,"_links":{"self":[{"href":"https:\/\/www.customywear.com\/es\/wp-json\/wp\/v2\/product\/38131","targetHints":{"allow":["GET"]}}],"collection":[{"href":"https:\/\/www.customywear.com\/es\/wp-json\/wp\/v2\/product"}],"about":[{"href":"https:\/\/www.customywear.com\/es\/wp-json\/wp\/v2\/types\/product"}],"replies":[{"embeddable":true,"href":"https:\/\/www.customywear.com\/es\/wp-json\/wp\/v2\/comments?post=38131"}],"wp:featuredmedia":[{"embeddable":true,"href":"https:\/\/www.customywear.com\/es\/wp-json\/wp\/v2\/media\/143206"}],"wp:attachment":[{"href":"https:\/\/www.customywear.com\/es\/wp-json\/wp\/v2\/media?parent=38131"}],"wp:term":[{"taxonomy":"product_brand","embeddable":true,"href":"https:\/\/www.customywear.com\/es\/wp-json\/wp\/v2\/product_brand?post=38131"},{"taxonomy":"product_cat","embeddable":true,"href":"https:\/\/www.customywear.com\/es\/wp-json\/wp\/v2\/product_cat?post=38131"},{"taxonomy":"product_tag","embeddable":true,"href":"https:\/\/www.customywear.com\/es\/wp-json\/wp\/v2\/product_tag?post=38131"}],"curies":[{"name":"wp","href":"https:\/\/api.w.org\/{rel}","templated":true}]}}