{"id":38722,"date":"2024-06-04T13:14:06","date_gmt":"2024-06-04T13:14:06","guid":{"rendered":"https:\/\/www.customywear.com\/?post_type=product&#038;p=38722"},"modified":"2026-05-07T15:29:44","modified_gmt":"2026-05-07T15:29:44","slug":"camisetas-divertidas-para-ninos-pequenos-camisetas-divertidas-para-parejas","status":"publish","type":"product","link":"https:\/\/www.customywear.com\/es\/toddler-funny-t-shirts-hilarious-couple-shirts\/","title":{"rendered":"Camisetas divertidas para ni\u00f1os peque\u00f1os: camisetas divertidas para parejas"},"content":{"rendered":"<p>Camisetas Divertidas para Ni\u00f1os Peque\u00f1os: \u00a1A\u00f1ade un toque de humor al vestuario de tu peque\u00f1o con nuestras divertidas camisetas! Con gr\u00e1ficos divertidos y mensajes ingeniosos, estas camisetas seguro que alegrar\u00e1n el d\u00eda a todos.<\/p>","protected":false},"excerpt":{"rendered":"<p>Agregue humor con camisetas divertidas para ni\u00f1os peque\u00f1os. Camisas hilarantes de la pareja transforman cualquier foto en camisetas juguetonas y \u00fanicas.<\/p>","protected":false},"featured_media":142672,"comment_status":"open","ping_status":"closed","template":"","meta":{"_acf_changed":false},"product_brand":[],"product_cat":[6209,3604,6412,6428],"product_tag":[6433,6439,6221],"class_list":{"0":"post-38722","1":"product","2":"type-product","3":"status-publish","4":"has-post-thumbnail","6":"product_cat-toddler-boy-t-shirts","7":"product_cat-custom-gifts-dj-orange","8":"product_cat-photo-to-tees","9":"product_cat-translate-products","10":"product_tag-ai-artwork","11":"product_tag-ai-kids-artwork","12":"product_tag-custom-t-shirts-near-me","14":"first","15":"instock","16":"taxable","17":"shipping-taxable","18":"purchasable","19":"product-type-simple"},"acf":[],"wcpa_form_fields":null,"_links":{"self":[{"href":"https:\/\/www.customywear.com\/es\/wp-json\/wp\/v2\/product\/38722","targetHints":{"allow":["GET"]}}],"collection":[{"href":"https:\/\/www.customywear.com\/es\/wp-json\/wp\/v2\/product"}],"about":[{"href":"https:\/\/www.customywear.com\/es\/wp-json\/wp\/v2\/types\/product"}],"replies":[{"embeddable":true,"href":"https:\/\/www.customywear.com\/es\/wp-json\/wp\/v2\/comments?post=38722"}],"wp:featuredmedia":[{"embeddable":true,"href":"https:\/\/www.customywear.com\/es\/wp-json\/wp\/v2\/media\/142672"}],"wp:attachment":[{"href":"https:\/\/www.customywear.com\/es\/wp-json\/wp\/v2\/media?parent=38722"}],"wp:term":[{"taxonomy":"product_brand","embeddable":true,"href":"https:\/\/www.customywear.com\/es\/wp-json\/wp\/v2\/product_brand?post=38722"},{"taxonomy":"product_cat","embeddable":true,"href":"https:\/\/www.customywear.com\/es\/wp-json\/wp\/v2\/product_cat?post=38722"},{"taxonomy":"product_tag","embeddable":true,"href":"https:\/\/www.customywear.com\/es\/wp-json\/wp\/v2\/product_tag?post=38722"}],"curies":[{"name":"wp","href":"https:\/\/api.w.org\/{rel}","templated":true}]}}