{"id":38766,"date":"2024-06-04T13:20:16","date_gmt":"2024-06-04T13:20:16","guid":{"rendered":"https:\/\/www.customywear.com\/?post_type=product&#038;p=38766"},"modified":"2026-05-07T15:29:44","modified_gmt":"2026-05-07T15:29:44","slug":"camisetas-personalizadas-para-nina-pequena","status":"publish","type":"product","link":"https:\/\/www.customywear.com\/es\/toddler-girl-custom-t-shirts\/","title":{"rendered":"Camisetas personalizadas para ni\u00f1a peque\u00f1a: camisetas a medida"},"content":{"rendered":"<p>Camisetas personalizadas para ni\u00f1a peque\u00f1a: \u00a1Dale vida a su personalidad con nuestras camisetas personalizadas! A\u00f1ade su nombre, colores favoritos o dise\u00f1os especiales para crear una camiseta \u00fanica.<\/p>","protected":false},"excerpt":{"rendered":"<p>Celebre a los m\u00e1s peque\u00f1os con las camisetas personalizadas de la ni\u00f1a. Las camisetas hechas a medida convierten cualquier foto en camisetas juguetonas y \u00fanicas.<\/p>","protected":false},"featured_media":142678,"comment_status":"open","ping_status":"closed","template":"","meta":{"_acf_changed":false},"product_brand":[],"product_cat":[6207,3604,6412,6428],"product_tag":[6433,6439,6221],"class_list":{"0":"post-38766","1":"product","2":"type-product","3":"status-publish","4":"has-post-thumbnail","6":"product_cat-toddler-girl-t-shirts","7":"product_cat-custom-gifts-dj-orange","8":"product_cat-photo-to-tees","9":"product_cat-translate-products","10":"product_tag-ai-artwork","11":"product_tag-ai-kids-artwork","12":"product_tag-custom-t-shirts-near-me","14":"first","15":"instock","16":"taxable","17":"shipping-taxable","18":"purchasable","19":"product-type-simple"},"acf":[],"wcpa_form_fields":null,"_links":{"self":[{"href":"https:\/\/www.customywear.com\/es\/wp-json\/wp\/v2\/product\/38766","targetHints":{"allow":["GET"]}}],"collection":[{"href":"https:\/\/www.customywear.com\/es\/wp-json\/wp\/v2\/product"}],"about":[{"href":"https:\/\/www.customywear.com\/es\/wp-json\/wp\/v2\/types\/product"}],"replies":[{"embeddable":true,"href":"https:\/\/www.customywear.com\/es\/wp-json\/wp\/v2\/comments?post=38766"}],"wp:featuredmedia":[{"embeddable":true,"href":"https:\/\/www.customywear.com\/es\/wp-json\/wp\/v2\/media\/142678"}],"wp:attachment":[{"href":"https:\/\/www.customywear.com\/es\/wp-json\/wp\/v2\/media?parent=38766"}],"wp:term":[{"taxonomy":"product_brand","embeddable":true,"href":"https:\/\/www.customywear.com\/es\/wp-json\/wp\/v2\/product_brand?post=38766"},{"taxonomy":"product_cat","embeddable":true,"href":"https:\/\/www.customywear.com\/es\/wp-json\/wp\/v2\/product_cat?post=38766"},{"taxonomy":"product_tag","embeddable":true,"href":"https:\/\/www.customywear.com\/es\/wp-json\/wp\/v2\/product_tag?post=38766"}],"curies":[{"name":"wp","href":"https:\/\/api.w.org\/{rel}","templated":true}]}}