{"id":39999,"date":"2024-06-16T14:21:14","date_gmt":"2024-06-16T14:21:14","guid":{"rendered":"https:\/\/www.customywear.com\/?post_type=product&#038;p=39999"},"modified":"2026-05-07T15:29:44","modified_gmt":"2026-05-07T15:29:44","slug":"camiseta-de-superheroe-para-nino-pequeno","status":"publish","type":"product","link":"https:\/\/www.customywear.com\/es\/superhero-t-shirt-for-toddler\/","title":{"rendered":"Camiseta de superh\u00e9roe para ni\u00f1o peque\u00f1o \u2013 Camiseta personalizada"},"content":{"rendered":"<p>Camiseta de Superh\u00e9roe para Beb\u00e9 - Camiseta Personalizada: Viste a tu peque\u00f1o h\u00e9roe con estilo con nuestra Camiseta de Superh\u00e9roe para Beb\u00e9 - Camiseta Personalizada. Hecha con materiales suaves y duraderos, esta camiseta garantiza la comodidad de los peque\u00f1os activos. Con dise\u00f1os vibrantes gracias a la impresi\u00f3n DTG de alta calidad, cada camiseta se puede personalizar para mostrar al superh\u00e9roe favorito de tu peque\u00f1o. Ya sea para jugar con amigos o para las aventuras del d\u00eda a d\u00eda, nuestra camiseta personalizada es perfecta.<\/p>","protected":false},"excerpt":{"rendered":"<p>Comience joven con camisetas de superh\u00e9roe para ni\u00f1os peque\u00f1os. Las camisetas personalizadas transforman cualquier foto en una camiseta juguetona y \u00fanica.<\/p>","protected":false},"featured_media":135269,"comment_status":"open","ping_status":"closed","template":"","meta":{"_acf_changed":false},"product_brand":[],"product_cat":[6209,6150,6412,6428],"product_tag":[6433,6439,6221],"class_list":{"0":"post-39999","1":"product","2":"type-product","3":"status-publish","4":"has-post-thumbnail","6":"product_cat-toddler-boy-t-shirts","7":"product_cat-custom-gifts-ai-superhero","8":"product_cat-photo-to-tees","9":"product_cat-translate-products","10":"product_tag-ai-artwork","11":"product_tag-ai-kids-artwork","12":"product_tag-custom-t-shirts-near-me","14":"first","15":"instock","16":"taxable","17":"shipping-taxable","18":"purchasable","19":"product-type-simple"},"acf":[],"wcpa_form_fields":null,"_links":{"self":[{"href":"https:\/\/www.customywear.com\/es\/wp-json\/wp\/v2\/product\/39999","targetHints":{"allow":["GET"]}}],"collection":[{"href":"https:\/\/www.customywear.com\/es\/wp-json\/wp\/v2\/product"}],"about":[{"href":"https:\/\/www.customywear.com\/es\/wp-json\/wp\/v2\/types\/product"}],"replies":[{"embeddable":true,"href":"https:\/\/www.customywear.com\/es\/wp-json\/wp\/v2\/comments?post=39999"}],"wp:featuredmedia":[{"embeddable":true,"href":"https:\/\/www.customywear.com\/es\/wp-json\/wp\/v2\/media\/135269"}],"wp:attachment":[{"href":"https:\/\/www.customywear.com\/es\/wp-json\/wp\/v2\/media?parent=39999"}],"wp:term":[{"taxonomy":"product_brand","embeddable":true,"href":"https:\/\/www.customywear.com\/es\/wp-json\/wp\/v2\/product_brand?post=39999"},{"taxonomy":"product_cat","embeddable":true,"href":"https:\/\/www.customywear.com\/es\/wp-json\/wp\/v2\/product_cat?post=39999"},{"taxonomy":"product_tag","embeddable":true,"href":"https:\/\/www.customywear.com\/es\/wp-json\/wp\/v2\/product_tag?post=39999"}],"curies":[{"name":"wp","href":"https:\/\/api.w.org\/{rel}","templated":true}]}}