{"id":40000,"date":"2024-06-16T14:21:16","date_gmt":"2024-06-16T14:21:16","guid":{"rendered":"https:\/\/www.customywear.com\/?post_type=product&#038;p=40000"},"modified":"2026-05-07T15:29:44","modified_gmt":"2026-05-07T15:29:44","slug":"camiseta-de-superheroe-para-ninos","status":"publish","type":"product","link":"https:\/\/www.customywear.com\/es\/superhero-t-shirt-for-boys\/","title":{"rendered":"Camiseta de superh\u00e9roe para ni\u00f1o: camiseta de moda personalizada"},"content":{"rendered":"<p>Camiseta de Superh\u00e9roe para Ni\u00f1o - Camiseta Personalizada de Moda: Despierta tu imaginaci\u00f3n con nuestra Camiseta de Superh\u00e9roe para Ni\u00f1o - Camiseta Personalizada de Moda. Confeccionadas con materiales de primera calidad, estas camisetas ofrecen comodidad y durabilidad para cada peque\u00f1o superh\u00e9roe. Con dise\u00f1os vibrantes gracias a la impresi\u00f3n DTG de alta calidad, cada camiseta transforma a tu ni\u00f1o en un h\u00e9roe con estilo. Ya sea para la escuela o para jugar, nuestra camiseta personalizada de moda le garantiza destacar con confianza.<\/p>","protected":false},"excerpt":{"rendered":"<p>Desata el hero\u00edsmo con una camiseta de superh\u00e9roe para ni\u00f1os. Las camisetas de moda personalizadas convierten cualquier foto en una camiseta atrevida y \u00fanica.<\/p>","protected":false},"featured_media":135265,"comment_status":"open","ping_status":"closed","template":"","meta":{"_acf_changed":false},"product_brand":[],"product_cat":[6189,496,6150,6412,6428],"product_tag":[6433,6439,6221,6330],"class_list":{"0":"post-40000","1":"product","2":"type-product","3":"status-publish","4":"has-post-thumbnail","6":"product_cat-boys-t-shirts","7":"product_cat-birthday","8":"product_cat-custom-gifts-ai-superhero","9":"product_cat-photo-to-tees","10":"product_cat-translate-products","11":"product_tag-ai-artwork","12":"product_tag-ai-kids-artwork","13":"product_tag-custom-t-shirts-near-me","14":"product_tag-photo-print-t-shirt-for-boys","16":"first","17":"instock","18":"taxable","19":"shipping-taxable","20":"purchasable","21":"product-type-simple"},"acf":[],"wcpa_form_fields":null,"_links":{"self":[{"href":"https:\/\/www.customywear.com\/es\/wp-json\/wp\/v2\/product\/40000","targetHints":{"allow":["GET"]}}],"collection":[{"href":"https:\/\/www.customywear.com\/es\/wp-json\/wp\/v2\/product"}],"about":[{"href":"https:\/\/www.customywear.com\/es\/wp-json\/wp\/v2\/types\/product"}],"replies":[{"embeddable":true,"href":"https:\/\/www.customywear.com\/es\/wp-json\/wp\/v2\/comments?post=40000"}],"wp:featuredmedia":[{"embeddable":true,"href":"https:\/\/www.customywear.com\/es\/wp-json\/wp\/v2\/media\/135265"}],"wp:attachment":[{"href":"https:\/\/www.customywear.com\/es\/wp-json\/wp\/v2\/media?parent=40000"}],"wp:term":[{"taxonomy":"product_brand","embeddable":true,"href":"https:\/\/www.customywear.com\/es\/wp-json\/wp\/v2\/product_brand?post=40000"},{"taxonomy":"product_cat","embeddable":true,"href":"https:\/\/www.customywear.com\/es\/wp-json\/wp\/v2\/product_cat?post=40000"},{"taxonomy":"product_tag","embeddable":true,"href":"https:\/\/www.customywear.com\/es\/wp-json\/wp\/v2\/product_tag?post=40000"}],"curies":[{"name":"wp","href":"https:\/\/api.w.org\/{rel}","templated":true}]}}