{"id":40061,"date":"2024-06-16T14:32:43","date_gmt":"2024-06-16T14:32:43","guid":{"rendered":"https:\/\/www.customywear.com\/?post_type=product&#038;p=40061"},"modified":"2026-05-07T15:29:44","modified_gmt":"2026-05-07T15:29:44","slug":"camiseta-bebe-nina-personalizada","status":"publish","type":"product","link":"https:\/\/www.customywear.com\/es\/custom-toddler-girls-t-shirt\/","title":{"rendered":"Camiseta personalizada para ni\u00f1a peque\u00f1a: dise\u00f1o \u00fanico"},"content":{"rendered":"<p>Camiseta personalizada para ni\u00f1a peque\u00f1a \u2013 Dise\u00f1o \u00fanico: Viste a tu peque\u00f1a con estilo con nuestra camiseta personalizada para ni\u00f1a peque\u00f1a. Fabricada con materiales suaves y duraderos, esta camiseta ofrece comodidad para las aventuras diarias. Con un dise\u00f1o \u00fanico que captura su esp\u00edritu juguet\u00f3n, cada camiseta es una expresi\u00f3n personalizada de la infancia. Ya sea para la guarder\u00eda o para salidas familiares, nuestra camiseta de dise\u00f1o \u00fanico mantiene a las peque\u00f1as adorables y c\u00f3modas.<\/p>","protected":false},"excerpt":{"rendered":"<p>Celebrate little ones with a Custom Toddler Girl&#8217;s T-Shirt. Unique Design Shirts turn any photo into a fun, one-of-a-kind tee.<\/p>","protected":false},"featured_media":135278,"comment_status":"open","ping_status":"closed","template":"","meta":{"_acf_changed":false},"product_brand":[],"product_cat":[6207,6150,6412,6428],"product_tag":[6433,6439,6221],"class_list":{"0":"post-40061","1":"product","2":"type-product","3":"status-publish","4":"has-post-thumbnail","6":"product_cat-toddler-girl-t-shirts","7":"product_cat-custom-gifts-ai-superhero","8":"product_cat-photo-to-tees","9":"product_cat-translate-products","10":"product_tag-ai-artwork","11":"product_tag-ai-kids-artwork","12":"product_tag-custom-t-shirts-near-me","14":"first","15":"instock","16":"taxable","17":"shipping-taxable","18":"purchasable","19":"product-type-simple"},"acf":[],"wcpa_form_fields":null,"_links":{"self":[{"href":"https:\/\/www.customywear.com\/es\/wp-json\/wp\/v2\/product\/40061","targetHints":{"allow":["GET"]}}],"collection":[{"href":"https:\/\/www.customywear.com\/es\/wp-json\/wp\/v2\/product"}],"about":[{"href":"https:\/\/www.customywear.com\/es\/wp-json\/wp\/v2\/types\/product"}],"replies":[{"embeddable":true,"href":"https:\/\/www.customywear.com\/es\/wp-json\/wp\/v2\/comments?post=40061"}],"wp:featuredmedia":[{"embeddable":true,"href":"https:\/\/www.customywear.com\/es\/wp-json\/wp\/v2\/media\/135278"}],"wp:attachment":[{"href":"https:\/\/www.customywear.com\/es\/wp-json\/wp\/v2\/media?parent=40061"}],"wp:term":[{"taxonomy":"product_brand","embeddable":true,"href":"https:\/\/www.customywear.com\/es\/wp-json\/wp\/v2\/product_brand?post=40061"},{"taxonomy":"product_cat","embeddable":true,"href":"https:\/\/www.customywear.com\/es\/wp-json\/wp\/v2\/product_cat?post=40061"},{"taxonomy":"product_tag","embeddable":true,"href":"https:\/\/www.customywear.com\/es\/wp-json\/wp\/v2\/product_tag?post=40061"}],"curies":[{"name":"wp","href":"https:\/\/api.w.org\/{rel}","templated":true}]}}