{"id":40377,"date":"2024-06-26T09:02:51","date_gmt":"2024-06-26T09:02:51","guid":{"rendered":"https:\/\/www.customywear.com\/?post_type=product&#038;p=40377"},"modified":"2026-05-07T15:29:44","modified_gmt":"2026-05-07T15:29:44","slug":"camiseta-de-superheroe-para-chica-joven","status":"publish","type":"product","link":"https:\/\/www.customywear.com\/es\/youth-girl-superhero-tee\/","title":{"rendered":"Camiseta de superh\u00e9roe para ni\u00f1a: camiseta de superh\u00e9roe personalizada"},"content":{"rendered":"<p>Camiseta de Superh\u00e9roe para Ni\u00f1as - Camiseta Personalizada de Superh\u00e9roe: \u00a1Expresa tu individualidad con nuestra camiseta de superh\u00e9roe para ni\u00f1as! Confeccionada en suave algod\u00f3n 100%, esta camiseta de primera calidad ofrece comodidad y durabilidad para ni\u00f1as en crecimiento. Cada camiseta presenta dise\u00f1os de superh\u00e9roes personalizados, impresos con impresi\u00f3n DTG de alta calidad para obtener gr\u00e1ficos vibrantes y detallados. Ya sea para eventos escolares o para salir con amigas, esta camiseta personalizada de superh\u00e9roes permite a las ni\u00f1as mostrar su personalidad \u00fanica.<\/p>","protected":false},"excerpt":{"rendered":"<p>Inspira a la juventud con una camiseta de superh\u00e9roe de ni\u00f1a joven. Las camisetas de superh\u00e9roes personalizadas transforman cualquier foto en una camiseta juguetona y \u00fanica.<\/p>","protected":false},"featured_media":134889,"comment_status":"open","ping_status":"closed","template":"","meta":{"_acf_changed":false},"product_brand":[],"product_cat":[6193,6152,152,6412,6428,58],"product_tag":[6433,6439,6153,6331,6154,6155],"class_list":{"0":"post-40377","1":"product","2":"type-product","3":"status-publish","4":"has-post-thumbnail","6":"product_cat-girls-t-shirts","7":"product_cat-custom-gifts-batman","8":"product_cat-girls","9":"product_cat-photo-to-tees","10":"product_cat-translate-products","11":"product_cat-youth-kids","12":"product_tag-ai-artwork","13":"product_tag-ai-kids-artwork","14":"product_tag-batman","15":"product_tag-custom-picture-t-shirt-for-girls","16":"product_tag-dc-comic","17":"product_tag-marvel","19":"first","20":"instock","21":"taxable","22":"shipping-taxable","23":"purchasable","24":"product-type-simple"},"acf":[],"wcpa_form_fields":null,"_links":{"self":[{"href":"https:\/\/www.customywear.com\/es\/wp-json\/wp\/v2\/product\/40377","targetHints":{"allow":["GET"]}}],"collection":[{"href":"https:\/\/www.customywear.com\/es\/wp-json\/wp\/v2\/product"}],"about":[{"href":"https:\/\/www.customywear.com\/es\/wp-json\/wp\/v2\/types\/product"}],"replies":[{"embeddable":true,"href":"https:\/\/www.customywear.com\/es\/wp-json\/wp\/v2\/comments?post=40377"}],"wp:featuredmedia":[{"embeddable":true,"href":"https:\/\/www.customywear.com\/es\/wp-json\/wp\/v2\/media\/134889"}],"wp:attachment":[{"href":"https:\/\/www.customywear.com\/es\/wp-json\/wp\/v2\/media?parent=40377"}],"wp:term":[{"taxonomy":"product_brand","embeddable":true,"href":"https:\/\/www.customywear.com\/es\/wp-json\/wp\/v2\/product_brand?post=40377"},{"taxonomy":"product_cat","embeddable":true,"href":"https:\/\/www.customywear.com\/es\/wp-json\/wp\/v2\/product_cat?post=40377"},{"taxonomy":"product_tag","embeddable":true,"href":"https:\/\/www.customywear.com\/es\/wp-json\/wp\/v2\/product_tag?post=40377"}],"curies":[{"name":"wp","href":"https:\/\/api.w.org\/{rel}","templated":true}]}}