{"id":41116,"date":"2024-07-24T09:23:21","date_gmt":"2024-07-24T09:23:21","guid":{"rendered":"https:\/\/www.customywear.com\/?post_type=product&#038;p=41116"},"modified":"2026-05-05T20:24:06","modified_gmt":"2026-05-05T20:24:06","slug":"camiseta-de-arana-personalizada-para-hombre","status":"publish","type":"product","link":"https:\/\/www.customywear.com\/es\/men-personalized-spider-tee\/","title":{"rendered":"Custom T-Shirt para Hombres \u2013 Personalizado Ara\u00f1a Superh\u00e9roe Tee"},"content":{"rendered":"<p>Camiseta personalizada para hombre \u2013 Camiseta personalizada de superh\u00e9roe ara\u00f1a: \u00a1Transforma tus fotos en un superh\u00e9roe impresionante con nuestra camiseta personalizada para hombre \u2013 Camiseta personalizada de superh\u00e9roe ara\u00f1a! Esta camiseta presenta tu propio dise\u00f1o de superh\u00e9roe \u00fanico, impreso con tecnolog\u00eda DTG de alta calidad sobre suave algod\u00f3n 100 % para mayor comodidad y durabilidad. El corte regular es perfecto para el d\u00eda a d\u00eda y el dise\u00f1o unisex la hace ideal para cualquier persona. Cada camiseta est\u00e1 elaborada por artistas expertos para crear una pieza vibrante y personalizada que destaque.<\/p>","protected":false},"excerpt":{"rendered":"<p>Entra en acci\u00f3n con una camiseta personalizada para hombres. Las camisetas de superh\u00e9roes de ara\u00f1a personalizadas transforman cualquier foto en una camiseta \u00fanica.<\/p>","protected":false},"featured_media":135244,"comment_status":"open","ping_status":"closed","template":"","meta":{"_acf_changed":false},"product_brand":[],"product_cat":[6195,6151,186,6336,6412,515,6428],"product_tag":[6433,6327,6216,6168],"class_list":{"0":"post-41116","1":"product","2":"type-product","3":"status-publish","4":"has-post-thumbnail","6":"product_cat-t-shirts-men","7":"product_cat-custom-gifts-spiderman","8":"product_cat-men","9":"product_cat-mens-superhero-t-shirts","10":"product_cat-photo-to-tees","11":"product_cat-superhero","12":"product_cat-translate-products","13":"product_tag-ai-artwork","14":"product_tag-custom-photo-t-shirt-for-men","15":"product_tag-mens-custom-t-shirts","16":"product_tag-unique-superhero-tees","18":"first","19":"instock","20":"taxable","21":"shipping-taxable","22":"purchasable","23":"product-type-simple"},"acf":[],"wcpa_form_fields":null,"_links":{"self":[{"href":"https:\/\/www.customywear.com\/es\/wp-json\/wp\/v2\/product\/41116","targetHints":{"allow":["GET"]}}],"collection":[{"href":"https:\/\/www.customywear.com\/es\/wp-json\/wp\/v2\/product"}],"about":[{"href":"https:\/\/www.customywear.com\/es\/wp-json\/wp\/v2\/types\/product"}],"replies":[{"embeddable":true,"href":"https:\/\/www.customywear.com\/es\/wp-json\/wp\/v2\/comments?post=41116"}],"wp:featuredmedia":[{"embeddable":true,"href":"https:\/\/www.customywear.com\/es\/wp-json\/wp\/v2\/media\/135244"}],"wp:attachment":[{"href":"https:\/\/www.customywear.com\/es\/wp-json\/wp\/v2\/media?parent=41116"}],"wp:term":[{"taxonomy":"product_brand","embeddable":true,"href":"https:\/\/www.customywear.com\/es\/wp-json\/wp\/v2\/product_brand?post=41116"},{"taxonomy":"product_cat","embeddable":true,"href":"https:\/\/www.customywear.com\/es\/wp-json\/wp\/v2\/product_cat?post=41116"},{"taxonomy":"product_tag","embeddable":true,"href":"https:\/\/www.customywear.com\/es\/wp-json\/wp\/v2\/product_tag?post=41116"}],"curies":[{"name":"wp","href":"https:\/\/api.w.org\/{rel}","templated":true}]}}