{"id":41240,"date":"2024-07-24T09:26:14","date_gmt":"2024-07-24T09:26:14","guid":{"rendered":"https:\/\/www.customywear.com\/?post_type=product&#038;p=41240"},"modified":"2026-05-07T15:29:43","modified_gmt":"2026-05-07T15:29:43","slug":"camisa-de-superheroe-arana-para-nino-pequeno","status":"publish","type":"product","link":"https:\/\/www.customywear.com\/es\/toddler-spider-superhero-shirt\/","title":{"rendered":"Camiseta personalizada para ni\u00f1a peque\u00f1a: Camiseta de superh\u00e9roe ara\u00f1a con imagen personalizada"},"content":{"rendered":"<p>Camiseta personalizada para ni\u00f1a peque\u00f1a \u2013 Camiseta personalizada de superh\u00e9roe ara\u00f1a: \u00a1Haz que el d\u00eda de tu peque\u00f1a sea m\u00e1gico con nuestra camiseta personalizada para ni\u00f1a peque\u00f1a \u2013 Camiseta personalizada de superh\u00e9roe ara\u00f1a! Esta camiseta personalizada presenta un vibrante dise\u00f1o de superh\u00e9roe basado en su foto, impreso en suave algod\u00f3n 100 % con tecnolog\u00eda DTG de alta calidad. El corte regular y el estilo unisex garantizan la comodidad de las peque\u00f1as, ya que cada camiseta est\u00e1 dise\u00f1ada para lucir un gr\u00e1fico \u00fanico de superh\u00e9roe que da vida a su personaje favorito.<\/p>","protected":false},"excerpt":{"rendered":"<p>Personaliza a los peque\u00f1os h\u00e9roes con una camiseta personalizada para la ni\u00f1a peque\u00f1a. Imagen personalizada Camisas de superh\u00e9roes de ara\u00f1a Convierte cualquier foto en una camiseta juguetona y \u00fanica.<\/p>","protected":false},"featured_media":135156,"comment_status":"open","ping_status":"closed","template":"","meta":{"_acf_changed":false},"product_brand":[],"product_cat":[6207,6151,6412,6428],"product_tag":[6433,6439,6221],"class_list":{"0":"post-41240","1":"product","2":"type-product","3":"status-publish","4":"has-post-thumbnail","6":"product_cat-toddler-girl-t-shirts","7":"product_cat-custom-gifts-spiderman","8":"product_cat-photo-to-tees","9":"product_cat-translate-products","10":"product_tag-ai-artwork","11":"product_tag-ai-kids-artwork","12":"product_tag-custom-t-shirts-near-me","14":"first","15":"instock","16":"taxable","17":"shipping-taxable","18":"purchasable","19":"product-type-simple"},"acf":[],"wcpa_form_fields":null,"_links":{"self":[{"href":"https:\/\/www.customywear.com\/es\/wp-json\/wp\/v2\/product\/41240","targetHints":{"allow":["GET"]}}],"collection":[{"href":"https:\/\/www.customywear.com\/es\/wp-json\/wp\/v2\/product"}],"about":[{"href":"https:\/\/www.customywear.com\/es\/wp-json\/wp\/v2\/types\/product"}],"replies":[{"embeddable":true,"href":"https:\/\/www.customywear.com\/es\/wp-json\/wp\/v2\/comments?post=41240"}],"wp:featuredmedia":[{"embeddable":true,"href":"https:\/\/www.customywear.com\/es\/wp-json\/wp\/v2\/media\/135156"}],"wp:attachment":[{"href":"https:\/\/www.customywear.com\/es\/wp-json\/wp\/v2\/media?parent=41240"}],"wp:term":[{"taxonomy":"product_brand","embeddable":true,"href":"https:\/\/www.customywear.com\/es\/wp-json\/wp\/v2\/product_brand?post=41240"},{"taxonomy":"product_cat","embeddable":true,"href":"https:\/\/www.customywear.com\/es\/wp-json\/wp\/v2\/product_cat?post=41240"},{"taxonomy":"product_tag","embeddable":true,"href":"https:\/\/www.customywear.com\/es\/wp-json\/wp\/v2\/product_tag?post=41240"}],"curies":[{"name":"wp","href":"https:\/\/api.w.org\/{rel}","templated":true}]}}