{"id":42534,"date":"2024-09-11T15:29:21","date_gmt":"2024-09-11T15:29:21","guid":{"rendered":"https:\/\/www.customywear.com\/?post_type=product&#038;p=42534"},"modified":"2026-05-16T11:41:45","modified_gmt":"2026-05-16T11:41:45","slug":"camiseta-guitarra-ninos","status":"publish","type":"product","link":"https:\/\/www.customywear.com\/es\/guitar-t-shirt-boys\/","title":{"rendered":"Camiseta con estampado de guitarra: camiseta de guitarra personalizada para ni\u00f1o"},"content":{"rendered":"<p>Camiseta con Estampado de Guitarra: Dale un toque de estilo a tu hijo con nuestra camiseta personalizada de guitarra para ni\u00f1o, con un dise\u00f1o \u00fanico hecho con tus fotos. Esta camiseta con estampado de guitarra est\u00e1 confeccionada en suave algod\u00f3n 100 % para una comodidad excepcional y ofrece una calidad premium para una mayor durabilidad. Con corte regular y dise\u00f1o unisex, es ideal para el d\u00eda a d\u00eda. Disfruta de impresiones vibrantes y duraderas con impresi\u00f3n DTG de alta calidad y arte digital personalizado.<\/p>","protected":false},"excerpt":{"rendered":"<p>Inspira a los ni\u00f1os con una camisa con estampado de guitarra. Las camisetas personalizadas de la guitarra convierten cualquier foto en una camiseta divertida y \u00fanica.<\/p>","protected":false},"featured_media":134538,"comment_status":"open","ping_status":"closed","template":"","meta":{"_acf_changed":false},"product_brand":[],"product_cat":[6189,6123,6412,6428,58],"product_tag":[6433,6439,6221],"class_list":{"0":"post-42534","1":"product","2":"type-product","3":"status-publish","4":"has-post-thumbnail","6":"product_cat-boys-t-shirts","7":"product_cat-custom-gifts-ai-guitar","8":"product_cat-photo-to-tees","9":"product_cat-translate-products","10":"product_cat-youth-kids","11":"product_tag-ai-artwork","12":"product_tag-ai-kids-artwork","13":"product_tag-custom-t-shirts-near-me","15":"first","16":"instock","17":"taxable","18":"shipping-taxable","19":"purchasable","20":"product-type-simple"},"acf":[],"wcpa_form_fields":null,"_links":{"self":[{"href":"https:\/\/www.customywear.com\/es\/wp-json\/wp\/v2\/product\/42534","targetHints":{"allow":["GET"]}}],"collection":[{"href":"https:\/\/www.customywear.com\/es\/wp-json\/wp\/v2\/product"}],"about":[{"href":"https:\/\/www.customywear.com\/es\/wp-json\/wp\/v2\/types\/product"}],"replies":[{"embeddable":true,"href":"https:\/\/www.customywear.com\/es\/wp-json\/wp\/v2\/comments?post=42534"}],"wp:featuredmedia":[{"embeddable":true,"href":"https:\/\/www.customywear.com\/es\/wp-json\/wp\/v2\/media\/134538"}],"wp:attachment":[{"href":"https:\/\/www.customywear.com\/es\/wp-json\/wp\/v2\/media?parent=42534"}],"wp:term":[{"taxonomy":"product_brand","embeddable":true,"href":"https:\/\/www.customywear.com\/es\/wp-json\/wp\/v2\/product_brand?post=42534"},{"taxonomy":"product_cat","embeddable":true,"href":"https:\/\/www.customywear.com\/es\/wp-json\/wp\/v2\/product_cat?post=42534"},{"taxonomy":"product_tag","embeddable":true,"href":"https:\/\/www.customywear.com\/es\/wp-json\/wp\/v2\/product_tag?post=42534"}],"curies":[{"name":"wp","href":"https:\/\/api.w.org\/{rel}","templated":true}]}}