{"id":42545,"date":"2024-09-11T15:29:45","date_gmt":"2024-09-11T15:29:45","guid":{"rendered":"https:\/\/www.customywear.com\/?post_type=product&#038;p=42545"},"modified":"2026-05-07T15:29:43","modified_gmt":"2026-05-07T15:29:43","slug":"camiseta-de-guitarra-sobrina","status":"publish","type":"product","link":"https:\/\/www.customywear.com\/es\/guitar-t-shirt-niece\/","title":{"rendered":"Camisetas personalizadas para guitarristas \u2013 Camiseta de guitarra para sobrinas \u2013 Camiseta de inspiraci\u00f3n musical para ni\u00f1os peque\u00f1os"},"content":{"rendered":"<p>Camisetas personalizadas para guitarristas: deleita a tu sobrina con nuestra camiseta de guitarra para sobrina, con un dise\u00f1o \u00fanico creado a partir de tus fotos. Esta camiseta est\u00e1 hecha de suave algod\u00f3n 100 % para mayor comodidad y es de primera calidad para una larga duraci\u00f3n. Con corte regular y dise\u00f1o unisex, es ideal para el d\u00eda a d\u00eda. Disfruta de impresiones vibrantes y duraderas con impresi\u00f3n DTG de alta calidad y arte digital personalizado.<\/p>","protected":false},"excerpt":{"rendered":"<p>Inspira a los j\u00f3venes m\u00fasicos con camisetas personalizadas para guitarristas de ni\u00f1a. Las camisetas de guitarra para las sobrinas transforman cualquier foto en una camiseta \u00fanica con tem\u00e1tica musical.<\/p>","protected":false},"featured_media":95526,"comment_status":"open","ping_status":"closed","template":"","meta":{"_acf_changed":false},"product_brand":[],"product_cat":[6193,6123,6412,6428],"product_tag":[6433,6439,6331,6221],"class_list":{"0":"post-42545","1":"product","2":"type-product","3":"status-publish","4":"has-post-thumbnail","6":"product_cat-girls-t-shirts","7":"product_cat-custom-gifts-ai-guitar","8":"product_cat-photo-to-tees","9":"product_cat-translate-products","10":"product_tag-ai-artwork","11":"product_tag-ai-kids-artwork","12":"product_tag-custom-picture-t-shirt-for-girls","13":"product_tag-custom-t-shirts-near-me","15":"first","16":"instock","17":"taxable","18":"shipping-taxable","19":"purchasable","20":"product-type-simple"},"acf":[],"wcpa_form_fields":null,"_links":{"self":[{"href":"https:\/\/www.customywear.com\/es\/wp-json\/wp\/v2\/product\/42545","targetHints":{"allow":["GET"]}}],"collection":[{"href":"https:\/\/www.customywear.com\/es\/wp-json\/wp\/v2\/product"}],"about":[{"href":"https:\/\/www.customywear.com\/es\/wp-json\/wp\/v2\/types\/product"}],"replies":[{"embeddable":true,"href":"https:\/\/www.customywear.com\/es\/wp-json\/wp\/v2\/comments?post=42545"}],"wp:featuredmedia":[{"embeddable":true,"href":"https:\/\/www.customywear.com\/es\/wp-json\/wp\/v2\/media\/95526"}],"wp:attachment":[{"href":"https:\/\/www.customywear.com\/es\/wp-json\/wp\/v2\/media?parent=42545"}],"wp:term":[{"taxonomy":"product_brand","embeddable":true,"href":"https:\/\/www.customywear.com\/es\/wp-json\/wp\/v2\/product_brand?post=42545"},{"taxonomy":"product_cat","embeddable":true,"href":"https:\/\/www.customywear.com\/es\/wp-json\/wp\/v2\/product_cat?post=42545"},{"taxonomy":"product_tag","embeddable":true,"href":"https:\/\/www.customywear.com\/es\/wp-json\/wp\/v2\/product_tag?post=42545"}],"curies":[{"name":"wp","href":"https:\/\/api.w.org\/{rel}","templated":true}]}}