{"id":7243,"date":"2024-09-27T07:25:56","date_gmt":"2024-09-27T07:25:56","guid":{"rendered":"https:\/\/www.customywear.com\/?page_id=7243"},"modified":"2024-10-15T15:35:53","modified_gmt":"2024-10-15T15:35:53","slug":"faq","status":"publish","type":"page","link":"https:\/\/www.customywear.com\/fr\/faqs\/","title":{"rendered":"Faq"},"content":{"rendered":"<h2 class=\"wp-block-heading alignfull has-text-align-center has-white-color has-text-color has-background has-link-color wp-elements-acc56bf3ea8d88e38c69b4c747345d3b\" style=\"background:linear-gradient(180deg,rgb(35,154,221) 0%,rgb(30,59,102) 100%)\">Faq<\/h2>\n\n\n<div id=\"rank-math-faq\" class=\"rank-math-block\">\n<div class=\"rank-math-list\">\n<div id=\"faq-question-1729006435376\" class=\"rank-math-list-item\">\n<h3 class=\"rank-math-question\"><a>Comment commander des produits personnalis\u00e9s ?<\/a><\/h3>\n<div class=\"rank-math-answer\">\n\n<p>Parcourez nos collections et s\u00e9lectionnez le produit qui vous convient. Sur la page produit, s\u00e9lectionnez la taille et la couleur, t\u00e9l\u00e9chargez votre photo et ajoutez des descriptions (textes personnalis\u00e9s, police, etc.). Si vous souhaitez effectuer votre achat, nous vous enverrons un e-mail de confirmation.<\/p>\n\n<\/div>\n<\/div>\n<div id=\"faq-question-1729006444323\" class=\"rank-math-list-item\">\n<h3 class=\"rank-math-question\"><a>Quels sont les frais d&#039;exp\u00e9dition et le d\u00e9lai de livraison ?<\/a><\/h3>\n<div class=\"rank-math-answer\">\n\n<p>Parcourez nos collections et s\u00e9lectionnez le produit qui vous convient. Sur la page produit, s\u00e9lectionnez la taille et la couleur, t\u00e9l\u00e9chargez votre photo et ajoutez des descriptions (textes personnalis\u00e9s, police, etc.). Si vous souhaitez effectuer votre achat, nous vous enverrons un e-mail de confirmation.<\/p>\n\n<\/div>\n<\/div>\n<div id=\"faq-question-1729006488594\" class=\"rank-math-list-item\">\n<h3 class=\"rank-math-question\"><a>Je n&#039;arrive pas \u00e0 t\u00e9l\u00e9charger de photos, comment puis-je commander ?<\/a><\/h3>\n<div class=\"rank-math-answer\">\n\n<p>Veuillez patienter une minute pour t\u00e9l\u00e9charger les photos lorsque vous cliquez sur \u00ab Ajouter au panier \u00bb. En cas de probl\u00e8me, vous pouvez ignorer le t\u00e9l\u00e9chargement et proc\u00e9der au paiement et nous envoyer vos photos directement \u00e0 notre e-mail avec votre num\u00e9ro de commande : <a href=\"mailto:support@customywear.com\"><strong>support@customywear.com<\/strong><\/a><\/p>\n<p>Nous vous contacterons \u00e9galement si la photo est manquante.<\/p>\n\n<\/div>\n<\/div>\n<div id=\"faq-question-1729006503315\" class=\"rank-math-list-item\">\n<h3 class=\"rank-math-question\"><a>Acceptez-vous les photos de mauvaise qualit\u00e9 ?<\/a><\/h3>\n<div class=\"rank-math-answer\">\n\n<p>\u00c7a d\u00e9pend. Tant que la photo est nette sur l&#039;\u00e9cran du t\u00e9l\u00e9phone ou du moniteur, elle devrait \u00eatre correcte.<\/p>\n\n<\/div>\n<\/div>\n<div id=\"faq-question-1729006532466\" class=\"rank-math-list-item\">\n<h3 class=\"rank-math-question\"><a>Je ne trouve pas de produit pour les tailles Enfants\/Adultes\/Petits. Que puis-je faire\u00a0?<\/a><\/h3>\n<div class=\"rank-math-answer\">\n\n<p>Nous proposons des mod\u00e8les pour tous les \u00e2ges et tous les sexes. Il nous est parfois difficile de pr\u00e9senter tous les styles de produits. N&#039;h\u00e9sitez donc pas \u00e0 nous contacter par chat ou par e-mail pour nous faire part de vos besoins.<\/p>\n\n<\/div>\n<\/div>\n<\/div>\n<\/div>\n\n\n<p><br><br><\/p>\n\n\n\n<p><\/p>","protected":false},"excerpt":{"rendered":"<p>Faq<\/p>","protected":false},"author":2,"featured_media":0,"parent":0,"menu_order":0,"comment_status":"closed","ping_status":"closed","template":"template-fullwidth-no-heading.php","meta":{"_acf_changed":false,"footnotes":""},"class_list":["post-7243","page","type-page","status-publish","hentry"],"acf":[],"_links":{"self":[{"href":"https:\/\/www.customywear.com\/fr\/wp-json\/wp\/v2\/pages\/7243","targetHints":{"allow":["GET"]}}],"collection":[{"href":"https:\/\/www.customywear.com\/fr\/wp-json\/wp\/v2\/pages"}],"about":[{"href":"https:\/\/www.customywear.com\/fr\/wp-json\/wp\/v2\/types\/page"}],"author":[{"embeddable":true,"href":"https:\/\/www.customywear.com\/fr\/wp-json\/wp\/v2\/users\/2"}],"replies":[{"embeddable":true,"href":"https:\/\/www.customywear.com\/fr\/wp-json\/wp\/v2\/comments?post=7243"}],"version-history":[{"count":0,"href":"https:\/\/www.customywear.com\/fr\/wp-json\/wp\/v2\/pages\/7243\/revisions"}],"wp:attachment":[{"href":"https:\/\/www.customywear.com\/fr\/wp-json\/wp\/v2\/media?parent=7243"}],"curies":[{"name":"wp","href":"https:\/\/api.w.org\/{rel}","templated":true}]}}