{"id":127477,"date":"2025-02-18T10:29:50","date_gmt":"2025-02-18T10:29:50","guid":{"rendered":"https:\/\/www.customywear.com\/?post_type=product&#038;p=127477"},"modified":"2026-05-07T15:29:41","modified_gmt":"2026-05-07T15:29:41","slug":"t-shirt-neon-led-personnalise-pour-garcons","status":"publish","type":"product","link":"https:\/\/www.customywear.com\/fr\/custom-neon-led-tshirt-boys\/","title":{"rendered":"Personnalis\u00e9 N\u00e9on LED T-Shirt pour les Gar\u00e7ons \u2013 Photo Personnalis\u00e9 T\u00e9 de Caract\u00e8re, Unique de Cadeau pour les Enfants"},"content":{"rendered":"<h2 class=\"wp-block-heading\">Transformez les photos de votre enfant<\/h2>\r\n<p>Donnez vie \u00e0 l&#039;imagination de votre enfant avec notre t-shirt n\u00e9on LED personnalis\u00e9 pour jeunes gar\u00e7ons\u00a0! Nos artistes qualifi\u00e9s transformeront num\u00e9riquement leurs photos en un personnage lumineux \u00e9clatant, pour une touche unique et personnelle.<\/p>\r\n<h2>Parfait pour toutes les occasions<\/h2>\r\n<p>Ce t-shirt personnalis\u00e9 est un cadeau id\u00e9al pour les amateurs de n\u00e9ons LED ou pour les occasions sp\u00e9ciales comme un anniversaire, No\u00ebl ou un mariage. Votre enfant adorera porter son design unique partout o\u00f9 il ira\u00a0!<\/p>\r\n<h2>Une qualit\u00e9 qui dure<\/h2>\r\n<p>Fabriqu\u00e9s en 100 % coton doux, nos t-shirts offrent un confort optimal. Leur qualit\u00e9 premium garantit une grande durabilit\u00e9, tandis que l&#039;impression directe sur v\u00eatement de haute qualit\u00e9 garantit des motifs \u00e9clatants et durables. D\u00e9marquez-vous d\u00e8s aujourd&#039;hui avec notre t-shirt n\u00e9on LED personnalis\u00e9\u00a0!<\/p>\r\n<p><strong>Avertissement:<\/strong> Ce t-shirt ne brille pas. Il s&#039;agit d&#039;une \u0153uvre d&#039;art de style n\u00e9on.<\/p>","protected":false},"excerpt":{"rendered":"<p>Brillez avec un t-shirt personnalis\u00e9 au n\u00e9on LED pour les gar\u00e7ons. Les t-shirts personnalis\u00e9s transforment les photos en dessins de personnages au n\u00e9on vibrants pour les enfants.<\/p>","protected":false},"featured_media":127698,"comment_status":"open","ping_status":"closed","template":"","meta":{"_acf_changed":false},"product_brand":[],"product_cat":[6189,6314,6412,6428],"product_tag":[6433,6439,6221,6330],"class_list":{"0":"post-127477","1":"product","2":"type-product","3":"status-publish","4":"has-post-thumbnail","6":"product_cat-boys-t-shirts","7":"product_cat-custom-gifts-neon-led","8":"product_cat-photo-to-tees","9":"product_cat-translate-products","10":"product_tag-ai-artwork","11":"product_tag-ai-kids-artwork","12":"product_tag-custom-t-shirts-near-me","13":"product_tag-photo-print-t-shirt-for-boys","15":"first","16":"instock","17":"taxable","18":"shipping-taxable","19":"purchasable","20":"product-type-simple"},"acf":[],"wcpa_form_fields":null,"_links":{"self":[{"href":"https:\/\/www.customywear.com\/fr\/wp-json\/wp\/v2\/product\/127477","targetHints":{"allow":["GET"]}}],"collection":[{"href":"https:\/\/www.customywear.com\/fr\/wp-json\/wp\/v2\/product"}],"about":[{"href":"https:\/\/www.customywear.com\/fr\/wp-json\/wp\/v2\/types\/product"}],"replies":[{"embeddable":true,"href":"https:\/\/www.customywear.com\/fr\/wp-json\/wp\/v2\/comments?post=127477"}],"wp:featuredmedia":[{"embeddable":true,"href":"https:\/\/www.customywear.com\/fr\/wp-json\/wp\/v2\/media\/127698"}],"wp:attachment":[{"href":"https:\/\/www.customywear.com\/fr\/wp-json\/wp\/v2\/media?parent=127477"}],"wp:term":[{"taxonomy":"product_brand","embeddable":true,"href":"https:\/\/www.customywear.com\/fr\/wp-json\/wp\/v2\/product_brand?post=127477"},{"taxonomy":"product_cat","embeddable":true,"href":"https:\/\/www.customywear.com\/fr\/wp-json\/wp\/v2\/product_cat?post=127477"},{"taxonomy":"product_tag","embeddable":true,"href":"https:\/\/www.customywear.com\/fr\/wp-json\/wp\/v2\/product_tag?post=127477"}],"curies":[{"name":"wp","href":"https:\/\/api.w.org\/{rel}","templated":true}]}}