{"id":129028,"date":"2025-03-29T13:55:40","date_gmt":"2025-03-29T13:55:40","guid":{"rendered":"https:\/\/www.customywear.com\/?post_type=product&#038;p=129028"},"modified":"2026-05-07T15:29:41","modified_gmt":"2026-05-07T15:29:41","slug":"t-shirt-personnalise-a-theme-francais-pour-enfants","status":"publish","type":"product","link":"https:\/\/www.customywear.com\/fr\/custom-french-themed-tshirt-kids\/","title":{"rendered":"T-shirt personnalis\u00e9 \u00e0 th\u00e8me fran\u00e7ais pour enfants \u2013 T-shirt photo personnalis\u00e9 avec personnage"},"content":{"rendered":"<p>Transformez la photo pr\u00e9f\u00e9r\u00e9e de votre enfant en un superbe t-shirt personnalis\u00e9 aux couleurs de la France ! Ce design unique met en sc\u00e8ne votre enfant, un Fran\u00e7ais \u00e0 la mode, aux couleurs du drapeau fran\u00e7ais, sur un fond color\u00e9 et charmant d&#039;inspiration fran\u00e7aise. Fabriqu\u00e9 en 100 % coton doux, ce t-shirt de qualit\u00e9 sup\u00e9rieure est non seulement agr\u00e9able au toucher, mais b\u00e9n\u00e9ficie \u00e9galement d&#039;une impression DTG de haute qualit\u00e9 pour des motifs \u00e9clatants et durables. Un cadeau id\u00e9al pour les passionn\u00e9s de culture fran\u00e7aise, les voyageurs en herbe ou pour des occasions sp\u00e9ciales comme les anniversaires, No\u00ebl et les mariages. Chaque pi\u00e8ce est r\u00e9alis\u00e9e individuellement par des artistes qualifi\u00e9s, garantissant ainsi un design unique !<\/p>","protected":false},"excerpt":{"rendered":"<p>Honorez la tradition avec un t-shirt personnalis\u00e9 sur le th\u00e8me fran\u00e7ais pour les enfants. Les t-shirts de caract\u00e8re personnalis\u00e9s transforment n'importe quelle photo en un t-shirt amusant et unique.<\/p>","protected":false},"featured_media":129238,"comment_status":"open","ping_status":"closed","template":"","meta":{"_acf_changed":false},"product_brand":[],"product_cat":[6193,6320,152,6412,6428,58],"product_tag":[6433,6439,6331,6221],"class_list":{"0":"post-129028","1":"product","2":"type-product","3":"status-publish","4":"has-post-thumbnail","6":"product_cat-girls-t-shirts","7":"product_cat-custom-gifts-french-culture","8":"product_cat-girls","9":"product_cat-photo-to-tees","10":"product_cat-translate-products","11":"product_cat-youth-kids","12":"product_tag-ai-artwork","13":"product_tag-ai-kids-artwork","14":"product_tag-custom-picture-t-shirt-for-girls","15":"product_tag-custom-t-shirts-near-me","17":"first","18":"instock","19":"taxable","20":"shipping-taxable","21":"purchasable","22":"product-type-simple"},"acf":[],"wcpa_form_fields":null,"_links":{"self":[{"href":"https:\/\/www.customywear.com\/fr\/wp-json\/wp\/v2\/product\/129028","targetHints":{"allow":["GET"]}}],"collection":[{"href":"https:\/\/www.customywear.com\/fr\/wp-json\/wp\/v2\/product"}],"about":[{"href":"https:\/\/www.customywear.com\/fr\/wp-json\/wp\/v2\/types\/product"}],"replies":[{"embeddable":true,"href":"https:\/\/www.customywear.com\/fr\/wp-json\/wp\/v2\/comments?post=129028"}],"wp:featuredmedia":[{"embeddable":true,"href":"https:\/\/www.customywear.com\/fr\/wp-json\/wp\/v2\/media\/129238"}],"wp:attachment":[{"href":"https:\/\/www.customywear.com\/fr\/wp-json\/wp\/v2\/media?parent=129028"}],"wp:term":[{"taxonomy":"product_brand","embeddable":true,"href":"https:\/\/www.customywear.com\/fr\/wp-json\/wp\/v2\/product_brand?post=129028"},{"taxonomy":"product_cat","embeddable":true,"href":"https:\/\/www.customywear.com\/fr\/wp-json\/wp\/v2\/product_cat?post=129028"},{"taxonomy":"product_tag","embeddable":true,"href":"https:\/\/www.customywear.com\/fr\/wp-json\/wp\/v2\/product_tag?post=129028"}],"curies":[{"name":"wp","href":"https:\/\/api.w.org\/{rel}","templated":true}]}}