{"id":129045,"date":"2025-03-29T13:55:41","date_gmt":"2025-03-29T13:55:41","guid":{"rendered":"https:\/\/www.customywear.com\/?post_type=product&#038;p=129045"},"modified":"2026-05-07T15:29:32","modified_gmt":"2026-05-07T15:29:32","slug":"t-shirt-personnalise-a-theme-francais-pour-garcons","status":"publish","type":"product","link":"https:\/\/www.customywear.com\/fr\/custom-french-themed-tshirt-boys\/","title":{"rendered":"Custom fran\u00e7ais sur le Th\u00e8me de T-Shirt pour les Gar\u00e7ons \u2013 Photo Personnalis\u00e9 T\u00e9 de Caract\u00e8re"},"content":{"rendered":"<p>Transformez la photo de votre enfant en un personnage vibrant et personnalis\u00e9, habill\u00e9 aux couleurs du drapeau fran\u00e7ais, sur fond d&#039;un magnifique d\u00e9cor artistique fran\u00e7ais. Ce t-shirt personnalis\u00e9 est confectionn\u00e9 en 100 % coton doux, gage de confort et de style. Son impression DTG de haute qualit\u00e9 lui conf\u00e8re un design durable et accrocheur. Cadeau id\u00e9al pour un anniversaire, No\u00ebl ou un mariage, cette pi\u00e8ce unique est id\u00e9ale pour les jeunes gar\u00e7ons qui aiment la culture fran\u00e7aise ou r\u00eavent de voyager en France.<\/p>","protected":false},"excerpt":{"rendered":"<p>Montrez le flair fran\u00e7ais avec un t-shirt personnalis\u00e9 sur le th\u00e8me fran\u00e7ais pour les gar\u00e7ons. Les t-shirts de caract\u00e8res personnalis\u00e9s transforment n'importe quelle photo en un t-shirt unique en son genre.<\/p>","protected":false},"featured_media":129217,"comment_status":"open","ping_status":"closed","template":"","meta":{"_acf_changed":false},"product_brand":[],"product_cat":[6189,6320,6412,6428],"product_tag":[6433,6439,6221,6330],"class_list":{"0":"post-129045","1":"product","2":"type-product","3":"status-publish","4":"has-post-thumbnail","6":"product_cat-boys-t-shirts","7":"product_cat-custom-gifts-french-culture","8":"product_cat-photo-to-tees","9":"product_cat-translate-products","10":"product_tag-ai-artwork","11":"product_tag-ai-kids-artwork","12":"product_tag-custom-t-shirts-near-me","13":"product_tag-photo-print-t-shirt-for-boys","15":"first","16":"instock","17":"taxable","18":"shipping-taxable","19":"purchasable","20":"product-type-simple"},"acf":[],"wcpa_form_fields":null,"_links":{"self":[{"href":"https:\/\/www.customywear.com\/fr\/wp-json\/wp\/v2\/product\/129045","targetHints":{"allow":["GET"]}}],"collection":[{"href":"https:\/\/www.customywear.com\/fr\/wp-json\/wp\/v2\/product"}],"about":[{"href":"https:\/\/www.customywear.com\/fr\/wp-json\/wp\/v2\/types\/product"}],"replies":[{"embeddable":true,"href":"https:\/\/www.customywear.com\/fr\/wp-json\/wp\/v2\/comments?post=129045"}],"wp:featuredmedia":[{"embeddable":true,"href":"https:\/\/www.customywear.com\/fr\/wp-json\/wp\/v2\/media\/129217"}],"wp:attachment":[{"href":"https:\/\/www.customywear.com\/fr\/wp-json\/wp\/v2\/media?parent=129045"}],"wp:term":[{"taxonomy":"product_brand","embeddable":true,"href":"https:\/\/www.customywear.com\/fr\/wp-json\/wp\/v2\/product_brand?post=129045"},{"taxonomy":"product_cat","embeddable":true,"href":"https:\/\/www.customywear.com\/fr\/wp-json\/wp\/v2\/product_cat?post=129045"},{"taxonomy":"product_tag","embeddable":true,"href":"https:\/\/www.customywear.com\/fr\/wp-json\/wp\/v2\/product_tag?post=129045"}],"curies":[{"name":"wp","href":"https:\/\/api.w.org\/{rel}","templated":true}]}}