{"id":129109,"date":"2025-03-29T13:55:42","date_gmt":"2025-03-29T13:55:42","guid":{"rendered":"https:\/\/www.customywear.com\/?post_type=product&#038;p=129109"},"modified":"2026-05-05T20:23:26","modified_gmt":"2026-05-05T20:23:26","slug":"t-shirt-personnalise-a-theme-francais-pour-femme","status":"publish","type":"product","link":"https:\/\/www.customywear.com\/fr\/custom-french-themed-tshirt-women\/","title":{"rendered":"Custom fran\u00e7ais sur le Th\u00e8me de T-Shirt pour les Femmes \u2013 Photo Personnalis\u00e9 T\u00e9 de Caract\u00e8re"},"content":{"rendered":"<p>Adoptez le charme de la France avec notre t-shirt personnalis\u00e9 pour femme ! Transformez votre photo pr\u00e9f\u00e9r\u00e9e en un personnage vibrant et personnalis\u00e9, v\u00eatu des couleurs du drapeau fran\u00e7ais, sur fond de terrain de jeu fran\u00e7ais. Confectionn\u00e9 en 100 % coton doux, ce t-shirt de qualit\u00e9 sup\u00e9rieure b\u00e9n\u00e9ficie d&#039;une impression DTG de haute qualit\u00e9 pour des motifs vibrants et durables qui refl\u00e8tent votre style unique. Un cadeau id\u00e9al pour un anniversaire, No\u00ebl, un mariage, ou tout simplement pour celles qui ch\u00e9rissent la culture fran\u00e7aise et r\u00eavent de voyager en France.<\/p>","protected":false},"excerpt":{"rendered":"<p>\u00c9levez la mode avec un t-shirt personnalis\u00e9 sur le th\u00e8me fran\u00e7ais pour les femmes. Les t-shirts de caract\u00e8re personnalis\u00e9s transforment n'importe quelle photo en un t-shirt \u00e9l\u00e9gant et unique en son genre.<\/p>","protected":false},"featured_media":129196,"comment_status":"open","ping_status":"closed","template":"","meta":{"_acf_changed":false},"product_brand":[],"product_cat":[6191,6320,6412,6428,75,6358,6355],"product_tag":[6214,6433,6328,229,6215],"class_list":{"0":"post-129109","1":"product","2":"type-product","3":"status-publish","4":"has-post-thumbnail","6":"product_cat-t-shirts-women","7":"product_cat-custom-gifts-french-culture","8":"product_cat-photo-to-tees","9":"product_cat-translate-products","10":"product_cat-women","11":"product_cat-womens-anniversary-t-shirts","12":"product_cat-womens-culture-country-t-shirts","13":"product_tag-affordable-custom-t-shirts","14":"product_tag-ai-artwork","15":"product_tag-custom-image-t-shirt-for-women","16":"product_tag-custom-tee-shirts","17":"product_tag-screen-printing-near-me","19":"first","20":"instock","21":"taxable","22":"shipping-taxable","23":"purchasable","24":"product-type-simple"},"acf":[],"wcpa_form_fields":null,"_links":{"self":[{"href":"https:\/\/www.customywear.com\/fr\/wp-json\/wp\/v2\/product\/129109","targetHints":{"allow":["GET"]}}],"collection":[{"href":"https:\/\/www.customywear.com\/fr\/wp-json\/wp\/v2\/product"}],"about":[{"href":"https:\/\/www.customywear.com\/fr\/wp-json\/wp\/v2\/types\/product"}],"replies":[{"embeddable":true,"href":"https:\/\/www.customywear.com\/fr\/wp-json\/wp\/v2\/comments?post=129109"}],"wp:featuredmedia":[{"embeddable":true,"href":"https:\/\/www.customywear.com\/fr\/wp-json\/wp\/v2\/media\/129196"}],"wp:attachment":[{"href":"https:\/\/www.customywear.com\/fr\/wp-json\/wp\/v2\/media?parent=129109"}],"wp:term":[{"taxonomy":"product_brand","embeddable":true,"href":"https:\/\/www.customywear.com\/fr\/wp-json\/wp\/v2\/product_brand?post=129109"},{"taxonomy":"product_cat","embeddable":true,"href":"https:\/\/www.customywear.com\/fr\/wp-json\/wp\/v2\/product_cat?post=129109"},{"taxonomy":"product_tag","embeddable":true,"href":"https:\/\/www.customywear.com\/fr\/wp-json\/wp\/v2\/product_tag?post=129109"}],"curies":[{"name":"wp","href":"https:\/\/api.w.org\/{rel}","templated":true}]}}