{"id":129387,"date":"2025-04-10T09:32:17","date_gmt":"2025-04-10T09:32:17","guid":{"rendered":"https:\/\/www.customywear.com\/?post_type=product&#038;p=129387"},"modified":"2026-05-07T15:29:31","modified_gmt":"2026-05-07T15:29:31","slug":"t-shirt-de-voiture-de-course-personnalise-pour-petite-fille","status":"publish","type":"product","link":"https:\/\/www.customywear.com\/fr\/toddler-girl-custom-race-car-shirt\/","title":{"rendered":"T-shirt de course personnalis\u00e9 pour petite fille \u2013 T-shirt pilote de course personnalis\u00e9 avec la photo de votre enfant | Cadeau unique pour les petites bolides"},"content":{"rendered":"<p>Augmentez le plaisir avec notre <strong data-start=\"472\" data-end=\"525\">T-shirt de pilote de course personnalis\u00e9 pour tout-petits<\/strong>, o\u00f9 la photo de votre enfant devient la pi\u00e8ce ma\u00eetresse d&#039;une sc\u00e8ne de course automobile palpitante ! Fabriqu\u00e9 en 100 % coton ultra-doux, ce t-shirt personnalis\u00e9 allie confort durable et impression DTG de haute qualit\u00e9 pour des couleurs \u00e9clatantes qui r\u00e9sistent \u00e0 d&#039;innombrables aventures. Chaque t-shirt est confectionn\u00e9 de mani\u00e8re unique par des artistes qui transforment votre tout-petit en h\u00e9ros de course, ce qui en fait le cadeau personnalis\u00e9 id\u00e9al pour les anniversaires, les f\u00eates ou tout simplement pour faire plaisir. Laissez votre enfant porter fi\u00e8rement ses r\u00eaves de course !<\/p>","protected":false},"excerpt":{"rendered":"<p>Fuel speed with a Personalized Toddler Girl Racing T-Shirt. Custom Race Car Driver Tees with Your Kid&#8217;s Photo transform any photo into a playful, one-of-a-kind t-shirt.<\/p>","protected":false},"featured_media":129589,"comment_status":"open","ping_status":"closed","template":"","meta":{"_acf_changed":false},"product_brand":[],"product_cat":[6207,6323,6412,6428],"product_tag":[6433,6439,6221],"class_list":{"0":"post-129387","1":"product","2":"type-product","3":"status-publish","4":"has-post-thumbnail","6":"product_cat-toddler-girl-t-shirts","7":"product_cat-custom-gifts-formula-1-racing-car","8":"product_cat-photo-to-tees","9":"product_cat-translate-products","10":"product_tag-ai-artwork","11":"product_tag-ai-kids-artwork","12":"product_tag-custom-t-shirts-near-me","14":"first","15":"instock","16":"taxable","17":"shipping-taxable","18":"purchasable","19":"product-type-simple"},"acf":[],"wcpa_form_fields":null,"_links":{"self":[{"href":"https:\/\/www.customywear.com\/fr\/wp-json\/wp\/v2\/product\/129387","targetHints":{"allow":["GET"]}}],"collection":[{"href":"https:\/\/www.customywear.com\/fr\/wp-json\/wp\/v2\/product"}],"about":[{"href":"https:\/\/www.customywear.com\/fr\/wp-json\/wp\/v2\/types\/product"}],"replies":[{"embeddable":true,"href":"https:\/\/www.customywear.com\/fr\/wp-json\/wp\/v2\/comments?post=129387"}],"wp:featuredmedia":[{"embeddable":true,"href":"https:\/\/www.customywear.com\/fr\/wp-json\/wp\/v2\/media\/129589"}],"wp:attachment":[{"href":"https:\/\/www.customywear.com\/fr\/wp-json\/wp\/v2\/media?parent=129387"}],"wp:term":[{"taxonomy":"product_brand","embeddable":true,"href":"https:\/\/www.customywear.com\/fr\/wp-json\/wp\/v2\/product_brand?post=129387"},{"taxonomy":"product_cat","embeddable":true,"href":"https:\/\/www.customywear.com\/fr\/wp-json\/wp\/v2\/product_cat?post=129387"},{"taxonomy":"product_tag","embeddable":true,"href":"https:\/\/www.customywear.com\/fr\/wp-json\/wp\/v2\/product_tag?post=129387"}],"curies":[{"name":"wp","href":"https:\/\/api.w.org\/{rel}","templated":true}]}}