{"id":129443,"date":"2025-04-10T09:32:18","date_gmt":"2025-04-10T09:32:18","guid":{"rendered":"https:\/\/www.customywear.com\/?post_type=product&#038;p=129443"},"modified":"2026-05-05T20:23:26","modified_gmt":"2026-05-05T20:23:26","slug":"t-shirt-de-pilote-de-course-personnalise-pour-femme","status":"publish","type":"product","link":"https:\/\/www.customywear.com\/fr\/custom-womens-racing-car-driver-tshirt\/","title":{"rendered":"Personnalis\u00e9 Femme Pilote de Voiture de Course T-Shirt \u2013 Photo Personnalis\u00e9 Cadeau pour les Femmes, les Fans de Course, les Amoureux de la Voiture, les Amateurs de Vitesse"},"content":{"rendered":"<p>R\u00e9v\u00e9lez la pilote qui sommeille en vous avec ce t-shirt personnalis\u00e9 Pro Racing Car Driver pour femme, con\u00e7u pour exprimer votre passion pour la vitesse et le style. Avec votre photo transform\u00e9e en \u0153uvre d&#039;art num\u00e9rique \u00e9poustouflante, ce t-shirt personnalis\u00e9 vous fera devenir la star du circuit. Fabriqu\u00e9 en 100 % coton premium, il est doux, r\u00e9sistant et parfait au quotidien comme pour les \u00e9v\u00e9nements sp\u00e9ciaux sur le th\u00e8me de l&#039;automobile. Que vous l&#039;offriez \u00e0 un passionn\u00e9 de course automobile ou que vous vous fassiez plaisir, ce t-shirt unique est une fa\u00e7on audacieuse de c\u00e9l\u00e9brer votre passion pour le sport automobile.<\/p>","protected":false},"excerpt":{"rendered":"<p>C\u00e9l\u00e9brez les speedsters pour femmes avec un t-shirt de pilote de voiture de course pour femmes personnalis\u00e9. Les cadeaux photo personnalis\u00e9s transforment n'importe quelle photo en un t-shirt amusant et unique pour les amateurs de voitures.<\/p>","protected":false},"featured_media":129526,"comment_status":"open","ping_status":"closed","template":"","meta":{"_acf_changed":false},"product_brand":[],"product_cat":[6191,6323,6412,6428,75,6352],"product_tag":[6214,6433,6328,229,6215],"class_list":{"0":"post-129443","1":"product","2":"type-product","3":"status-publish","4":"has-post-thumbnail","6":"product_cat-t-shirts-women","7":"product_cat-custom-gifts-formula-1-racing-car","8":"product_cat-photo-to-tees","9":"product_cat-translate-products","10":"product_cat-women","11":"product_cat-womens-sports-t-shirts","12":"product_tag-affordable-custom-t-shirts","13":"product_tag-ai-artwork","14":"product_tag-custom-image-t-shirt-for-women","15":"product_tag-custom-tee-shirts","16":"product_tag-screen-printing-near-me","18":"first","19":"instock","20":"taxable","21":"shipping-taxable","22":"purchasable","23":"product-type-simple"},"acf":[],"wcpa_form_fields":null,"_links":{"self":[{"href":"https:\/\/www.customywear.com\/fr\/wp-json\/wp\/v2\/product\/129443","targetHints":{"allow":["GET"]}}],"collection":[{"href":"https:\/\/www.customywear.com\/fr\/wp-json\/wp\/v2\/product"}],"about":[{"href":"https:\/\/www.customywear.com\/fr\/wp-json\/wp\/v2\/types\/product"}],"replies":[{"embeddable":true,"href":"https:\/\/www.customywear.com\/fr\/wp-json\/wp\/v2\/comments?post=129443"}],"wp:featuredmedia":[{"embeddable":true,"href":"https:\/\/www.customywear.com\/fr\/wp-json\/wp\/v2\/media\/129526"}],"wp:attachment":[{"href":"https:\/\/www.customywear.com\/fr\/wp-json\/wp\/v2\/media?parent=129443"}],"wp:term":[{"taxonomy":"product_brand","embeddable":true,"href":"https:\/\/www.customywear.com\/fr\/wp-json\/wp\/v2\/product_brand?post=129443"},{"taxonomy":"product_cat","embeddable":true,"href":"https:\/\/www.customywear.com\/fr\/wp-json\/wp\/v2\/product_cat?post=129443"},{"taxonomy":"product_tag","embeddable":true,"href":"https:\/\/www.customywear.com\/fr\/wp-json\/wp\/v2\/product_tag?post=129443"}],"curies":[{"name":"wp","href":"https:\/\/api.w.org\/{rel}","templated":true}]}}