{"id":129649,"date":"2025-04-11T12:47:14","date_gmt":"2025-04-11T12:47:14","guid":{"rendered":"https:\/\/www.customywear.com\/?post_type=product&#038;p=129649"},"modified":"2026-05-07T15:29:31","modified_gmt":"2026-05-07T15:29:31","slug":"t-shirt-duniforme-militaire-personnalise-pour-garcon","status":"publish","type":"product","link":"https:\/\/www.customywear.com\/fr\/boys-custom-military-uniform-tshirt\/","title":{"rendered":"T-shirt d&#039;uniforme militaire personnalis\u00e9 pour gar\u00e7on \u2013 Cadeau personnalis\u00e9 avec photo, motif h\u00e9ros unique pour enfants"},"content":{"rendered":"<p class=\"\" data-start=\"416\" data-end=\"965\">Transformez votre enfant en petit h\u00e9ros avec notre t-shirt d&#039;uniforme militaire personnalis\u00e9 pour gar\u00e7on, o\u00f9 cr\u00e9ativit\u00e9 et personnalisation se rencontrent. \u00c0 partir de la photo de votre enfant, nous cr\u00e9ons un personnage militaire illustr\u00e9 num\u00e9riquement, v\u00eatu de son \u00e9quipement militaire et dans un d\u00e9cor de champ de bataille audacieux. Fabriqu\u00e9 en 100 % coton doux et imprim\u00e9 gr\u00e2ce \u00e0 la technologie DTG, ce t-shirt est aussi confortable qu&#039;attrayant. Id\u00e9al pour les anniversaires, les d\u00e9guisements ou tout simplement pour c\u00e9l\u00e9brer la passion des aventures militaires, ce t-shirt personnalis\u00e9 est un cadeau significatif et captivant que les enfants adoreront.<\/p>","protected":false},"excerpt":{"rendered":"<p>Show heroism with a Boy&#8217;s Custom Military Uniform T-Shirt. Personalized Army Character Gifts turn any photo into a bold, one-of-a-kind t-shirt.<\/p>","protected":false},"featured_media":129781,"comment_status":"open","ping_status":"closed","template":"","meta":{"_acf_changed":false},"product_brand":[],"product_cat":[6189,6324,6412,6428],"product_tag":[6433,6439,6221,6330],"class_list":{"0":"post-129649","1":"product","2":"type-product","3":"status-publish","4":"has-post-thumbnail","6":"product_cat-boys-t-shirts","7":"product_cat-custom-gifts-ai-army","8":"product_cat-photo-to-tees","9":"product_cat-translate-products","10":"product_tag-ai-artwork","11":"product_tag-ai-kids-artwork","12":"product_tag-custom-t-shirts-near-me","13":"product_tag-photo-print-t-shirt-for-boys","15":"first","16":"instock","17":"taxable","18":"shipping-taxable","19":"purchasable","20":"product-type-simple"},"acf":[],"wcpa_form_fields":null,"_links":{"self":[{"href":"https:\/\/www.customywear.com\/fr\/wp-json\/wp\/v2\/product\/129649","targetHints":{"allow":["GET"]}}],"collection":[{"href":"https:\/\/www.customywear.com\/fr\/wp-json\/wp\/v2\/product"}],"about":[{"href":"https:\/\/www.customywear.com\/fr\/wp-json\/wp\/v2\/types\/product"}],"replies":[{"embeddable":true,"href":"https:\/\/www.customywear.com\/fr\/wp-json\/wp\/v2\/comments?post=129649"}],"wp:featuredmedia":[{"embeddable":true,"href":"https:\/\/www.customywear.com\/fr\/wp-json\/wp\/v2\/media\/129781"}],"wp:attachment":[{"href":"https:\/\/www.customywear.com\/fr\/wp-json\/wp\/v2\/media?parent=129649"}],"wp:term":[{"taxonomy":"product_brand","embeddable":true,"href":"https:\/\/www.customywear.com\/fr\/wp-json\/wp\/v2\/product_brand?post=129649"},{"taxonomy":"product_cat","embeddable":true,"href":"https:\/\/www.customywear.com\/fr\/wp-json\/wp\/v2\/product_cat?post=129649"},{"taxonomy":"product_tag","embeddable":true,"href":"https:\/\/www.customywear.com\/fr\/wp-json\/wp\/v2\/product_tag?post=129649"}],"curies":[{"name":"wp","href":"https:\/\/api.w.org\/{rel}","templated":true}]}}