{"id":129706,"date":"2025-04-11T12:47:15","date_gmt":"2025-04-11T12:47:15","guid":{"rendered":"https:\/\/www.customywear.com\/?post_type=product&#038;p=129706"},"modified":"2026-05-05T20:24:06","modified_gmt":"2026-05-05T20:24:06","slug":"t-shirt-photo-militaire-personnalise-pour-homme","status":"publish","type":"product","link":"https:\/\/www.customywear.com\/fr\/custom-military-photo-t-shirt-men\/","title":{"rendered":"La coutume Militaire de Photo de T-Shirt pour les Hommes \u2013 de-Cadeau Personnalis\u00e9e pour les Soldats &amp; des anciens combattants, Unique de l&#039;Arm\u00e9e sur le Th\u00e8me de l&#039;Illustration Tee"},"content":{"rendered":"<p>C\u00e9l\u00e9brer la gloire militaire avec notre Coutume des Hommes Personnalis\u00e9 Militaire Photo T-Shirt, un cadeau parfait pour les soldats, les anciens combattants et les militaires en amoureux. Il suffit de t\u00e9l\u00e9charger une photo, et nous allons le transformer en un magnifique arm\u00e9e de caract\u00e8re illustration situ\u00e9 dans un champ de bataille r\u00e9alistes sc\u00e8ne. Con\u00e7u \u00e0 partir de 100% coton et imprim\u00e9 \u00e0 l&#039;aide de haute qualit\u00e9 DTG techniques, cette chemise offre imbattable de confort, de respirabilit\u00e9 et de dynamique, d&#039;une dur\u00e9e de d\u00e9tail. Que ce soit pour les anniversaires, les anniversaires, graduations, ou juste parce\u2014qu&#039;ils vont le porter avec fiert\u00e9 et de joie.<\/p>","protected":false},"excerpt":{"rendered":"<p>Honorer les anciens combattants avec un t-shirt photo militaire personnalis\u00e9 pour les hommes. Les t-shirts personnalis\u00e9s sur le th\u00e8me de l'arm\u00e9e transforment n'importe quelle photo en un t-shirt audacieux et unique en son genre.<\/p>","protected":false},"featured_media":129739,"comment_status":"open","ping_status":"closed","template":"","meta":{"_acf_changed":false},"product_brand":[],"product_cat":[6195,6324,186,6341,6412,6428],"product_tag":[6433,6327,6216],"class_list":{"0":"post-129706","1":"product","2":"type-product","3":"status-publish","4":"has-post-thumbnail","6":"product_cat-t-shirts-men","7":"product_cat-custom-gifts-ai-army","8":"product_cat-men","9":"product_cat-mens-profession-t-shirts","10":"product_cat-photo-to-tees","11":"product_cat-translate-products","12":"product_tag-ai-artwork","13":"product_tag-custom-photo-t-shirt-for-men","14":"product_tag-mens-custom-t-shirts","16":"first","17":"instock","18":"taxable","19":"shipping-taxable","20":"purchasable","21":"product-type-simple"},"acf":[],"wcpa_form_fields":null,"_links":{"self":[{"href":"https:\/\/www.customywear.com\/fr\/wp-json\/wp\/v2\/product\/129706","targetHints":{"allow":["GET"]}}],"collection":[{"href":"https:\/\/www.customywear.com\/fr\/wp-json\/wp\/v2\/product"}],"about":[{"href":"https:\/\/www.customywear.com\/fr\/wp-json\/wp\/v2\/types\/product"}],"replies":[{"embeddable":true,"href":"https:\/\/www.customywear.com\/fr\/wp-json\/wp\/v2\/comments?post=129706"}],"wp:featuredmedia":[{"embeddable":true,"href":"https:\/\/www.customywear.com\/fr\/wp-json\/wp\/v2\/media\/129739"}],"wp:attachment":[{"href":"https:\/\/www.customywear.com\/fr\/wp-json\/wp\/v2\/media?parent=129706"}],"wp:term":[{"taxonomy":"product_brand","embeddable":true,"href":"https:\/\/www.customywear.com\/fr\/wp-json\/wp\/v2\/product_brand?post=129706"},{"taxonomy":"product_cat","embeddable":true,"href":"https:\/\/www.customywear.com\/fr\/wp-json\/wp\/v2\/product_cat?post=129706"},{"taxonomy":"product_tag","embeddable":true,"href":"https:\/\/www.customywear.com\/fr\/wp-json\/wp\/v2\/product_tag?post=129706"}],"curies":[{"name":"wp","href":"https:\/\/api.w.org\/{rel}","templated":true}]}}