{"id":130196,"date":"2025-04-25T11:07:10","date_gmt":"2025-04-25T11:07:10","guid":{"rendered":"https:\/\/www.customywear.com\/?post_type=product&#038;p=130196"},"modified":"2026-05-07T15:29:31","modified_gmt":"2026-05-07T15:29:31","slug":"tshirt-garcon-chef-personnalise","status":"publish","type":"product","link":"https:\/\/www.customywear.com\/fr\/custom-chef-tshirt-for-boys\/","title":{"rendered":"La coutume de Cuisine Chef de T-Shirt pour les Gar\u00e7ons \u2013 Cadeau Personnalis\u00e9 pour les Jeunes Chefs, les Futurs Grill Ma\u00eetres, de la P\u00e2tisserie Artistes et les \u00c9tudiants en art Culinaire"},"content":{"rendered":"<p class=\"\" data-start=\"368\" data-end=\"963\">Inspirer votre enfant culinaire r\u00eaves avec notre Chef de Cuisine T-Shirt pour les Gar\u00e7ons, personnalis\u00e9 en mettant leur photo dans une dynamique de chef de cuisine \u0153uvre d&#039;art! Fait de 100% coton doux, ce durable, chemise confortable est parfait pour les jeunes chefs en herbe grill ma\u00eetres, de la p\u00e2tisserie des artistes, ou les \u00e9tudiants en art culinaire. Mettant en vedette premium DTG de l&#039;impression, de la conception vivante reste dynamique lavage apr\u00e8s lavage. Id\u00e9al pour les anniversaires, les vacances, les promotions ou toute c\u00e9l\u00e9bration, cette coutume fait de t-shirt d&#039;une r\u00e9flexion, de motivation cadeau qui permet aux enfants de porter leur passion avec fiert\u00e9!<\/p>","protected":false},"excerpt":{"rendered":"<p>Cook Up Fun avec un t-shirt de chef de cuisine personnalis\u00e9 pour les gar\u00e7ons. Les cadeaux personnalis\u00e9s transforment n'importe quelle photo en un t-shirt ludique et unique pour les jeunes chefs.<\/p>","protected":false},"featured_media":130325,"comment_status":"open","ping_status":"closed","template":"","meta":{"_acf_changed":false},"product_brand":[],"product_cat":[6189,6325,6412,6428],"product_tag":[6433,6439,6221,6330],"class_list":{"0":"post-130196","1":"product","2":"type-product","3":"status-publish","4":"has-post-thumbnail","6":"product_cat-boys-t-shirts","7":"product_cat-custom-gifts-chef-artworks","8":"product_cat-photo-to-tees","9":"product_cat-translate-products","10":"product_tag-ai-artwork","11":"product_tag-ai-kids-artwork","12":"product_tag-custom-t-shirts-near-me","13":"product_tag-photo-print-t-shirt-for-boys","15":"first","16":"instock","17":"taxable","18":"shipping-taxable","19":"purchasable","20":"product-type-simple"},"acf":[],"wcpa_form_fields":null,"_links":{"self":[{"href":"https:\/\/www.customywear.com\/fr\/wp-json\/wp\/v2\/product\/130196","targetHints":{"allow":["GET"]}}],"collection":[{"href":"https:\/\/www.customywear.com\/fr\/wp-json\/wp\/v2\/product"}],"about":[{"href":"https:\/\/www.customywear.com\/fr\/wp-json\/wp\/v2\/types\/product"}],"replies":[{"embeddable":true,"href":"https:\/\/www.customywear.com\/fr\/wp-json\/wp\/v2\/comments?post=130196"}],"wp:featuredmedia":[{"embeddable":true,"href":"https:\/\/www.customywear.com\/fr\/wp-json\/wp\/v2\/media\/130325"}],"wp:attachment":[{"href":"https:\/\/www.customywear.com\/fr\/wp-json\/wp\/v2\/media?parent=130196"}],"wp:term":[{"taxonomy":"product_brand","embeddable":true,"href":"https:\/\/www.customywear.com\/fr\/wp-json\/wp\/v2\/product_brand?post=130196"},{"taxonomy":"product_cat","embeddable":true,"href":"https:\/\/www.customywear.com\/fr\/wp-json\/wp\/v2\/product_cat?post=130196"},{"taxonomy":"product_tag","embeddable":true,"href":"https:\/\/www.customywear.com\/fr\/wp-json\/wp\/v2\/product_tag?post=130196"}],"curies":[{"name":"wp","href":"https:\/\/api.w.org\/{rel}","templated":true}]}}